{"id":9,"date":"2009-04-28T10:50:03","date_gmt":"2009-04-28T08:50:03","guid":{"rendered":"http:\/\/haugalandmuseene.no\/dbr\/?page_id=9"},"modified":"2010-06-29T12:10:38","modified_gmt":"2010-06-29T12:10:38","slug":"batliv","status":"publish","type":"page","link":"https:\/\/batreisende.no\/","title":{"rendered":"Om de b&aring;treisende"},"content":{"rendered":"<p>Romanifolket har v\u00e6rt en del av den norske befolkningen siden 1500-tallet. Romanifolket som levde og reiste langs kysten brukte b\u00e5ter som bolig og framkomstmiddel. Derfor blir de ofte kalt b\u00e5treisende. Den eldste beskrivelsen av b\u00e5treisende p\u00e5 Vestlandet\u00a0er fra 1600-tallet.<\/p>\n<p>P\u00e5 1900-tallet var det b\u00e5treisende langs hele kysten. Mange familier rodde\u00a0 i\u00a0\u00e5pne b\u00e5ter. De overnattet ofte i naust og uthus. Etter 1945 ble det vanlig med st\u00f8rre sk\u00f8yter som de kunne bo i. Noen bodde i b\u00e5t hele \u00e5ret, mens andre hadde vinterbosted p\u00e5 land.\u00a0<\/p>\n<p>Den norske staten og <em>Norsk Misjon blant hjeml\u00f8se<\/em> gjorde det vanskelig for romanifolket\u00a0\u00e5 fortsette med sin reisende livsstil. Veldig mange ble tvunget til en bofast tilv\u00e6relse. P\u00e5 1970-tallet flyttet de siste b\u00e5treisende p\u00e5 land.<\/p>\n","protected":false},"excerpt":{"rendered":"<p>Romanifolket har v\u00e6rt en del av den norske befolkningen siden 1500-tallet. Romanifolket som levde og reiste langs kysten brukte b\u00e5ter som bolig og framkomstmiddel. Derfor blir de ofte kalt b\u00e5treisende. Den eldste beskrivelsen av b\u00e5treisende p\u00e5 Vestlandet\u00a0er fra 1600-tallet.<\/p>\n<p>P\u00e5 1900-tallet var det b\u00e5treisende langs hele kysten. Mange familier rodde\u00a0 i\u00a0\u00e5pne b\u00e5ter. De overnattet ofte i naust og uthus. Etter 1945 ble det vanlig med st\u00f8rre sk\u00f8yter som de kunne bo i. Noen bodde i b\u00e5t hele \u00e5ret, mens andre hadde vinterbosted p\u00e5 land.\u00a0<\/p>\n<p>Den norske staten og <em>Norsk Misjon blant hjeml\u00f8se<\/em> gjorde det vanskelig for romanifolket\u00a0\u00e5 fortsette med sin reisende livsstil. Veldig mange ble tvunget til en bofast tilv\u00e6relse. P\u00e5 1970-tallet flyttet de siste b\u00e5treisende p\u00e5 land.<\/p>\n","protected":false},"author":1,"featured_media":0,"parent":0,"menu_order":0,"comment_status":"open","ping_status":"open","template":"","meta":[],"_links":{"self":[{"href":"https:\/\/batreisende.no\/index.php?rest_route=\/wp\/v2\/pages\/9"}],"collection":[{"href":"https:\/\/batreisende.no\/index.php?rest_route=\/wp\/v2\/pages"}],"about":[{"href":"https:\/\/batreisende.no\/index.php?rest_route=\/wp\/v2\/types\/page"}],"author":[{"embeddable":true,"href":"https:\/\/batreisende.no\/index.php?rest_route=\/wp\/v2\/users\/1"}],"replies":[{"embeddable":true,"href":"https:\/\/batreisende.no\/index.php?rest_route=%2Fwp%2Fv2%2Fcomments&post=9"}],"version-history":[{"count":37,"href":"https:\/\/batreisende.no\/index.php?rest_route=\/wp\/v2\/pages\/9\/revisions"}],"predecessor-version":[{"id":16,"href":"https:\/\/batreisende.no\/index.php?rest_route=\/wp\/v2\/pages\/9\/revisions\/16"}],"wp:attachment":[{"href":"https:\/\/batreisende.no\/index.php?rest_route=%2Fwp%2Fv2%2Fmedia&parent=9"}],"curies":[{"name":"wp","href":"https:\/\/api.w.org\/{rel}","templated":true}]}}