{"id":874,"date":"2010-04-12T12:19:54","date_gmt":"2010-04-12T12:19:54","guid":{"rendered":"http:\/\/haugalandmuseene.no\/dbr\/?page_id=874"},"modified":"2010-07-10T21:10:39","modified_gmt":"2010-07-10T21:10:39","slug":"norsk-misjon-blant-hjeml%c3%b8se-2","status":"publish","type":"page","link":"https:\/\/batreisende.no\/?page_id=874","title":{"rendered":"Norsk misjon blant hjeml\u00f8se"},"content":{"rendered":"<p style=\"text-align: justify;\"><a rel=\"attachment wp-att-1678\" href=\"http:\/\/batreisende.no\/?attachment_id=1678\"><img loading=\"lazy\" class=\"alignnone size-large wp-image-1678\" title=\"Barn foran Jacob Wallnums ny\u00e5pnede barnehjem i Kopervik i 1922. Foto: Riksarkivet\" src=\"\/wp-content\/uploads\/Image00008-590x472.jpg\" alt=\"Barn foran Jacob Wallnums ny\u00e5pnede barnehjem i Kopervik i 1922\" width=\"413\" height=\"330\" srcset=\"https:\/\/batreisende.no\/wp-content\/uploads\/Image00008-590x472.jpg 590w, https:\/\/batreisende.no\/wp-content\/uploads\/Image00008-250x200.jpg 250w, https:\/\/batreisende.no\/wp-content\/uploads\/Image00008.jpg 750w\" sizes=\"(max-width: 413px) 100vw, 413px\" \/><\/a><a href=\"\/wp-content\/uploads\/Pa793_9405_121.jpg.jpg\"><\/a><\/p>\n<p style=\"text-align: justify;\">Fra slutten av 1800-tallet ble de reisende sett p\u00e5 som et problem som trengte en politisk l\u00f8sning.\u00a0I 1897 ble\u00a0<em>Foreningen til motarbeidelse av omstreifervesenet<\/em> dannet. De byttet senere navn til <em>Norsk misjon blant hjeml\u00f8se<\/em> (Misjonen). Misjonens arbeidet for \u00e5\u00a0gj\u00f8re romanifolket bofaste.<\/p>\n<p style=\"text-align: justify;\">Foreningen ble etablert og ledet av Jacob Walnum. Han mente at det beste for \u00e5 f\u00e5 slutt p\u00e5 &laquo;omstreiferondet&raquo; var \u00e5 ta barna fra foreldrene f\u00f8r de fikk smaken p\u00e5 det reisende livet. \u201dBerger du barnet, berger du slekten&raquo; ble Jakob Walnum sitt motto i dette arbeidet.\u00a0<\/p>\n<p>Verger\u00e5dsloven var Misjonens viktigste verkt\u00f8y i kampen for \u00e5 ta barna fra foreldrene.\u00a0Ved hjelp av\u00a0loven kunne de overlate barn under 18 \u00e5r til en annen familie eller institusjon.<\/p>\n<p style=\"text-align: justify;\"><a rel=\"attachment wp-att-1679\" href=\"http:\/\/batreisende.no\/?attachment_id=1679\"><img loading=\"lazy\" title=\"Barnehjemsbarn p\u00e5 tur vest p\u00e5 Karm\u00f8y i 1924. Foto: Riksarkivet\" src=\"\/wp-content\/uploads\/Image00015-590x236.jpg\" alt=\"Barnehjemsbarn p\u00e5 tur vest p\u00e5 Karm\u00f8y i 1924. Foto: Riksarkivet\" width=\"413\" height=\"165\" \/><\/a><\/p>\n<p style=\"text-align: justify;\">Misjonen \u00e5pnet sitt f\u00f8rste barnehjem i 1900. Innen utgangen av 1929 hadde de \u00e5pnet i alt 6 barnehjem. Minst 1500 romanibarn\u00a0ble i perioden 1900-1970 fjernet fra sine foreldre og tvangsplassert i barnehjem eller fosterhjem. Et ukjent antall barn ble i samme tidsrom plassert p\u00e5 skolehjem.<\/p>\n","protected":false},"excerpt":{"rendered":"<p style=\"text-align: justify;\"><a rel=\"attachment wp-att-1678\" href=\"http:\/\/batreisende.no\/?attachment_id=1678\"><img loading=\"lazy\" class=\"alignnone size-large wp-image-1678\" title=\"Barn foran Jacob Wallnums ny\u00e5pnede barnehjem i Kopervik i 1922. Foto: Riksarkivet\" src=\"\/wp-content\/uploads\/Image00008-590x472.jpg\" alt=\"Barn foran Jacob Wallnums ny\u00e5pnede barnehjem i Kopervik i 1922\" width=\"413\" height=\"330\" srcset=\"https:\/\/batreisende.no\/wp-content\/uploads\/Image00008-590x472.jpg 590w, https:\/\/batreisende.no\/wp-content\/uploads\/Image00008-250x200.jpg 250w, https:\/\/batreisende.no\/wp-content\/uploads\/Image00008.jpg 750w\" sizes=\"(max-width: 413px) 100vw, 413px\" \/><\/a><a href=\"\/wp-content\/uploads\/Pa793_9405_121.jpg.jpg\"><\/a><\/p>\n<p style=\"text-align: justify;\">Fra slutten av 1800-tallet ble de reisende sett p\u00e5 som et problem som trengte en politisk l\u00f8sning.\u00a0I 1897 ble\u00a0<em>Foreningen til motarbeidelse av omstreifervesenet<\/em> dannet. De byttet senere navn til <em>Norsk misjon blant hjeml\u00f8se<\/em> (Misjonen). Misjonens arbeidet for \u00e5\u00a0gj\u00f8re romanifolket bofaste.<\/p>\n<p style=\"text-align: justify;\">Foreningen ble etablert og ledet av Jacob Walnum. Han mente at det beste for \u00e5 f\u00e5 slutt p\u00e5 &laquo;omstreiferondet&raquo; var \u00e5 ta barna fra foreldrene f\u00f8r de fikk smaken p\u00e5 det reisende livet. \u201dBerger du barnet, berger du slekten&raquo; ble Jakob Walnum sitt motto i dette arbeidet.\u00a0<\/p>\n<p>Verger\u00e5dsloven var Misjonens viktigste verkt\u00f8y i kampen for \u00e5 ta barna fra foreldrene.\u00a0Ved hjelp av\u00a0loven kunne de overlate barn under 18 \u00e5r til en annen familie eller institusjon.<\/p>\n<p style=\"text-align: justify;\"><a rel=\"attachment wp-att-1679\" href=\"http:\/\/batreisende.no\/?attachment_id=1679\"><img loading=\"lazy\" title=\"Barnehjemsbarn p\u00e5 tur vest p\u00e5 Karm\u00f8y i 1924. Foto: Riksarkivet\" src=\"\/wp-content\/uploads\/Image00015-590x236.jpg\" alt=\"Barnehjemsbarn p\u00e5 tur vest p\u00e5 Karm\u00f8y i 1924. Foto: Riksarkivet\" width=\"413\" height=\"165\" \/><\/a><\/p>\n<p style=\"text-align: justify;\">Misjonen \u00e5pnet sitt f\u00f8rste barnehjem i 1900. Innen utgangen av 1929 hadde de \u00e5pnet i alt 6 barnehjem. Minst 1500 romanibarn\u00a0ble i perioden 1900-1970 fjernet fra sine foreldre og tvangsplassert i barnehjem eller fosterhjem. Et ukjent antall barn ble i samme tidsrom plassert p\u00e5 skolehjem.<\/p>\n","protected":false},"author":7,"featured_media":0,"parent":13,"menu_order":2,"comment_status":"closed","ping_status":"open","template":"","meta":[],"_links":{"self":[{"href":"https:\/\/batreisende.no\/index.php?rest_route=\/wp\/v2\/pages\/874"}],"collection":[{"href":"https:\/\/batreisende.no\/index.php?rest_route=\/wp\/v2\/pages"}],"about":[{"href":"https:\/\/batreisende.no\/index.php?rest_route=\/wp\/v2\/types\/page"}],"author":[{"embeddable":true,"href":"https:\/\/batreisende.no\/index.php?rest_route=\/wp\/v2\/users\/7"}],"replies":[{"embeddable":true,"href":"https:\/\/batreisende.no\/index.php?rest_route=%2Fwp%2Fv2%2Fcomments&post=874"}],"version-history":[{"count":29,"href":"https:\/\/batreisende.no\/index.php?rest_route=\/wp\/v2\/pages\/874\/revisions"}],"predecessor-version":[{"id":1973,"href":"https:\/\/batreisende.no\/index.php?rest_route=\/wp\/v2\/pages\/874\/revisions\/1973"}],"up":[{"embeddable":true,"href":"https:\/\/batreisende.no\/index.php?rest_route=\/wp\/v2\/pages\/13"}],"wp:attachment":[{"href":"https:\/\/batreisende.no\/index.php?rest_route=%2Fwp%2Fv2%2Fmedia&parent=874"}],"curies":[{"name":"wp","href":"https:\/\/api.w.org\/{rel}","templated":true}]}}