{"id":841,"date":"2010-03-23T14:42:24","date_gmt":"2010-03-23T14:42:24","guid":{"rendered":"http:\/\/haugalandmuseene.no\/dbr\/?page_id=841"},"modified":"2010-06-28T11:53:28","modified_gmt":"2010-06-28T11:53:28","slug":"rom","status":"publish","type":"page","link":"https:\/\/batreisende.no\/?page_id=841","title":{"rendered":"Rom"},"content":{"rendered":"<p><strong><span style=\"text-decoration: underline;\">Rom (sig\u00f8ynere)<\/span><\/strong> har antageligvis sitt opphav i India. De begynte \u00e5 vandre vestover rundt 300 e. Kr. De f\u00f8rste beretningene fra Norden om dette folkeslaget er fra 1505. I kildene fra 1600- og 1700-tallet er det vanskelig \u00e5 skille mellom rom og romanifolket. P\u00e5 bakgrunn av spr\u00e5kstudier mener noen historieforskere\u00a0at romanifolket og rom har samme opphav. Andre mener gruppene har ulikt opphav, men at likheten i spr\u00e5kene skyldes kulturm\u00f8tet mellom rom og romani.<\/p>\n<p>Den gruppen av rom som bor i Norge, kom trolig hit i 1860-\u00e5ra. P\u00e5 1930-tallet flyktet alle, trolig av frykt for \u00e5 bli rammet av de tiltakene Misjonen hadde satt inn mot romanifolket. En del rom har kommet tilbake til Norge fra slutten av 1950-tallet.<\/p>\n","protected":false},"excerpt":{"rendered":"<p><strong><span style=\"text-decoration: underline;\">Rom (sig\u00f8ynere)<\/span><\/strong> har antageligvis sitt opphav i India. De begynte \u00e5 vandre vestover rundt 300 e. Kr. De f\u00f8rste beretningene fra Norden om dette folkeslaget er fra 1505. I kildene fra 1600- og 1700-tallet er det vanskelig \u00e5 skille mellom rom og romanifolket. P\u00e5 bakgrunn av spr\u00e5kstudier mener noen historieforskere\u00a0at romanifolket og rom har samme opphav. Andre mener gruppene har ulikt opphav, men at likheten i spr\u00e5kene skyldes kulturm\u00f8tet mellom rom og romani.<\/p>\n<p>Den gruppen av rom som bor i Norge, kom trolig hit i 1860-\u00e5ra. P\u00e5 1930-tallet flyktet alle, trolig av frykt for \u00e5 bli rammet av de tiltakene Misjonen hadde satt inn mot romanifolket. En del rom har kommet tilbake til Norge fra slutten av 1950-tallet.<\/p>\n","protected":false},"author":7,"featured_media":0,"parent":0,"menu_order":0,"comment_status":"closed","ping_status":"open","template":"","meta":[],"_links":{"self":[{"href":"https:\/\/batreisende.no\/index.php?rest_route=\/wp\/v2\/pages\/841"}],"collection":[{"href":"https:\/\/batreisende.no\/index.php?rest_route=\/wp\/v2\/pages"}],"about":[{"href":"https:\/\/batreisende.no\/index.php?rest_route=\/wp\/v2\/types\/page"}],"author":[{"embeddable":true,"href":"https:\/\/batreisende.no\/index.php?rest_route=\/wp\/v2\/users\/7"}],"replies":[{"embeddable":true,"href":"https:\/\/batreisende.no\/index.php?rest_route=%2Fwp%2Fv2%2Fcomments&post=841"}],"version-history":[{"count":5,"href":"https:\/\/batreisende.no\/index.php?rest_route=\/wp\/v2\/pages\/841\/revisions"}],"predecessor-version":[{"id":1026,"href":"https:\/\/batreisende.no\/index.php?rest_route=\/wp\/v2\/pages\/841\/revisions\/1026"}],"wp:attachment":[{"href":"https:\/\/batreisende.no\/index.php?rest_route=%2Fwp%2Fv2%2Fmedia&parent=841"}],"curies":[{"name":"wp","href":"https:\/\/api.w.org\/{rel}","templated":true}]}}