{"id":836,"date":"2010-03-23T14:31:24","date_gmt":"2010-03-23T14:31:24","guid":{"rendered":"http:\/\/haugalandmuseene.no\/dbr\/?page_id=836"},"modified":"2010-06-28T11:36:01","modified_gmt":"2010-06-28T11:36:01","slug":"kvener-og-skogfinner","status":"publish","type":"page","link":"https:\/\/batreisende.no\/?page_id=836","title":{"rendered":"Kvener"},"content":{"rendered":"<p><strong><span style=\"text-decoration: underline;\">Kvenene<\/span><\/strong> er av finsk opprinnelse. Kvenene kom i form av store utvandringer fra de gamle jordbruksbygdene nordvest\u00a0 i dagens Finland og Nord-Sverige. De f\u00f8rste kom til Nord-Norge allerede p\u00e51500-tallet. Den st\u00f8rste gruppen kom i perioden\u00a0fra 1720 til slutten av 1800-tallet.\u00a0De flyttet fra omr\u00e5der med lite dyrkbar jord fordelt\u00a0p\u00e5 mange\u00a0mennesker. Kvenene har et eget spr\u00e5k. Dette kalles kvensk\/finsk.<\/p>\n","protected":false},"excerpt":{"rendered":"<p><strong><span style=\"text-decoration: underline;\">Kvenene<\/span><\/strong> er av finsk opprinnelse. Kvenene kom i form av store utvandringer fra de gamle jordbruksbygdene nordvest\u00a0 i dagens Finland og Nord-Sverige. De f\u00f8rste kom til Nord-Norge allerede p\u00e51500-tallet. Den st\u00f8rste gruppen kom i perioden\u00a0fra 1720 til slutten av 1800-tallet.\u00a0De flyttet fra omr\u00e5der med lite dyrkbar jord fordelt\u00a0p\u00e5 mange\u00a0mennesker. Kvenene har et eget spr\u00e5k. Dette kalles kvensk\/finsk.<\/p>\n","protected":false},"author":7,"featured_media":0,"parent":0,"menu_order":0,"comment_status":"closed","ping_status":"open","template":"","meta":[],"_links":{"self":[{"href":"https:\/\/batreisende.no\/index.php?rest_route=\/wp\/v2\/pages\/836"}],"collection":[{"href":"https:\/\/batreisende.no\/index.php?rest_route=\/wp\/v2\/pages"}],"about":[{"href":"https:\/\/batreisende.no\/index.php?rest_route=\/wp\/v2\/types\/page"}],"author":[{"embeddable":true,"href":"https:\/\/batreisende.no\/index.php?rest_route=\/wp\/v2\/users\/7"}],"replies":[{"embeddable":true,"href":"https:\/\/batreisende.no\/index.php?rest_route=%2Fwp%2Fv2%2Fcomments&post=836"}],"version-history":[{"count":6,"href":"https:\/\/batreisende.no\/index.php?rest_route=\/wp\/v2\/pages\/836\/revisions"}],"predecessor-version":[{"id":1755,"href":"https:\/\/batreisende.no\/index.php?rest_route=\/wp\/v2\/pages\/836\/revisions\/1755"}],"wp:attachment":[{"href":"https:\/\/batreisende.no\/index.php?rest_route=%2Fwp%2Fv2%2Fmedia&parent=836"}],"curies":[{"name":"wp","href":"https:\/\/api.w.org\/{rel}","templated":true}]}}