{"id":833,"date":"2010-03-23T14:22:32","date_gmt":"2010-03-23T14:22:32","guid":{"rendered":"http:\/\/haugalandmuseene.no\/dbr\/?page_id=833"},"modified":"2010-06-28T11:25:55","modified_gmt":"2010-06-28T11:25:55","slug":"j%c3%b8der","status":"publish","type":"page","link":"https:\/\/batreisende.no\/?page_id=833","title":{"rendered":"J\u00f8der"},"content":{"rendered":"<p><strong><span style=\"text-decoration: underline;\">J\u00f8der<\/span><\/strong> regner seg f\u00f8rst og fremst som en religi\u00f8s minoritet. De f\u00f8rste\u00a0skriftlige kildene som omhandler\u00a0j\u00f8der i Norge, er lover. Den aller f\u00f8rste beskrivelsen er fra 1436 og gjelder forbud mot sabbatfeiring. I grunnloven\u00a0av 1814 fikk ikke j\u00f8der adgang til Norge. Motivene var\u00a0religi\u00f8se, nasjonalistiske og \u00f8konomiske. Loven ble endret i\u00a01851.<\/p>\n","protected":false},"excerpt":{"rendered":"<p><strong><span style=\"text-decoration: underline;\">J\u00f8der<\/span><\/strong> regner seg f\u00f8rst og fremst som en religi\u00f8s minoritet. De f\u00f8rste\u00a0skriftlige kildene som omhandler\u00a0j\u00f8der i Norge, er lover. Den aller f\u00f8rste beskrivelsen er fra 1436 og gjelder forbud mot sabbatfeiring. I grunnloven\u00a0av 1814 fikk ikke j\u00f8der adgang til Norge. Motivene var\u00a0religi\u00f8se, nasjonalistiske og \u00f8konomiske. Loven ble endret i\u00a01851.<\/p>\n","protected":false},"author":7,"featured_media":0,"parent":0,"menu_order":0,"comment_status":"closed","ping_status":"open","template":"","meta":[],"_links":{"self":[{"href":"https:\/\/batreisende.no\/index.php?rest_route=\/wp\/v2\/pages\/833"}],"collection":[{"href":"https:\/\/batreisende.no\/index.php?rest_route=\/wp\/v2\/pages"}],"about":[{"href":"https:\/\/batreisende.no\/index.php?rest_route=\/wp\/v2\/types\/page"}],"author":[{"embeddable":true,"href":"https:\/\/batreisende.no\/index.php?rest_route=\/wp\/v2\/users\/7"}],"replies":[{"embeddable":true,"href":"https:\/\/batreisende.no\/index.php?rest_route=%2Fwp%2Fv2%2Fcomments&post=833"}],"version-history":[{"count":4,"href":"https:\/\/batreisende.no\/index.php?rest_route=\/wp\/v2\/pages\/833\/revisions"}],"predecessor-version":[{"id":1752,"href":"https:\/\/batreisende.no\/index.php?rest_route=\/wp\/v2\/pages\/833\/revisions\/1752"}],"wp:attachment":[{"href":"https:\/\/batreisende.no\/index.php?rest_route=%2Fwp%2Fv2%2Fmedia&parent=833"}],"curies":[{"name":"wp","href":"https:\/\/api.w.org\/{rel}","templated":true}]}}