{"id":7,"date":"2009-04-28T10:49:38","date_gmt":"2009-04-28T08:49:38","guid":{"rendered":"http:\/\/haugalandmuseene.no\/dbr\/?page_id=7"},"modified":"2010-07-10T20:55:42","modified_gmt":"2010-07-10T20:55:42","slug":"barn","status":"publish","type":"page","link":"https:\/\/batreisende.no\/?page_id=7","title":{"rendered":"Barn og oppvekst"},"content":{"rendered":"<p>Mange barn hadde deler av\u00a0sin oppvekst i b\u00e5t helt fram til 1970. De l\u00e6rte seg tidlig \u00e5 ro og man\u00f8vrere b\u00e5ter. De eldste barna ble\u00a0tidlig med far eller mor rundt p\u00e5 g\u00e5rdene og handla. De mindre barna lekte gjerne i n\u00e6rheten av sk\u00f8yta.<\/p>\n<p>Noen\u00a0familier\u00a0hadde et fast bosted p\u00e5 land om vinteren. Familien flyttet ofte inn i b\u00e5ten i mai og kom tilbake til boligen i oktober. Skole\u00e5ret\u00a0ble derfor\u00a0gjerne litt kortere enn for andre barn.\u00a0Mange familier flyttet\u00a0fra sted til sted i l\u00f8pet av vinteren ogs\u00e5.<\/p>\n<p>De barna som ble tatt fra foreldrene sine og sendt p\u00e5 barnehjem, hadde en oppvekst der de skulle\u00a0l\u00e6re norske verdier og norsk spr\u00e5k. De fikk ikke vite hvem foreldrene deres var, og de l\u00e6rte ingenting om\u00a0romanifolkets kultur og spr\u00e5k.<\/p>\n","protected":false},"excerpt":{"rendered":"<p>Mange barn hadde deler av\u00a0sin oppvekst i b\u00e5t helt fram til 1970. De l\u00e6rte seg tidlig \u00e5 ro og man\u00f8vrere b\u00e5ter. De eldste barna ble\u00a0tidlig med far eller mor rundt p\u00e5 g\u00e5rdene og handla. De mindre barna lekte gjerne i n\u00e6rheten av sk\u00f8yta.<\/p>\n<p>Noen\u00a0familier\u00a0hadde et fast bosted p\u00e5 land om vinteren. Familien flyttet ofte inn i b\u00e5ten i mai og kom tilbake til boligen i oktober. Skole\u00e5ret\u00a0ble derfor\u00a0gjerne litt kortere enn for andre barn.\u00a0Mange familier flyttet\u00a0fra sted til sted i l\u00f8pet av vinteren ogs\u00e5.<\/p>\n<p>De barna som ble tatt fra foreldrene sine og sendt p\u00e5 barnehjem, hadde en oppvekst der de skulle\u00a0l\u00e6re norske verdier og norsk spr\u00e5k. De fikk ikke vite hvem foreldrene deres var, og de l\u00e6rte ingenting om\u00a0romanifolkets kultur og spr\u00e5k.<\/p>\n","protected":false},"author":7,"featured_media":0,"parent":0,"menu_order":0,"comment_status":"open","ping_status":"open","template":"","meta":[],"_links":{"self":[{"href":"https:\/\/batreisende.no\/index.php?rest_route=\/wp\/v2\/pages\/7"}],"collection":[{"href":"https:\/\/batreisende.no\/index.php?rest_route=\/wp\/v2\/pages"}],"about":[{"href":"https:\/\/batreisende.no\/index.php?rest_route=\/wp\/v2\/types\/page"}],"author":[{"embeddable":true,"href":"https:\/\/batreisende.no\/index.php?rest_route=\/wp\/v2\/users\/7"}],"replies":[{"embeddable":true,"href":"https:\/\/batreisende.no\/index.php?rest_route=%2Fwp%2Fv2%2Fcomments&post=7"}],"version-history":[{"count":53,"href":"https:\/\/batreisende.no\/index.php?rest_route=\/wp\/v2\/pages\/7\/revisions"}],"predecessor-version":[{"id":1943,"href":"https:\/\/batreisende.no\/index.php?rest_route=\/wp\/v2\/pages\/7\/revisions\/1943"}],"wp:attachment":[{"href":"https:\/\/batreisende.no\/index.php?rest_route=%2Fwp%2Fv2%2Fmedia&parent=7"}],"curies":[{"name":"wp","href":"https:\/\/api.w.org\/{rel}","templated":true}]}}