{"id":474,"date":"2010-03-12T07:36:51","date_gmt":"2010-03-12T07:36:51","guid":{"rendered":"http:\/\/haugalandmuseene.no\/dbr\/?page_id=474"},"modified":"2010-07-10T21:03:37","modified_gmt":"2010-07-10T21:03:37","slug":"nannastakene","status":"publish","type":"page","link":"https:\/\/batreisende.no\/?page_id=474","title":{"rendered":"Nanna Larsen og nannastakene"},"content":{"rendered":"<p><a href=\"\/wp-content\/uploads\/lysestaker.jpg\"><\/a><\/p>\n<p><a rel=\"attachment wp-att-1743\" href=\"http:\/\/batreisende.no\/?attachment_id=1743\"><img loading=\"lazy\" class=\"alignnone size-full wp-image-1743\" title=\"Nannastakene var popul\u00e6re bryllupsgaver\" src=\"\/wp-content\/uploads\/Image00020.jpg\" alt=\"Nannastakene var popul\u00e6re bryllupsgaver\" width=\"233\" height=\"336\" srcset=\"https:\/\/batreisende.no\/wp-content\/uploads\/Image00020.jpg 415w, https:\/\/batreisende.no\/wp-content\/uploads\/Image00020-207x300.jpg 207w\" sizes=\"(max-width: 233px) 100vw, 233px\" \/><\/a>\u00a0<\/p>\n<p>Nanna Larsen er kjent for lysestakene hun solgte. J\u00f8rgen Larsen, mannen hennes, lagde b\u00e5de lysestaker, fat og lykter. Nanna solgte produktene p\u00e5 reiser om sommeren. Etter hvert som de sluttet \u00e5 reise, solgte hun dem p\u00e5 d\u00f8rene i hjembyen Haugesund. S\u00e6rlig nannastakene ble popul\u00e6re, og siden det var hun som solgte stakene, fikk de tilnavnet &laquo;nannastaker&raquo;.<\/p>\n<p>S\u00e6rlig like\u00a0etter andre verdenskrig ble stakene popul\u00e6re som bryllupsgaver. Prisen var da 25 kroner per stykk. Nannastaker man finner i antikvitetshandelen i dag, koster rundt 2500<span style=\"color: #ff0000;\">\u00a0<\/span>kroner.<\/p>\n<p>Nanna og J\u00f8rgen tilh\u00f8rte B\u00f8re-f\u00f8lget. De\u00a0slo seg ned i Haugesund p\u00e5 1930-tallet.<\/p>\n","protected":false},"excerpt":{"rendered":"<p><a href=\"\/wp-content\/uploads\/lysestaker.jpg\"><\/a><\/p>\n<p><a rel=\"attachment wp-att-1743\" href=\"http:\/\/batreisende.no\/?attachment_id=1743\"><img loading=\"lazy\" class=\"alignnone size-full wp-image-1743\" title=\"Nannastakene var popul\u00e6re bryllupsgaver\" src=\"\/wp-content\/uploads\/Image00020.jpg\" alt=\"Nannastakene var popul\u00e6re bryllupsgaver\" width=\"233\" height=\"336\" srcset=\"https:\/\/batreisende.no\/wp-content\/uploads\/Image00020.jpg 415w, https:\/\/batreisende.no\/wp-content\/uploads\/Image00020-207x300.jpg 207w\" sizes=\"(max-width: 233px) 100vw, 233px\" \/><\/a>\u00a0<\/p>\n<p>Nanna Larsen er kjent for lysestakene hun solgte. J\u00f8rgen Larsen, mannen hennes, lagde b\u00e5de lysestaker, fat og lykter. Nanna solgte produktene p\u00e5 reiser om sommeren. Etter hvert som de sluttet \u00e5 reise, solgte hun dem p\u00e5 d\u00f8rene i hjembyen Haugesund. S\u00e6rlig nannastakene ble popul\u00e6re, og siden det var hun som solgte stakene, fikk de tilnavnet &laquo;nannastaker&raquo;.<\/p>\n<p>S\u00e6rlig like\u00a0etter andre verdenskrig ble stakene popul\u00e6re som bryllupsgaver. Prisen var da 25 kroner per stykk. Nannastaker man finner i antikvitetshandelen i dag, koster rundt 2500<span style=\"color: #ff0000;\">\u00a0<\/span>kroner.<\/p>\n<p>Nanna og J\u00f8rgen tilh\u00f8rte B\u00f8re-f\u00f8lget. De\u00a0slo seg ned i Haugesund p\u00e5 1930-tallet.<\/p>\n","protected":false},"author":7,"featured_media":0,"parent":0,"menu_order":0,"comment_status":"closed","ping_status":"open","template":"","meta":[],"_links":{"self":[{"href":"https:\/\/batreisende.no\/index.php?rest_route=\/wp\/v2\/pages\/474"}],"collection":[{"href":"https:\/\/batreisende.no\/index.php?rest_route=\/wp\/v2\/pages"}],"about":[{"href":"https:\/\/batreisende.no\/index.php?rest_route=\/wp\/v2\/types\/page"}],"author":[{"embeddable":true,"href":"https:\/\/batreisende.no\/index.php?rest_route=\/wp\/v2\/users\/7"}],"replies":[{"embeddable":true,"href":"https:\/\/batreisende.no\/index.php?rest_route=%2Fwp%2Fv2%2Fcomments&post=474"}],"version-history":[{"count":16,"href":"https:\/\/batreisende.no\/index.php?rest_route=\/wp\/v2\/pages\/474\/revisions"}],"predecessor-version":[{"id":1962,"href":"https:\/\/batreisende.no\/index.php?rest_route=\/wp\/v2\/pages\/474\/revisions\/1962"}],"wp:attachment":[{"href":"https:\/\/batreisende.no\/index.php?rest_route=%2Fwp%2Fv2%2Fmedia&parent=474"}],"curies":[{"name":"wp","href":"https:\/\/api.w.org\/{rel}","templated":true}]}}