{"id":39,"date":"2009-04-28T15:47:52","date_gmt":"2009-04-28T13:47:52","guid":{"rendered":"http:\/\/haugalandmuseene.no\/dbr\/?page_id=39"},"modified":"2010-07-10T20:48:54","modified_gmt":"2010-07-10T20:48:54","slug":"for-l%c3%a6reren","status":"publish","type":"page","link":"https:\/\/batreisende.no\/?page_id=39","title":{"rendered":"For l\u00e6reren"},"content":{"rendered":"<p style=\"text-align: justify;\">Dette nettstedet er et resultat av kunnskap\u00a0fra dokumentasjonsprosjekter ved\u00a0Haugalandmuseene\u00a0fra 2005 og til dags dato. De nasjonale minoritetene har en sv\u00e6rt liten plass i den skrevne historien i Norge.<strong> <\/strong>Dette gjelder ogs\u00e5 de b\u00e5treisende. De siste \u00e5rene har imidlertid situasjonen endret seg noe. Flere institusjoner har startet dokumentasjons-, forsknings- og formidlingsprosjekter innen temaet. For romanifolket har dette medf\u00f8rt at de n\u00e5 har et nasjonalt senter for dokumentasjon og formidling av deres kultur og historie p\u00e5 Glomdalsmuseet. Naturlig nok har de som reiste og levde i b\u00e5t f\u00e5tt liten plass i Glomdalsmuseet, som ligger p\u00e5 indre \u00d8stlandet. Vi p\u00e5\u00a0Haugalandmuseene vil derfor, som et av museets oppgaver, ha fokus p\u00e5 de b\u00e5treisendes liv og historie i fylkene Rogaland, Hordaland, Sogn og Fjordane og M\u00f8re og Romsdal.<\/p>\n<p style=\"text-align: justify;\">Vi har intervjuet flere av romanislekt, g\u00e5tt gjennom aktuell litteratur, etablert mange kontakter og samlet inn foto og gjenstander. Det viste seg at livet til de b\u00e5treisende i disse fylkene har v\u00e6rt lite dokumentert. De er nesten usynlige i faglitteraturen.<\/p>\n<p style=\"text-align: justify;\">Med nettstedet \u00f8nsker vi \u00e5 gj\u00f8re v\u00e5rt til at de b\u00e5treisendes historie blir mer kjent. Hovedm\u00e5lgruppa er skoleelever i 7. klasse. Det er mulig\u00a0\u00e5 lese mer ved bruk av h\u00f8yremenyen <em>Les mer<\/em> p\u00e5 hver hovedside. I tillegg til \u00e5 f\u00e5 kunnskap om denne folkegruppas liv og historie, kan man p\u00e5 kartet l\u00e6re mer om hvilke\u00a0spor som finnes i ens eget n\u00e6romr\u00e5de.<\/p>\n<p style=\"text-align: justify;\">Nettstedet har blitt utviklet sammen med en arbeidsgruppe best\u00e5ende av b\u00e5treisende. Det er finansiert av ABM-utvikling, Rogaland fylkeskommune, Stiftelsen Fritt ord, Arbeids- og inkluderingsdepartementet og Haugalandmuseene.<\/p>\n<p style=\"text-align: justify;\">Her finner du to rapporter fra\u00a0registreringer av romanifolkets kulturminner i Nord-Rogaland:<\/p>\n<p style=\"text-align: justify;\"><a href=\"\/wp-content\/uploads\/romanifolkets-kulturminner-rapport-fra-registreringer-i-utsira-kommune-haugesund-kommune-karmay-kommune-og-bokn-kommune-2008.pdf\">Haugesund, Utsira, Karm\u00f8y og Bokn<\/a><\/p>\n<p style=\"text-align: justify;\"><a href=\"\/wp-content\/uploads\/romanifolkets-kulturminne-rapport-fray-registraringar-i-tysvar-kommune-og-vindafjord-kommune-2006.pdf\">Vindafjord og Tysv\u00e6r<\/a><\/p>\n","protected":false},"excerpt":{"rendered":"<p style=\"text-align: justify;\">Dette nettstedet er et resultat av kunnskap\u00a0fra dokumentasjonsprosjekter ved\u00a0Haugalandmuseene\u00a0fra 2005 og til dags dato. De nasjonale minoritetene har en sv\u00e6rt liten plass i den skrevne historien i Norge.<strong> <\/strong>Dette gjelder ogs\u00e5 de b\u00e5treisende. De siste \u00e5rene har imidlertid situasjonen endret seg noe. Flere institusjoner har startet dokumentasjons-, forsknings- og formidlingsprosjekter innen temaet. For romanifolket har dette medf\u00f8rt at de n\u00e5 har et nasjonalt senter for dokumentasjon og formidling av deres kultur og historie p\u00e5 Glomdalsmuseet. Naturlig nok har de som reiste og levde i b\u00e5t f\u00e5tt liten plass i Glomdalsmuseet, som ligger p\u00e5 indre \u00d8stlandet. Vi p\u00e5\u00a0Haugalandmuseene vil derfor, som et av museets oppgaver, ha fokus p\u00e5 de b\u00e5treisendes liv og historie i fylkene Rogaland, Hordaland, Sogn og Fjordane og M\u00f8re og Romsdal.<\/p>\n<p style=\"text-align: justify;\">Vi har intervjuet flere av romanislekt, g\u00e5tt gjennom aktuell litteratur, etablert mange kontakter og samlet inn foto og gjenstander. Det viste seg at livet til de b\u00e5treisende i disse fylkene har v\u00e6rt lite dokumentert. De er nesten usynlige i faglitteraturen.<\/p>\n<p style=\"text-align: justify;\">Med nettstedet \u00f8nsker vi \u00e5 gj\u00f8re v\u00e5rt til at de b\u00e5treisendes historie blir mer kjent. Hovedm\u00e5lgruppa er skoleelever i 7. klasse. Det er mulig\u00a0\u00e5 lese mer ved bruk av h\u00f8yremenyen <em>Les mer<\/em> p\u00e5 hver hovedside. I tillegg til \u00e5 f\u00e5 kunnskap om denne folkegruppas liv og historie, kan man p\u00e5 kartet l\u00e6re mer om hvilke\u00a0spor som finnes i ens eget n\u00e6romr\u00e5de.<\/p>\n<p style=\"text-align: justify;\">Nettstedet har blitt utviklet sammen med en arbeidsgruppe best\u00e5ende av b\u00e5treisende. Det er finansiert av ABM-utvikling, Rogaland fylkeskommune, Stiftelsen Fritt ord, Arbeids- og inkluderingsdepartementet og Haugalandmuseene.<\/p>\n<p style=\"text-align: justify;\">Her finner du to rapporter fra\u00a0registreringer av romanifolkets kulturminner i Nord-Rogaland:<\/p>\n<p style=\"text-align: justify;\"><a href=\"\/wp-content\/uploads\/romanifolkets-kulturminner-rapport-fra-registreringer-i-utsira-kommune-haugesund-kommune-karmay-kommune-og-bokn-kommune-2008.pdf\">Haugesund, Utsira, Karm\u00f8y og Bokn<\/a><\/p>\n<p style=\"text-align: justify;\"><a href=\"\/wp-content\/uploads\/romanifolkets-kulturminne-rapport-fray-registraringar-i-tysvar-kommune-og-vindafjord-kommune-2006.pdf\">Vindafjord og Tysv\u00e6r<\/a><\/p>\n","protected":false},"author":1,"featured_media":0,"parent":0,"menu_order":0,"comment_status":"open","ping_status":"open","template":"","meta":[],"_links":{"self":[{"href":"https:\/\/batreisende.no\/index.php?rest_route=\/wp\/v2\/pages\/39"}],"collection":[{"href":"https:\/\/batreisende.no\/index.php?rest_route=\/wp\/v2\/pages"}],"about":[{"href":"https:\/\/batreisende.no\/index.php?rest_route=\/wp\/v2\/types\/page"}],"author":[{"embeddable":true,"href":"https:\/\/batreisende.no\/index.php?rest_route=\/wp\/v2\/users\/1"}],"replies":[{"embeddable":true,"href":"https:\/\/batreisende.no\/index.php?rest_route=%2Fwp%2Fv2%2Fcomments&post=39"}],"version-history":[{"count":28,"href":"https:\/\/batreisende.no\/index.php?rest_route=\/wp\/v2\/pages\/39\/revisions"}],"predecessor-version":[{"id":41,"href":"https:\/\/batreisende.no\/index.php?rest_route=\/wp\/v2\/pages\/39\/revisions\/41"}],"wp:attachment":[{"href":"https:\/\/batreisende.no\/index.php?rest_route=%2Fwp%2Fv2%2Fmedia&parent=39"}],"curies":[{"name":"wp","href":"https:\/\/api.w.org\/{rel}","templated":true}]}}