{"id":34,"date":"2009-04-28T15:45:49","date_gmt":"2009-04-28T13:45:49","guid":{"rendered":"http:\/\/haugalandmuseene.no\/dbr\/?page_id=34"},"modified":"2010-06-28T08:50:11","modified_gmt":"2010-06-28T08:50:11","slug":"handel","status":"publish","type":"page","link":"https:\/\/batreisende.no\/?page_id=34","title":{"rendered":"Handel og h&aring;ndverk"},"content":{"rendered":"<p style=\"TEXT-ALIGN: justify\"><em>Straks v\u00e5ren viste seg ble alle tingene lastet i storb\u00e5ten og s\u00e5 bar det innover mot L\u00e6rdal og Luster. Vi rodde og seilte. S\u00f8rsiden inn og nordsiden ut. Jeg kjenner hver grend i fjorden.<\/em><\/p>\n<p style=\"TEXT-ALIGN: justify\">De reisende var dyktige handelsfolk og\u00a0h\u00e5ndverkere, og det var stort\u00a0behov for varene og tjenestene de kunne tilby.\u00a0De reisende fikk mat, penger og husly, og b\u00f8ndene fikk utf\u00f8rt n\u00f8dvendige arbeidsoppgaver.<\/p>\n<p style=\"TEXT-ALIGN: justify\">De b\u00e5treisende var innom de fleste steder det bodde folk langs kysten. De la seg ofte p\u00e5 en holme litt utenfor bebyggelsen og rodde inn med varene. B\u00e5ten var b\u00e5de bolig og verksted. Mange laget visper av st\u00e5ltr\u00e5d og\u00a0kakeformer og kanner\u00a0av blikk. De\u00a0bandt dem opp i et tau, slengte det over skulderen og gikk fra g\u00e5rd til g\u00e5rd og handla.\u00a0Mennene utf\u00f8rte gjerne n\u00f8dvendig arbeid p\u00e5 g\u00e5rdene, og tok opp bestillinger p\u00e5 blant annet takrenner. De kvinnene som reiste alene, utf\u00f8rte det samme arbeidet som mennene.<\/p>\n","protected":false},"excerpt":{"rendered":"<p style=\"TEXT-ALIGN: justify\"><em>Straks v\u00e5ren viste seg ble alle tingene lastet i storb\u00e5ten og s\u00e5 bar det innover mot L\u00e6rdal og Luster. Vi rodde og seilte. S\u00f8rsiden inn og nordsiden ut. Jeg kjenner hver grend i fjorden.<\/em><\/p>\n<p style=\"TEXT-ALIGN: justify\">De reisende var dyktige handelsfolk og\u00a0h\u00e5ndverkere, og det var stort\u00a0behov for varene og tjenestene de kunne tilby.\u00a0De reisende fikk mat, penger og husly, og b\u00f8ndene fikk utf\u00f8rt n\u00f8dvendige arbeidsoppgaver.<\/p>\n<p style=\"TEXT-ALIGN: justify\">De b\u00e5treisende var innom de fleste steder det bodde folk langs kysten. De la seg ofte p\u00e5 en holme litt utenfor bebyggelsen og rodde inn med varene. B\u00e5ten var b\u00e5de bolig og verksted. Mange laget visper av st\u00e5ltr\u00e5d og\u00a0kakeformer og kanner\u00a0av blikk. De\u00a0bandt dem opp i et tau, slengte det over skulderen og gikk fra g\u00e5rd til g\u00e5rd og handla.\u00a0Mennene utf\u00f8rte gjerne n\u00f8dvendig arbeid p\u00e5 g\u00e5rdene, og tok opp bestillinger p\u00e5 blant annet takrenner. De kvinnene som reiste alene, utf\u00f8rte det samme arbeidet som mennene.<\/p>\n","protected":false},"author":1,"featured_media":0,"parent":0,"menu_order":0,"comment_status":"closed","ping_status":"closed","template":"","meta":[],"_links":{"self":[{"href":"https:\/\/batreisende.no\/index.php?rest_route=\/wp\/v2\/pages\/34"}],"collection":[{"href":"https:\/\/batreisende.no\/index.php?rest_route=\/wp\/v2\/pages"}],"about":[{"href":"https:\/\/batreisende.no\/index.php?rest_route=\/wp\/v2\/types\/page"}],"author":[{"embeddable":true,"href":"https:\/\/batreisende.no\/index.php?rest_route=\/wp\/v2\/users\/1"}],"replies":[{"embeddable":true,"href":"https:\/\/batreisende.no\/index.php?rest_route=%2Fwp%2Fv2%2Fcomments&post=34"}],"version-history":[{"count":34,"href":"https:\/\/batreisende.no\/index.php?rest_route=\/wp\/v2\/pages\/34\/revisions"}],"predecessor-version":[{"id":36,"href":"https:\/\/batreisende.no\/index.php?rest_route=\/wp\/v2\/pages\/34\/revisions\/36"}],"wp:attachment":[{"href":"https:\/\/batreisende.no\/index.php?rest_route=%2Fwp%2Fv2%2Fmedia&parent=34"}],"curies":[{"name":"wp","href":"https:\/\/api.w.org\/{rel}","templated":true}]}}