{"id":1756,"date":"2010-06-28T11:44:45","date_gmt":"2010-06-28T11:44:45","guid":{"rendered":"http:\/\/haugalandmuseene.no\/dbr\/?page_id=1756"},"modified":"2010-06-28T11:48:43","modified_gmt":"2010-06-28T11:48:43","slug":"skogfinner","status":"publish","type":"page","link":"https:\/\/batreisende.no\/?page_id=1756","title":{"rendered":"Skogfinner"},"content":{"rendered":"<div><span style=\"font-size: x-small;\"><span lang=\"NO-BOK\"><span style=\"text-decoration: underline;\"><strong>Skogfinner<\/strong><\/span> er av finsk opprinnelse. Skogfinnene kom til Norge p\u00e5 1600-tallet fra den s\u00f8r\u00f8stlige delen av Finland. De\u00a0bosatte seg over store deler av \u00d8stlandet, men spesielt i Finnskogen, p\u00e5 grensen til Sverige. Skogfinnene drev svedjebruk. Det betyr at de brant\u00a0store skogsomr\u00e5der for \u00e5 dyrke jorda. Skogfinnene snakket tidligere finsk. De har ogs\u00e5 en egen byggeskikk.<\/span><\/span><\/div>\n<p><span style=\"font-size: x-small;\"><span lang=\"NO-BOK\">\u00a0<\/p>\n<p>\u00a0<\/p>\n<p><\/span><\/span><\/p>\n","protected":false},"excerpt":{"rendered":"<div><span style=\"font-size: x-small;\"><span lang=\"NO-BOK\"><span style=\"text-decoration: underline;\"><strong>Skogfinner<\/strong><\/span> er av finsk opprinnelse. Skogfinnene kom til Norge p\u00e5 1600-tallet fra den s\u00f8r\u00f8stlige delen av Finland. De\u00a0bosatte seg over store deler av \u00d8stlandet, men spesielt i Finnskogen, p\u00e5 grensen til Sverige. Skogfinnene drev svedjebruk. Det betyr at de brant\u00a0store skogsomr\u00e5der for \u00e5 dyrke jorda. Skogfinnene snakket tidligere finsk. De har ogs\u00e5 en egen byggeskikk.<\/span><\/span><\/div>\n<p><span style=\"font-size: x-small;\"><span lang=\"NO-BOK\">\u00a0<\/p>\n<p>\u00a0<\/p>\n<p><\/span><\/span><\/p>\n","protected":false},"author":7,"featured_media":0,"parent":0,"menu_order":0,"comment_status":"closed","ping_status":"open","template":"","meta":[],"_links":{"self":[{"href":"https:\/\/batreisende.no\/index.php?rest_route=\/wp\/v2\/pages\/1756"}],"collection":[{"href":"https:\/\/batreisende.no\/index.php?rest_route=\/wp\/v2\/pages"}],"about":[{"href":"https:\/\/batreisende.no\/index.php?rest_route=\/wp\/v2\/types\/page"}],"author":[{"embeddable":true,"href":"https:\/\/batreisende.no\/index.php?rest_route=\/wp\/v2\/users\/7"}],"replies":[{"embeddable":true,"href":"https:\/\/batreisende.no\/index.php?rest_route=%2Fwp%2Fv2%2Fcomments&post=1756"}],"version-history":[{"count":2,"href":"https:\/\/batreisende.no\/index.php?rest_route=\/wp\/v2\/pages\/1756\/revisions"}],"predecessor-version":[{"id":1758,"href":"https:\/\/batreisende.no\/index.php?rest_route=\/wp\/v2\/pages\/1756\/revisions\/1758"}],"wp:attachment":[{"href":"https:\/\/batreisende.no\/index.php?rest_route=%2Fwp%2Fv2%2Fmedia&parent=1756"}],"curies":[{"name":"wp","href":"https:\/\/api.w.org\/{rel}","templated":true}]}}