{"id":162,"date":"2009-06-08T00:01:45","date_gmt":"2009-06-08T00:01:45","guid":{"rendered":"http:\/\/haugalandmuseene.no\/dbr\/?page_id=162"},"modified":"2010-06-10T08:27:32","modified_gmt":"2010-06-10T08:27:32","slug":"et-minne-dypt-i-hjertet-av-laila-yrvum","status":"publish","type":"page","link":"https:\/\/batreisende.no\/?page_id=162","title":{"rendered":"Et minne dypt i hjertet"},"content":{"rendered":"<p>av Laila Yrvum<\/p>\n<p class=\"audioplayer_container\"><span style=\"display:block;padding:5px;border:1px solid #dddddd;background:#f8f8f8\" id=\"audioplayer_1\">Audio clip: Adobe Flash Player (version 9 or above) is required to play this audio clip. Download the latest version <a href=\"http:\/\/www.adobe.com\/shockwave\/download\/download.cgi?P1_Prod_Version=ShockwaveFlash&amp;promoid=BIOW\" title=\"Download Adobe Flash Player\">here<\/a>. You also need to have JavaScript enabled in your browser.<\/span><script type=\"text\/javascript\">AudioPlayer.embed(\"audioplayer_1\", {soundFile:\"aHR0cDovL2JhdHJlaXNlbmRlLm5vLy8vd3AtY29udGVudC91cGxvYWRzL2xhaWxhX3lydnVtXy1fZXRfbWlubmVfZHlwdF9pX2hqZXJ0ZXQxLm1wMw\"});<\/script><\/p>\n<p>\u00a0<\/p>\n<p>Et minne dypt i hjertet mitt jeg gjemmer<\/p>\n<p>det kan ei slettast ut p\u00e5 denna jord.<\/p>\n<p>Du talar til meg med s\u00e5 mange stemmer<\/p>\n<p>og hviskar til meg mange rare ord<\/p>\n<p>\u00a0<\/p>\n<p>For andre har du lite at betyde<\/p>\n<p>for meg du er en skatt s\u00e5 stor og rik.<\/p>\n<p>Som kan f\u00e5 kvinnans hjerte til \u00e5 lyde<\/p>\n<p>For kvinnans hjerte er vel engang slik.<\/p>\n<p>\u00a0<\/p>\n<p>N\u00e5r det er m\u00f8rkt og n\u00e5r de andre sover.<\/p>\n<p>Da vandrer jeg omkring foruten deg.<\/p>\n<p>Da sender jeg en tanke til deg over<\/p>\n<p>en tanke til deg fra min ensomhet.<\/p>\n<p>\u00a0<\/p>\n<p>Ditt bruna h\u00e5r som faller om din panne<\/p>\n<p>det str\u00f8k jag bort med \u00f8m og varsam hand.<\/p>\n<p>Din stemma l\u00f8d som brus fr\u00e5n fjerna vannen<\/p>\n<p>din kind den brende ofte i mot min.<\/p>\n<p>\u00a0<\/p>\n<p>Jeg elsker disse stille aftenstunder<\/p>\n<p>jeg elsker sj\u00f8en, stille, rolig, blank.<\/p>\n<p>N\u00e5r sorgens toner for mitt \u00f8re lyder<\/p>\n<p>jeg hvile finner p\u00e5 den gr\u00f8nne vang.<\/p>\n","protected":false},"excerpt":{"rendered":"<p>av Laila Yrvum<\/p>\n<p><p class=\"audioplayer_container\"><span style=\"display:block;padding:5px;border:1px solid #dddddd;background:#f8f8f8\" id=\"audioplayer_2\">Audio clip: Adobe Flash Player (version 9 or above) is required to play this audio clip. Download the latest version <a href=\"http:\/\/www.adobe.com\/shockwave\/download\/download.cgi?P1_Prod_Version=ShockwaveFlash&amp;promoid=BIOW\" title=\"Download Adobe Flash Player\">here<\/a>. You also need to have JavaScript enabled in your browser.<\/span><script type=\"text\/javascript\">AudioPlayer.embed(\"audioplayer_2\", {soundFile:\"aHR0cDovL2JhdHJlaXNlbmRlLm5vLy8vd3AtY29udGVudC91cGxvYWRzL2xhaWxhX3lydnVtXy1fZXRfbWlubmVfZHlwdF9pX2hqZXJ0ZXQxLm1wMw\"});<\/script><\/p><\/p>\n<p>\u00a0<\/p>\n<p>Et minne dypt i hjertet mitt jeg gjemmer<\/p>\n<p>det kan ei slettast ut p\u00e5 denna jord.<\/p>\n<p>Du talar til meg med s\u00e5 mange stemmer<\/p>\n<p>og hviskar til meg mange rare ord<\/p>\n<p>\u00a0<\/p>\n<p>For andre har du lite at betyde<\/p>\n<p>for meg du er en skatt s\u00e5 stor og rik.<\/p>\n<p>Som kan f\u00e5 kvinnans hjerte til \u00e5 lyde<\/p>\n<p>For kvinnans hjerte er vel engang slik.<\/p>\n<p>\u00a0<\/p>\n<p>N\u00e5r det er m\u00f8rkt og n\u00e5r de andre sover.<\/p>\n<p>Da vandrer jeg omkring foruten deg.<\/p>\n<p>Da sender jeg en tanke til deg over<\/p>\n<p>en tanke til deg fra min ensomhet.<\/p>\n<p>\u00a0<\/p>\n<p>Ditt bruna h\u00e5r som faller om din panne<\/p>\n<p>det str\u00f8k jag bort med \u00f8m og varsam hand.<\/p>\n<p>Din stemma l\u00f8d som brus fr\u00e5n fjerna vannen<\/p>\n<p>din kind den brende ofte i mot min.<\/p>\n<p>\u00a0<\/p>\n<p>Jeg elsker disse stille aftenstunder<\/p>\n<p>jeg elsker sj\u00f8en, stille, rolig, blank.<\/p>\n<p>N\u00e5r sorgens toner for mitt \u00f8re lyder<\/p>\n<p>jeg hvile finner p\u00e5 den gr\u00f8nne vang.<\/p>\n","protected":false},"author":3,"featured_media":0,"parent":5,"menu_order":1,"comment_status":"closed","ping_status":"closed","template":"","meta":[],"_links":{"self":[{"href":"https:\/\/batreisende.no\/index.php?rest_route=\/wp\/v2\/pages\/162"}],"collection":[{"href":"https:\/\/batreisende.no\/index.php?rest_route=\/wp\/v2\/pages"}],"about":[{"href":"https:\/\/batreisende.no\/index.php?rest_route=\/wp\/v2\/types\/page"}],"author":[{"embeddable":true,"href":"https:\/\/batreisende.no\/index.php?rest_route=\/wp\/v2\/users\/3"}],"replies":[{"embeddable":true,"href":"https:\/\/batreisende.no\/index.php?rest_route=%2Fwp%2Fv2%2Fcomments&post=162"}],"version-history":[{"count":13,"href":"https:\/\/batreisende.no\/index.php?rest_route=\/wp\/v2\/pages\/162\/revisions"}],"predecessor-version":[{"id":1319,"href":"https:\/\/batreisende.no\/index.php?rest_route=\/wp\/v2\/pages\/162\/revisions\/1319"}],"up":[{"embeddable":true,"href":"https:\/\/batreisende.no\/index.php?rest_route=\/wp\/v2\/pages\/5"}],"wp:attachment":[{"href":"https:\/\/batreisende.no\/index.php?rest_route=%2Fwp%2Fv2%2Fmedia&parent=162"}],"curies":[{"name":"wp","href":"https:\/\/api.w.org\/{rel}","templated":true}]}}