{"id":1394,"date":"2010-06-11T14:30:22","date_gmt":"2010-06-11T14:30:22","guid":{"rendered":"http:\/\/haugalandmuseene.no\/dbr\/?page_id=1394"},"modified":"2010-07-05T08:03:13","modified_gmt":"2010-07-05T08:03:13","slug":"knivmakere","status":"publish","type":"page","link":"https:\/\/batreisende.no\/?page_id=1394","title":{"rendered":"Knivmakere"},"content":{"rendered":"<p>Kniven (\u201dkjuro\u201d) var for de reisende et verkt\u00f8y, et v\u00e5pen og et symbol. En fin kniv gav status og en god knivmaker var h\u00f8yt aktet. Knivene var ogs\u00e5 en handelsvare. B\u00e5de skaft og slire var gjerne formet av metall og de var gjerne gravert i fine m\u00f8nstre. Noen lagde ogs\u00e5 skaftet i ulike tresorter, bein eller horn.<\/p>\n","protected":false},"excerpt":{"rendered":"<p>Kniven (\u201dkjuro\u201d) var for de reisende et verkt\u00f8y, et v\u00e5pen og et symbol. En fin kniv gav status og en god knivmaker var h\u00f8yt aktet. Knivene var ogs\u00e5 en handelsvare. B\u00e5de skaft og slire var gjerne formet av metall og de var gjerne gravert i fine m\u00f8nstre. Noen lagde ogs\u00e5 skaftet i ulike tresorter, bein eller horn.<\/p>\n","protected":false},"author":7,"featured_media":0,"parent":0,"menu_order":0,"comment_status":"closed","ping_status":"open","template":"","meta":[],"_links":{"self":[{"href":"https:\/\/batreisende.no\/index.php?rest_route=\/wp\/v2\/pages\/1394"}],"collection":[{"href":"https:\/\/batreisende.no\/index.php?rest_route=\/wp\/v2\/pages"}],"about":[{"href":"https:\/\/batreisende.no\/index.php?rest_route=\/wp\/v2\/types\/page"}],"author":[{"embeddable":true,"href":"https:\/\/batreisende.no\/index.php?rest_route=\/wp\/v2\/users\/7"}],"replies":[{"embeddable":true,"href":"https:\/\/batreisende.no\/index.php?rest_route=%2Fwp%2Fv2%2Fcomments&post=1394"}],"version-history":[{"count":3,"href":"https:\/\/batreisende.no\/index.php?rest_route=\/wp\/v2\/pages\/1394\/revisions"}],"predecessor-version":[{"id":1398,"href":"https:\/\/batreisende.no\/index.php?rest_route=\/wp\/v2\/pages\/1394\/revisions\/1398"}],"wp:attachment":[{"href":"https:\/\/batreisende.no\/index.php?rest_route=%2Fwp%2Fv2%2Fmedia&parent=1394"}],"curies":[{"name":"wp","href":"https:\/\/api.w.org\/{rel}","templated":true}]}}