{"id":1346,"date":"2010-06-11T09:33:49","date_gmt":"2010-06-11T09:33:49","guid":{"rendered":"http:\/\/haugalandmuseene.no\/dbr\/?page_id=1346"},"modified":"2010-06-28T12:47:10","modified_gmt":"2010-06-28T12:47:10","slug":"fortelleren-daniel","status":"publish","type":"page","link":"https:\/\/batreisende.no\/?page_id=1346","title":{"rendered":"Fortelleren Daniel"},"content":{"rendered":"<p>Daniel Oliver Bornedriusson var blikksmed fra Dale i Sogn og Fjordane. Han er kjent for sine saftige historier. Mange av historiene huskes fremdeles i dag, og betegnes som Danielsogene. Hans sammenblanding av dikt, overdrivelser og fakta og mangel p\u00e5 sammenheng endte alltid i glitrende underholdning som folk lo og \u201dgotta\u201d seg av.<\/p>\n<p>Daniel ble f\u00f8dt i 1873. Han var gift med Laura Emanuelsdotter, og sammen hadde de elleve barn.\u00a0Dikteren Jacob Sande skal ha brukt han som bakgrunn og inspirasjon i diktinga si. Daniel og hans fortellerkunst lever p\u00e5 folkemunne i Fjaler.<\/p>\n<p>Noen reisende har v\u00e6rt respekterte og anerkjente som gode fortellere. De kunne ta med seg fortellingene sine fra sted til sted, og store som sm\u00e5 flokket seg rundt dem for \u00e5 h\u00f8re. Daniel var en av disse.<\/p>\n","protected":false},"excerpt":{"rendered":"<p>Daniel Oliver Bornedriusson var blikksmed fra Dale i Sogn og Fjordane. Han er kjent for sine saftige historier. Mange av historiene huskes fremdeles i dag, og betegnes som Danielsogene. Hans sammenblanding av dikt, overdrivelser og fakta og mangel p\u00e5 sammenheng endte alltid i glitrende underholdning som folk lo og \u201dgotta\u201d seg av.<\/p>\n<p>Daniel ble f\u00f8dt i 1873. Han var gift med Laura Emanuelsdotter, og sammen hadde de elleve barn.\u00a0Dikteren Jacob Sande skal ha brukt han som bakgrunn og inspirasjon i diktinga si. Daniel og hans fortellerkunst lever p\u00e5 folkemunne i Fjaler.<\/p>\n<p>Noen reisende har v\u00e6rt respekterte og anerkjente som gode fortellere. De kunne ta med seg fortellingene sine fra sted til sted, og store som sm\u00e5 flokket seg rundt dem for \u00e5 h\u00f8re. Daniel var en av disse.<\/p>\n","protected":false},"author":7,"featured_media":0,"parent":0,"menu_order":0,"comment_status":"closed","ping_status":"open","template":"","meta":[],"_links":{"self":[{"href":"https:\/\/batreisende.no\/index.php?rest_route=\/wp\/v2\/pages\/1346"}],"collection":[{"href":"https:\/\/batreisende.no\/index.php?rest_route=\/wp\/v2\/pages"}],"about":[{"href":"https:\/\/batreisende.no\/index.php?rest_route=\/wp\/v2\/types\/page"}],"author":[{"embeddable":true,"href":"https:\/\/batreisende.no\/index.php?rest_route=\/wp\/v2\/users\/7"}],"replies":[{"embeddable":true,"href":"https:\/\/batreisende.no\/index.php?rest_route=%2Fwp%2Fv2%2Fcomments&post=1346"}],"version-history":[{"count":5,"href":"https:\/\/batreisende.no\/index.php?rest_route=\/wp\/v2\/pages\/1346\/revisions"}],"predecessor-version":[{"id":1354,"href":"https:\/\/batreisende.no\/index.php?rest_route=\/wp\/v2\/pages\/1346\/revisions\/1354"}],"wp:attachment":[{"href":"https:\/\/batreisende.no\/index.php?rest_route=%2Fwp%2Fv2%2Fmedia&parent=1346"}],"curies":[{"name":"wp","href":"https:\/\/api.w.org\/{rel}","templated":true}]}}