{"id":1344,"date":"2010-06-11T09:32:07","date_gmt":"2010-06-11T09:32:07","guid":{"rendered":"http:\/\/haugalandmuseene.no\/dbr\/?page_id=1344"},"modified":"2010-07-10T20:53:27","modified_gmt":"2010-07-10T20:53:27","slug":"m%c3%b8t-menneskene","status":"publish","type":"page","link":"https:\/\/batreisende.no\/?page_id=1344","title":{"rendered":"M\u00f8t menneskene"},"content":{"rendered":"<p>Blant de b\u00e5treisende har det v\u00e6rt mange synlige skikkelser som har markert seg langs kysten. Det kan ha v\u00e6rt folk med spesielle evner eller andre s\u00e6regenheter. De har\u00a0v\u00e6rt godt likt i\u00a0lokalsamfunnet, og\u00a0huskes enn\u00e5 av mange. Under\u00a0kan du f\u00e5 lese mer om et lite utvalg av noen kjente b\u00e5treisende:<\/p>\n<p><a href=\"\/?page_id=1003 \">B\u00f8re-Marta<\/a><\/p>\n<p><a href=\"\/?page_id=1063\">Ambrosius og Brusene<\/a><\/p>\n<p><span id=\"sample-permalink\"><a href=\"\/?page_id=1066\">Sanderen<\/a><\/span><\/p>\n<p><span><a href=\"\/?page_id=1346 \">Forelleren Daniel<\/a><\/span><\/p>\n","protected":false},"excerpt":{"rendered":"<p>Blant de b\u00e5treisende har det v\u00e6rt mange synlige skikkelser som har markert seg langs kysten. Det kan ha v\u00e6rt folk med spesielle evner eller andre s\u00e6regenheter. De har\u00a0v\u00e6rt godt likt i\u00a0lokalsamfunnet, og\u00a0huskes enn\u00e5 av mange. Under\u00a0kan du f\u00e5 lese mer om et lite utvalg av noen kjente b\u00e5treisende:<\/p>\n<p><a href=\"\/?page_id=1003 \">B\u00f8re-Marta<\/a><\/p>\n<p><a href=\"\/?page_id=1063\">Ambrosius og Brusene<\/a><\/p>\n<p><span id=\"sample-permalink\"><a href=\"\/?page_id=1066\">Sanderen<\/a><\/span><\/p>\n<p><span><a href=\"\/?page_id=1346 \">Forelleren Daniel<\/a><\/span><\/p>\n","protected":false},"author":7,"featured_media":0,"parent":9,"menu_order":6,"comment_status":"closed","ping_status":"open","template":"","meta":[],"_links":{"self":[{"href":"https:\/\/batreisende.no\/index.php?rest_route=\/wp\/v2\/pages\/1344"}],"collection":[{"href":"https:\/\/batreisende.no\/index.php?rest_route=\/wp\/v2\/pages"}],"about":[{"href":"https:\/\/batreisende.no\/index.php?rest_route=\/wp\/v2\/types\/page"}],"author":[{"embeddable":true,"href":"https:\/\/batreisende.no\/index.php?rest_route=\/wp\/v2\/users\/7"}],"replies":[{"embeddable":true,"href":"https:\/\/batreisende.no\/index.php?rest_route=%2Fwp%2Fv2%2Fcomments&post=1344"}],"version-history":[{"count":8,"href":"https:\/\/batreisende.no\/index.php?rest_route=\/wp\/v2\/pages\/1344\/revisions"}],"predecessor-version":[{"id":1940,"href":"https:\/\/batreisende.no\/index.php?rest_route=\/wp\/v2\/pages\/1344\/revisions\/1940"}],"up":[{"embeddable":true,"href":"https:\/\/batreisende.no\/index.php?rest_route=\/wp\/v2\/pages\/9"}],"wp:attachment":[{"href":"https:\/\/batreisende.no\/index.php?rest_route=%2Fwp%2Fv2%2Fmedia&parent=1344"}],"curies":[{"name":"wp","href":"https:\/\/api.w.org\/{rel}","templated":true}]}}