{"id":13,"date":"2009-04-28T10:50:56","date_gmt":"2009-04-28T08:50:56","guid":{"rendered":"http:\/\/haugalandmuseene.no\/dbr\/?page_id=13"},"modified":"2010-07-09T07:40:06","modified_gmt":"2010-07-09T07:40:06","slug":"historie","status":"publish","type":"page","link":"https:\/\/batreisende.no\/?page_id=13","title":{"rendered":"M\u00f8te med Storsamfunnet"},"content":{"rendered":"<p style=\"text-align: justify;\">I flere hundre \u00e5r har de reisende blitt diskriminert. Den norske staten godtok ikke at en gruppe mennesker skulle reise rundt uten fast bosted. P\u00e5 midten av 1800-tallet \u00f8nsket den norske staten \u00e5 v\u00e6re en nasjon med en felles kultur og\u00a0ett spr\u00e5k. Da ble det enda vanskeligere for de reisende \u00e5 leve i\u00a0Norge.<\/p>\n<p style=\"text-align: justify;\">Fra rundt 1900 ble mange av barna til romanifolket sendt\u00a0p\u00e5 barnehjem. Mange familier ble sendt til Svanviken arbeidskoloni. Der skulle de l\u00e6re seg \u00e5 bli bofaste.\u00a0Det var <em>Norsk Misjon blant hjeml\u00f8se<\/em> som gjennomf\u00f8rte disse tiltakene mot de reisende. Helt fram til 1989 ble mange barn tatt fra foreldrene.<\/p>\n<p style=\"text-align: justify;\">Mye av romanifolkets kultur, spr\u00e5k og historie er g\u00e5tt tapt som f\u00f8lge av de harde tiltakene mot dem.<\/p>\n","protected":false},"excerpt":{"rendered":"<p style=\"text-align: justify;\">I flere hundre \u00e5r har de reisende blitt diskriminert. Den norske staten godtok ikke at en gruppe mennesker skulle reise rundt uten fast bosted. P\u00e5 midten av 1800-tallet \u00f8nsket den norske staten \u00e5 v\u00e6re en nasjon med en felles kultur og\u00a0ett spr\u00e5k. Da ble det enda vanskeligere for de reisende \u00e5 leve i\u00a0Norge.<\/p>\n<p style=\"text-align: justify;\">Fra rundt 1900 ble mange av barna til romanifolket sendt\u00a0p\u00e5 barnehjem. Mange familier ble sendt til Svanviken arbeidskoloni. Der skulle de l\u00e6re seg \u00e5 bli bofaste.\u00a0Det var <em>Norsk Misjon blant hjeml\u00f8se<\/em> som gjennomf\u00f8rte disse tiltakene mot de reisende. Helt fram til 1989 ble mange barn tatt fra foreldrene.<\/p>\n<p style=\"text-align: justify;\">Mye av romanifolkets kultur, spr\u00e5k og historie er g\u00e5tt tapt som f\u00f8lge av de harde tiltakene mot dem.<\/p>\n","protected":false},"author":3,"featured_media":0,"parent":0,"menu_order":0,"comment_status":"closed","ping_status":"closed","template":"","meta":[],"_links":{"self":[{"href":"https:\/\/batreisende.no\/index.php?rest_route=\/wp\/v2\/pages\/13"}],"collection":[{"href":"https:\/\/batreisende.no\/index.php?rest_route=\/wp\/v2\/pages"}],"about":[{"href":"https:\/\/batreisende.no\/index.php?rest_route=\/wp\/v2\/types\/page"}],"author":[{"embeddable":true,"href":"https:\/\/batreisende.no\/index.php?rest_route=\/wp\/v2\/users\/3"}],"replies":[{"embeddable":true,"href":"https:\/\/batreisende.no\/index.php?rest_route=%2Fwp%2Fv2%2Fcomments&post=13"}],"version-history":[{"count":55,"href":"https:\/\/batreisende.no\/index.php?rest_route=\/wp\/v2\/pages\/13\/revisions"}],"predecessor-version":[{"id":15,"href":"https:\/\/batreisende.no\/index.php?rest_route=\/wp\/v2\/pages\/13\/revisions\/15"}],"wp:attachment":[{"href":"https:\/\/batreisende.no\/index.php?rest_route=%2Fwp%2Fv2%2Fmedia&parent=13"}],"curies":[{"name":"wp","href":"https:\/\/api.w.org\/{rel}","templated":true}]}}