{"id":1162,"date":"2010-06-04T08:33:12","date_gmt":"2010-06-04T08:33:12","guid":{"rendered":"http:\/\/haugalandmuseene.no\/dbr\/?page_id=1162"},"modified":"2010-07-10T21:04:29","modified_gmt":"2010-07-10T21:04:29","slug":"blikkenslageren","status":"publish","type":"page","link":"https:\/\/batreisende.no\/?page_id=1162","title":{"rendered":"Blikkenslageren"},"content":{"rendered":"<p><a rel=\"attachment wp-att-1746\" href=\"http:\/\/batreisende.no\/?attachment_id=1746\"><img loading=\"lazy\" class=\"alignnone size-full wp-image-1746\" title=\"Aksel Larsen fra Fjaler i Sunnfjord\" src=\"\/wp-content\/uploads\/Image00017.jpg\" alt=\"Aksel Larsen fra Fjaler i Sunnfjord\" width=\"233\" height=\"336\" srcset=\"https:\/\/batreisende.no\/wp-content\/uploads\/Image00017.jpg 415w, https:\/\/batreisende.no\/wp-content\/uploads\/Image00017-207x300.jpg 207w\" sizes=\"(max-width: 233px) 100vw, 233px\" \/><\/a><\/p>\n<p style=\"text-align: justify;\">Aksel Larsen var fastboende blikkenslager og bodde i Fjaler i Sunnfjord. Den lille stua han bodde i var b\u00e5de bolig og verksted. Der laget han blikkholker, fiskekroker og \u00e5rer til rob\u00e5ter.<img title=\"(Mer...)\" src=\"\/wp-includes\/js\/tinymce\/plugins\/wordpress\/img\/trans.gif\" alt=\"\" \/><\/p>\n<p style=\"text-align: justify;\">Aksel rodde fjordene, havet og \u00f8yene, solgte og kj\u00f8pte, og slo av en prat med kjente og ukjente. Han var ofte p\u00e5 reiser i flere uker om gangen. I 62 \u00e5r reiste han rundt. Aksel Larsen ble regnet som den siste roende reisende p\u00e5 Vestlandet.<\/p>\n<p style=\"text-align: justify;\">Aksel ble f\u00f8dt i Askvold i 1882 som yngstemann i en barneflokk p\u00e5 tolv.\u00a0Foreldrene hans var Lars B\u00f8rresen og Martha Akselsdotter, mest kjent som B\u00f8re-Lars og B\u00f8re-Martha. De tilh\u00f8rte et av de store f\u00f8lgene p\u00e5 Vestlandet p\u00e5 1800-tallet, B\u00f8re-f\u00f8lget. F\u00f8lget hadde f\u00e5tt navn etter bestefaren til Aksel som het B\u00f8re Henriksen (f. 1797).<\/p>\n","protected":false},"excerpt":{"rendered":"<p><a rel=\"attachment wp-att-1746\" href=\"http:\/\/batreisende.no\/?attachment_id=1746\"><img loading=\"lazy\" class=\"alignnone size-full wp-image-1746\" title=\"Aksel Larsen fra Fjaler i Sunnfjord\" src=\"\/wp-content\/uploads\/Image00017.jpg\" alt=\"Aksel Larsen fra Fjaler i Sunnfjord\" width=\"233\" height=\"336\" srcset=\"https:\/\/batreisende.no\/wp-content\/uploads\/Image00017.jpg 415w, https:\/\/batreisende.no\/wp-content\/uploads\/Image00017-207x300.jpg 207w\" sizes=\"(max-width: 233px) 100vw, 233px\" \/><\/a><\/p>\n<p style=\"text-align: justify;\">Aksel Larsen var fastboende blikkenslager og bodde i Fjaler i Sunnfjord. Den lille stua han bodde i var b\u00e5de bolig og verksted. Der laget han blikkholker, fiskekroker og \u00e5rer til rob\u00e5ter.<img title=\"(Mer...)\" src=\"\/wp-includes\/js\/tinymce\/plugins\/wordpress\/img\/trans.gif\" alt=\"\" \/><\/p>\n<p style=\"text-align: justify;\">Aksel rodde fjordene, havet og \u00f8yene, solgte og kj\u00f8pte, og slo av en prat med kjente og ukjente. Han var ofte p\u00e5 reiser i flere uker om gangen. I 62 \u00e5r reiste han rundt. Aksel Larsen ble regnet som den siste roende reisende p\u00e5 Vestlandet.<\/p>\n<p style=\"text-align: justify;\">Aksel ble f\u00f8dt i Askvold i 1882 som yngstemann i en barneflokk p\u00e5 tolv.\u00a0Foreldrene hans var Lars B\u00f8rresen og Martha Akselsdotter, mest kjent som B\u00f8re-Lars og B\u00f8re-Martha. De tilh\u00f8rte et av de store f\u00f8lgene p\u00e5 Vestlandet p\u00e5 1800-tallet, B\u00f8re-f\u00f8lget. F\u00f8lget hadde f\u00e5tt navn etter bestefaren til Aksel som het B\u00f8re Henriksen (f. 1797).<\/p>\n","protected":false},"author":7,"featured_media":0,"parent":0,"menu_order":0,"comment_status":"closed","ping_status":"open","template":"","meta":[],"_links":{"self":[{"href":"https:\/\/batreisende.no\/index.php?rest_route=\/wp\/v2\/pages\/1162"}],"collection":[{"href":"https:\/\/batreisende.no\/index.php?rest_route=\/wp\/v2\/pages"}],"about":[{"href":"https:\/\/batreisende.no\/index.php?rest_route=\/wp\/v2\/types\/page"}],"author":[{"embeddable":true,"href":"https:\/\/batreisende.no\/index.php?rest_route=\/wp\/v2\/users\/7"}],"replies":[{"embeddable":true,"href":"https:\/\/batreisende.no\/index.php?rest_route=%2Fwp%2Fv2%2Fcomments&post=1162"}],"version-history":[{"count":11,"href":"https:\/\/batreisende.no\/index.php?rest_route=\/wp\/v2\/pages\/1162\/revisions"}],"predecessor-version":[{"id":1964,"href":"https:\/\/batreisende.no\/index.php?rest_route=\/wp\/v2\/pages\/1162\/revisions\/1964"}],"wp:attachment":[{"href":"https:\/\/batreisende.no\/index.php?rest_route=%2Fwp%2Fv2%2Fmedia&parent=1162"}],"curies":[{"name":"wp","href":"https:\/\/api.w.org\/{rel}","templated":true}]}}