{"id":1087,"date":"2010-04-30T07:59:49","date_gmt":"2010-04-30T07:59:49","guid":{"rendered":"http:\/\/haugalandmuseene.no\/dbr\/?page_id=1087"},"modified":"2010-07-10T21:07:29","modified_gmt":"2010-07-10T21:07:29","slug":"familien","status":"publish","type":"page","link":"https:\/\/batreisende.no\/?page_id=1087","title":{"rendered":"Familie"},"content":{"rendered":"<p style=\"text-align: justify;\"><a href=\"\/wp-content\/uploads\/MHB-F.008545.jpg\"><\/a><\/p>\n<p style=\"text-align: justify;\"><a rel=\"attachment wp-att-1706\" href=\"http:\/\/batreisende.no\/?attachment_id=1706\"><img loading=\"lazy\" class=\"alignnone size-full wp-image-1706\" title=\"Familie med d\u00e5psbarn p\u00e5 Svanviken. Foto: Karmsund Folkemuseum\" src=\"\/wp-content\/uploads\/Image00022.jpg\" alt=\"Familie med d\u00e5psbarn p\u00e5 Svanviken. Foto: Karmsund Folkemuseum\" width=\"291\" height=\"420\" srcset=\"https:\/\/batreisende.no\/wp-content\/uploads\/Image00022.jpg 416w, https:\/\/batreisende.no\/wp-content\/uploads\/Image00022-208x300.jpg 208w\" sizes=\"(max-width: 291px) 100vw, 291px\" \/><\/a>\u00a0<\/p>\n<p style=\"text-align: justify;\">Familien er viktig\u00a0i de reisendes kultur. Det\u00a0var vanlig med store s\u00f8skenflokker, og noen ganger levde barn, foreldre, besteforeldre, onkler og tanter sammen. Under reising kunne flere familier sl\u00e5 seg sammen slik at de dannet et st\u00f8rre reisef\u00f8lge. Frykten for \u00e5 bli fratatt barna har nok p\u00e5virket reisingen til mange familier, og mange var forsiktige med kontakt med de fastboende.<\/p>\n<p style=\"text-align: justify;\">Barna l\u00e6rte seg tidlig \u00e5 hjelpe de voksne i deres arbeid. Ofte var det slik at guttene overtok fedrenes oppgaver, mens jentene fulgte i m\u00f8drenes fotspor. De minste barna var ofte igjen i b\u00e5ten, men barna l\u00e6rte tidlig \u00e5 bli med p\u00e5 handel p\u00e5 g\u00e5rdene. Et trekk ved oppdragelsen var respekt og lydighet for de eldre. De fikk en kj\u00e6rlig, men streng oppdragelse.\u00a0 \u00c6rlighet var ogs\u00e5 viktig.<\/p>\n<p style=\"text-align: justify;\">Familien var avhengig av \u00e5 beholde et godt forhold til de g\u00e5rdene de fikk overnatte p\u00e5 og handlet med. En del reisende fikk ogs\u00e5 kjenne den smertefulle opplevelsen av langvarig sult. Dette har for mange gitt en frykt som sitter igjen for resten av livet.<strong> <\/strong><\/p>\n","protected":false},"excerpt":{"rendered":"<p style=\"text-align: justify;\"><a href=\"\/wp-content\/uploads\/MHB-F.008545.jpg\"><\/a><\/p>\n<p style=\"text-align: justify;\"><a rel=\"attachment wp-att-1706\" href=\"http:\/\/batreisende.no\/?attachment_id=1706\"><img loading=\"lazy\" class=\"alignnone size-full wp-image-1706\" title=\"Familie med d\u00e5psbarn p\u00e5 Svanviken. Foto: Karmsund Folkemuseum\" src=\"\/wp-content\/uploads\/Image00022.jpg\" alt=\"Familie med d\u00e5psbarn p\u00e5 Svanviken. Foto: Karmsund Folkemuseum\" width=\"291\" height=\"420\" srcset=\"https:\/\/batreisende.no\/wp-content\/uploads\/Image00022.jpg 416w, https:\/\/batreisende.no\/wp-content\/uploads\/Image00022-208x300.jpg 208w\" sizes=\"(max-width: 291px) 100vw, 291px\" \/><\/a>\u00a0<\/p>\n<p style=\"text-align: justify;\">Familien er viktig\u00a0i de reisendes kultur. Det\u00a0var vanlig med store s\u00f8skenflokker, og noen ganger levde barn, foreldre, besteforeldre, onkler og tanter sammen. Under reising kunne flere familier sl\u00e5 seg sammen slik at de dannet et st\u00f8rre reisef\u00f8lge. Frykten for \u00e5 bli fratatt barna har nok p\u00e5virket reisingen til mange familier, og mange var forsiktige med kontakt med de fastboende.<\/p>\n<p style=\"text-align: justify;\">Barna l\u00e6rte seg tidlig \u00e5 hjelpe de voksne i deres arbeid. Ofte var det slik at guttene overtok fedrenes oppgaver, mens jentene fulgte i m\u00f8drenes fotspor. De minste barna var ofte igjen i b\u00e5ten, men barna l\u00e6rte tidlig \u00e5 bli med p\u00e5 handel p\u00e5 g\u00e5rdene. Et trekk ved oppdragelsen var respekt og lydighet for de eldre. De fikk en kj\u00e6rlig, men streng oppdragelse.\u00a0 \u00c6rlighet var ogs\u00e5 viktig.<\/p>\n<p style=\"text-align: justify;\">Familien var avhengig av \u00e5 beholde et godt forhold til de g\u00e5rdene de fikk overnatte p\u00e5 og handlet med. En del reisende fikk ogs\u00e5 kjenne den smertefulle opplevelsen av langvarig sult. Dette har for mange gitt en frykt som sitter igjen for resten av livet.<strong> <\/strong><\/p>\n","protected":false},"author":7,"featured_media":0,"parent":7,"menu_order":0,"comment_status":"closed","ping_status":"open","template":"","meta":[],"_links":{"self":[{"href":"https:\/\/batreisende.no\/index.php?rest_route=\/wp\/v2\/pages\/1087"}],"collection":[{"href":"https:\/\/batreisende.no\/index.php?rest_route=\/wp\/v2\/pages"}],"about":[{"href":"https:\/\/batreisende.no\/index.php?rest_route=\/wp\/v2\/types\/page"}],"author":[{"embeddable":true,"href":"https:\/\/batreisende.no\/index.php?rest_route=\/wp\/v2\/users\/7"}],"replies":[{"embeddable":true,"href":"https:\/\/batreisende.no\/index.php?rest_route=%2Fwp%2Fv2%2Fcomments&post=1087"}],"version-history":[{"count":17,"href":"https:\/\/batreisende.no\/index.php?rest_route=\/wp\/v2\/pages\/1087\/revisions"}],"predecessor-version":[{"id":1967,"href":"https:\/\/batreisende.no\/index.php?rest_route=\/wp\/v2\/pages\/1087\/revisions\/1967"}],"up":[{"embeddable":true,"href":"https:\/\/batreisende.no\/index.php?rest_route=\/wp\/v2\/pages\/7"}],"wp:attachment":[{"href":"https:\/\/batreisende.no\/index.php?rest_route=%2Fwp%2Fv2%2Fmedia&parent=1087"}],"curies":[{"name":"wp","href":"https:\/\/api.w.org\/{rel}","templated":true}]}}