{"id":1066,"date":"2010-04-22T11:54:21","date_gmt":"2010-04-22T11:54:21","guid":{"rendered":"http:\/\/haugalandmuseene.no\/dbr\/?page_id=1066"},"modified":"2010-07-10T20:54:41","modified_gmt":"2010-07-10T20:54:41","slug":"sanderen","status":"publish","type":"page","link":"https:\/\/batreisende.no\/?page_id=1066","title":{"rendered":"Sanderen"},"content":{"rendered":"<p><a rel=\"attachment wp-att-1365\" href=\"http:\/\/batreisende.no\/?attachment_id=1365\"><\/a><a rel=\"attachment wp-att-1364\" href=\"http:\/\/batreisende.no\/?attachment_id=1364\"><\/a><\/p>\n<p style=\"text-align: justify;\"><a rel=\"attachment wp-att-1773\" href=\"http:\/\/batreisende.no\/?attachment_id=1773\"><\/a><a rel=\"attachment wp-att-1774\" href=\"http:\/\/batreisende.no\/?attachment_id=1774\"><img loading=\"lazy\" class=\"alignnone size-large wp-image-1774\" title=\"&quot;Sandern&quot; Aleksander Pettersen p\u00e5 b\u00e5t\" src=\"\/wp-content\/uploads\/Image000181-590x472.jpg\" alt=\"&quot;Sandern&quot; Aleksander Pettersen p\u00e5 b\u00e5t\" width=\"413\" height=\"330\" srcset=\"https:\/\/batreisende.no\/wp-content\/uploads\/Image000181-590x472.jpg 590w, https:\/\/batreisende.no\/wp-content\/uploads\/Image000181-250x200.jpg 250w, https:\/\/batreisende.no\/wp-content\/uploads\/Image000181.jpg 750w\" sizes=\"(max-width: 413px) 100vw, 413px\" \/><\/a>\u00a0<\/p>\n<p style=\"text-align: justify;\">\u201dSandern\u201d Aleksander Pettersen ble f\u00f8dt i 1890. Han og kona Gunvor Ludviksen tilh\u00f8rte en stor reisende slekt som holdt til i omr\u00e5det mellom Karm\u00f8y og Bergen. Slekta var godt kjent i omr\u00e5det. De reiste rundt med blikkspann, kjeler og andre handelsvarer store deler av \u00e5ret og overnattet i naust og sj\u00f8hus. N\u00e5r det var for kaldt ute, fikk de gjerne sove i halm p\u00e5 et kj\u00f8kkengulv eller lignende. Sandern var blikkenslager. B\u00e5de han og Gunvor er kjente for mange gode replikker.<\/p>\n<p style=\"text-align: justify;\">Den ene s\u00f8nnen deres, Ole Bertil Pettersen, ble skutt\u00a0av tyske soldater under 2. verdenskrig. Hendelsen skjedde\u00a0ved naustet\u00a0familien overnattet i p\u00e5 Rubbestadneset p\u00e5 B\u00f8mlo. Det ble gitt mange varierende forklaringer av denne tragiske og uoppklarte hendelsen.<\/p>\n","protected":false},"excerpt":{"rendered":"<p><a rel=\"attachment wp-att-1365\" href=\"http:\/\/batreisende.no\/?attachment_id=1365\"><\/a><a rel=\"attachment wp-att-1364\" href=\"http:\/\/batreisende.no\/?attachment_id=1364\"><\/a><\/p>\n<p style=\"text-align: justify;\"><a rel=\"attachment wp-att-1773\" href=\"http:\/\/batreisende.no\/?attachment_id=1773\"><\/a><a rel=\"attachment wp-att-1774\" href=\"http:\/\/batreisende.no\/?attachment_id=1774\"><img loading=\"lazy\" class=\"alignnone size-large wp-image-1774\" title=\"&quot;Sandern&quot; Aleksander Pettersen p\u00e5 b\u00e5t\" src=\"\/wp-content\/uploads\/Image000181-590x472.jpg\" alt=\"&quot;Sandern&quot; Aleksander Pettersen p\u00e5 b\u00e5t\" width=\"413\" height=\"330\" srcset=\"https:\/\/batreisende.no\/wp-content\/uploads\/Image000181-590x472.jpg 590w, https:\/\/batreisende.no\/wp-content\/uploads\/Image000181-250x200.jpg 250w, https:\/\/batreisende.no\/wp-content\/uploads\/Image000181.jpg 750w\" sizes=\"(max-width: 413px) 100vw, 413px\" \/><\/a>\u00a0<\/p>\n<p style=\"text-align: justify;\">\u201dSandern\u201d Aleksander Pettersen ble f\u00f8dt i 1890. Han og kona Gunvor Ludviksen tilh\u00f8rte en stor reisende slekt som holdt til i omr\u00e5det mellom Karm\u00f8y og Bergen. Slekta var godt kjent i omr\u00e5det. De reiste rundt med blikkspann, kjeler og andre handelsvarer store deler av \u00e5ret og overnattet i naust og sj\u00f8hus. N\u00e5r det var for kaldt ute, fikk de gjerne sove i halm p\u00e5 et kj\u00f8kkengulv eller lignende. Sandern var blikkenslager. B\u00e5de han og Gunvor er kjente for mange gode replikker.<\/p>\n<p style=\"text-align: justify;\">Den ene s\u00f8nnen deres, Ole Bertil Pettersen, ble skutt\u00a0av tyske soldater under 2. verdenskrig. Hendelsen skjedde\u00a0ved naustet\u00a0familien overnattet i p\u00e5 Rubbestadneset p\u00e5 B\u00f8mlo. Det ble gitt mange varierende forklaringer av denne tragiske og uoppklarte hendelsen.<\/p>\n","protected":false},"author":7,"featured_media":0,"parent":0,"menu_order":0,"comment_status":"closed","ping_status":"open","template":"","meta":[],"_links":{"self":[{"href":"https:\/\/batreisende.no\/index.php?rest_route=\/wp\/v2\/pages\/1066"}],"collection":[{"href":"https:\/\/batreisende.no\/index.php?rest_route=\/wp\/v2\/pages"}],"about":[{"href":"https:\/\/batreisende.no\/index.php?rest_route=\/wp\/v2\/types\/page"}],"author":[{"embeddable":true,"href":"https:\/\/batreisende.no\/index.php?rest_route=\/wp\/v2\/users\/7"}],"replies":[{"embeddable":true,"href":"https:\/\/batreisende.no\/index.php?rest_route=%2Fwp%2Fv2%2Fcomments&post=1066"}],"version-history":[{"count":18,"href":"https:\/\/batreisende.no\/index.php?rest_route=\/wp\/v2\/pages\/1066\/revisions"}],"predecessor-version":[{"id":1942,"href":"https:\/\/batreisende.no\/index.php?rest_route=\/wp\/v2\/pages\/1066\/revisions\/1942"}],"wp:attachment":[{"href":"https:\/\/batreisende.no\/index.php?rest_route=%2Fwp%2Fv2%2Fmedia&parent=1066"}],"curies":[{"name":"wp","href":"https:\/\/api.w.org\/{rel}","templated":true}]}}