{"id":1045,"date":"2010-04-22T08:38:19","date_gmt":"2010-04-22T08:38:19","guid":{"rendered":"http:\/\/haugalandmuseene.no\/dbr\/?page_id=1045"},"modified":"2010-07-10T20:50:26","modified_gmt":"2010-07-10T20:50:26","slug":"kj%c3%a6rt-barn-har-mange-navn","status":"publish","type":"page","link":"https:\/\/batreisende.no\/?page_id=1045","title":{"rendered":"Kj\u00e6rt barn har mange navn"},"content":{"rendered":"<p><a rel=\"attachment wp-att-1308\" href=\"http:\/\/batreisende.no\/?attachment_id=1308\"><\/a><\/p>\n<p><a rel=\"attachment wp-att-1605\" href=\"http:\/\/batreisende.no\/?attachment_id=1605\"><img loading=\"lazy\" class=\"alignnone size-large wp-image-1605\" title=\"Kj\u00e6rt barn har mange navn\" src=\"\/wp-content\/uploads\/Illustrasjon_benevnelser-copy-590x239.jpg\" alt=\"Kj\u00e6rt barn har mange navn\" width=\"413\" height=\"167\" srcset=\"https:\/\/batreisende.no\/wp-content\/uploads\/Illustrasjon_benevnelser-copy-590x239.jpg 590w, https:\/\/batreisende.no\/wp-content\/uploads\/Illustrasjon_benevnelser-copy-250x101.jpg 250w, https:\/\/batreisende.no\/wp-content\/uploads\/Illustrasjon_benevnelser-copy.jpg 1225w\" sizes=\"(max-width: 413px) 100vw, 413px\" \/><\/a><\/p>\n<p>\u00a0<\/p>\n<p style=\"text-align: justify;\">Romanifolket som bodde og reiste i b\u00e5t, omtales som de \u201cb\u00e5treisende\u201d. Romanifolket viser til opphav og spr\u00e5k, mens \u201creisende\u201d er en betegnelse for en m\u00e5te \u00e5 leve p\u00e5. Fellesnavnet \u201domstreifer\u201d ble mye brukt i lover og offisielle dokumenter p\u00e5 1800-tallet og et stykke utover p\u00e5 1900-tallet. \u201cFant\u201d og \u201csplint\u201d er betegnelser som tidligere ble brukt om de som reiste langs kysten. Fra Bergen og nordover til Sunnm\u00f8re ble de som oftest kalt \u201csplint\u201c, mens \u201cfant\u201d var vanlig fra Haugesund til S\u00f8rlandet. I Romsdalen, p\u00e5 Nordm\u00f8re og i andre deler av Norge har \u201ctater\u201d v\u00e6rt mer vanlig.<\/p>\n","protected":false},"excerpt":{"rendered":"<p><a rel=\"attachment wp-att-1308\" href=\"http:\/\/batreisende.no\/?attachment_id=1308\"><\/a><\/p>\n<p><a rel=\"attachment wp-att-1605\" href=\"http:\/\/batreisende.no\/?attachment_id=1605\"><img loading=\"lazy\" class=\"alignnone size-large wp-image-1605\" title=\"Kj\u00e6rt barn har mange navn\" src=\"\/wp-content\/uploads\/Illustrasjon_benevnelser-copy-590x239.jpg\" alt=\"Kj\u00e6rt barn har mange navn\" width=\"413\" height=\"167\" srcset=\"https:\/\/batreisende.no\/wp-content\/uploads\/Illustrasjon_benevnelser-copy-590x239.jpg 590w, https:\/\/batreisende.no\/wp-content\/uploads\/Illustrasjon_benevnelser-copy-250x101.jpg 250w, https:\/\/batreisende.no\/wp-content\/uploads\/Illustrasjon_benevnelser-copy.jpg 1225w\" sizes=\"(max-width: 413px) 100vw, 413px\" \/><\/a><\/p>\n<p>\u00a0<\/p>\n<p style=\"text-align: justify;\">Romanifolket som bodde og reiste i b\u00e5t, omtales som de \u201cb\u00e5treisende\u201d. Romanifolket viser til opphav og spr\u00e5k, mens \u201creisende\u201d er en betegnelse for en m\u00e5te \u00e5 leve p\u00e5. Fellesnavnet \u201domstreifer\u201d ble mye brukt i lover og offisielle dokumenter p\u00e5 1800-tallet og et stykke utover p\u00e5 1900-tallet. \u201cFant\u201d og \u201csplint\u201d er betegnelser som tidligere ble brukt om de som reiste langs kysten. Fra Bergen og nordover til Sunnm\u00f8re ble de som oftest kalt \u201csplint\u201c, mens \u201cfant\u201d var vanlig fra Haugesund til S\u00f8rlandet. I Romsdalen, p\u00e5 Nordm\u00f8re og i andre deler av Norge har \u201ctater\u201d v\u00e6rt mer vanlig.<\/p>\n","protected":false},"author":7,"featured_media":0,"parent":9,"menu_order":2,"comment_status":"closed","ping_status":"open","template":"","meta":[],"_links":{"self":[{"href":"https:\/\/batreisende.no\/index.php?rest_route=\/wp\/v2\/pages\/1045"}],"collection":[{"href":"https:\/\/batreisende.no\/index.php?rest_route=\/wp\/v2\/pages"}],"about":[{"href":"https:\/\/batreisende.no\/index.php?rest_route=\/wp\/v2\/types\/page"}],"author":[{"embeddable":true,"href":"https:\/\/batreisende.no\/index.php?rest_route=\/wp\/v2\/users\/7"}],"replies":[{"embeddable":true,"href":"https:\/\/batreisende.no\/index.php?rest_route=%2Fwp%2Fv2%2Fcomments&post=1045"}],"version-history":[{"count":19,"href":"https:\/\/batreisende.no\/index.php?rest_route=\/wp\/v2\/pages\/1045\/revisions"}],"predecessor-version":[{"id":1935,"href":"https:\/\/batreisende.no\/index.php?rest_route=\/wp\/v2\/pages\/1045\/revisions\/1935"}],"up":[{"embeddable":true,"href":"https:\/\/batreisende.no\/index.php?rest_route=\/wp\/v2\/pages\/9"}],"wp:attachment":[{"href":"https:\/\/batreisende.no\/index.php?rest_route=%2Fwp%2Fv2%2Fmedia&parent=1045"}],"curies":[{"name":"wp","href":"https:\/\/api.w.org\/{rel}","templated":true}]}}