{"id":1003,"date":"2010-04-19T09:02:02","date_gmt":"2010-04-19T09:02:02","guid":{"rendered":"http:\/\/haugalandmuseene.no\/dbr\/?page_id=1003"},"modified":"2010-06-28T12:30:45","modified_gmt":"2010-06-28T12:30:45","slug":"b%c3%b8re-f%c3%b8lget","status":"publish","type":"page","link":"https:\/\/batreisende.no\/?page_id=1003","title":{"rendered":"B\u00f8re-Marta"},"content":{"rendered":"<p>B\u00f8re-Marta, eller Gamla-Byroa som hun ogs\u00e5 kaltes, var en kjent skikkelse i Vik i Sogn\u00a0i siste halvdel av\u00a01800-tallet. Det sies at hun kunne trolle. Hun lagde naturmedisiner og kunne kurere b\u00e5de mennesker og dyr for sykdommer. S\u00e6rlig flink skal hun ha v\u00e6rt til \u00e5 f\u00e5 s\u00e5r til \u00e5 gro. Det sies at hun plukket en giftig sopp som hun kokte til s\u00e5rsalven. Deretter blandet hun den med litt av hvert annet.<\/p>\n<p>B\u00f8re-Marta skal ha g\u00e5tt med blomstrete kjole og en storklut over skuldrene, g\u00e5tt barbeint og r\u00f8yka skr\u00e5tobakk. Hun brygget et eget \u00f8l, fanta-brygg, som hun hadde urter, gj\u00e6r og sukker i. Det sies at n\u00e5r de hadde noe \u00e5 drikke s\u00e5 ble det fest. Da sang Marta mens mannen, B\u00f8re-Lars, spilte munnspill.<\/p>\n<p>B\u00f8re-Marta og B\u00f8re-Lars bodde i Bergen vinterstid, men kom alltid til Vangsnes i f\u00f8lger p\u00e5\u00a0fire\u00a0til\u00a0fem\u00a0jekter p\u00e5 v\u00e5ren. \u00c5ker-Ola sa det slik at \u201dfantane kjem n\u00e5r flyttfuglane kjem, og dreg n\u00e5r flyttfulgane dreg\u201d.<\/p>\n<p>B\u00f8re-Marta tilh\u00f8rte <em>B\u00f8re-f\u00f8lget,<\/em>\u00a0et av de store f\u00f8lgene p\u00e5 Vestlandet p\u00e5 1700- og 1800-tallet. De var b\u00e5treisende med vinterbolig i Vik i Sogn. I vinterm\u00e5nedene laget de lj\u00e5er, kniver, spann, melkesiler, kaffekjeler og mye annet. I B\u00f8re-f\u00f8lget var det smeder, blikkenslagere, kobberslagere, hesteskj\u00e6rere, sadelmakere og rokkemakere. B\u00f8re-f\u00f8lget hadde f\u00e5tt navnet sitt fra B\u00f8re Henriksen, f\u00f8dt i 1797.<\/p>\n","protected":false},"excerpt":{"rendered":"<p>B\u00f8re-Marta, eller Gamla-Byroa som hun ogs\u00e5 kaltes, var en kjent skikkelse i Vik i Sogn\u00a0i siste halvdel av\u00a01800-tallet. Det sies at hun kunne trolle. Hun lagde naturmedisiner og kunne kurere b\u00e5de mennesker og dyr for sykdommer. S\u00e6rlig flink skal hun ha v\u00e6rt til \u00e5 f\u00e5 s\u00e5r til \u00e5 gro. Det sies at hun plukket en giftig sopp som hun kokte til s\u00e5rsalven. Deretter blandet hun den med litt av hvert annet.<\/p>\n<p>B\u00f8re-Marta skal ha g\u00e5tt med blomstrete kjole og en storklut over skuldrene, g\u00e5tt barbeint og r\u00f8yka skr\u00e5tobakk. Hun brygget et eget \u00f8l, fanta-brygg, som hun hadde urter, gj\u00e6r og sukker i. Det sies at n\u00e5r de hadde noe \u00e5 drikke s\u00e5 ble det fest. Da sang Marta mens mannen, B\u00f8re-Lars, spilte munnspill.<\/p>\n<p>B\u00f8re-Marta og B\u00f8re-Lars bodde i Bergen vinterstid, men kom alltid til Vangsnes i f\u00f8lger p\u00e5\u00a0fire\u00a0til\u00a0fem\u00a0jekter p\u00e5 v\u00e5ren. \u00c5ker-Ola sa det slik at \u201dfantane kjem n\u00e5r flyttfuglane kjem, og dreg n\u00e5r flyttfulgane dreg\u201d.<\/p>\n<p>B\u00f8re-Marta tilh\u00f8rte <em>B\u00f8re-f\u00f8lget,<\/em>\u00a0et av de store f\u00f8lgene p\u00e5 Vestlandet p\u00e5 1700- og 1800-tallet. De var b\u00e5treisende med vinterbolig i Vik i Sogn. I vinterm\u00e5nedene laget de lj\u00e5er, kniver, spann, melkesiler, kaffekjeler og mye annet. I B\u00f8re-f\u00f8lget var det smeder, blikkenslagere, kobberslagere, hesteskj\u00e6rere, sadelmakere og rokkemakere. B\u00f8re-f\u00f8lget hadde f\u00e5tt navnet sitt fra B\u00f8re Henriksen, f\u00f8dt i 1797.<\/p>\n","protected":false},"author":7,"featured_media":0,"parent":0,"menu_order":0,"comment_status":"closed","ping_status":"open","template":"","meta":[],"_links":{"self":[{"href":"https:\/\/batreisende.no\/index.php?rest_route=\/wp\/v2\/pages\/1003"}],"collection":[{"href":"https:\/\/batreisende.no\/index.php?rest_route=\/wp\/v2\/pages"}],"about":[{"href":"https:\/\/batreisende.no\/index.php?rest_route=\/wp\/v2\/types\/page"}],"author":[{"embeddable":true,"href":"https:\/\/batreisende.no\/index.php?rest_route=\/wp\/v2\/users\/7"}],"replies":[{"embeddable":true,"href":"https:\/\/batreisende.no\/index.php?rest_route=%2Fwp%2Fv2%2Fcomments&post=1003"}],"version-history":[{"count":8,"href":"https:\/\/batreisende.no\/index.php?rest_route=\/wp\/v2\/pages\/1003\/revisions"}],"predecessor-version":[{"id":1352,"href":"https:\/\/batreisende.no\/index.php?rest_route=\/wp\/v2\/pages\/1003\/revisions\/1352"}],"wp:attachment":[{"href":"https:\/\/batreisende.no\/index.php?rest_route=%2Fwp%2Fv2%2Fmedia&parent=1003"}],"curies":[{"name":"wp","href":"https:\/\/api.w.org\/{rel}","templated":true}]}}