{"id":849,"date":"2010-03-23T14:48:14","date_gmt":"2010-03-23T14:48:14","guid":{"rendered":"http:\/\/haugalandmuseene.no\/dbr\/?page_id=849"},"modified":"2010-04-30T10:38:55","modified_gmt":"2010-04-30T10:38:55","slug":"assimilasjon-og-integrasjon","status":"publish","type":"page","link":"http:\/\/batreisende.no\/?page_id=849","title":{"rendered":"Assimilasjon og integrasjon"},"content":{"rendered":"<p style=\"text-align: justify;\"><strong><span style=\"text-decoration: underline;\">Assimilasjon<\/span><\/strong> er en prosess der individer eller grupper med ulik minoritetsbakgrunn skifter ut sin kultur, sitt spr\u00e5k og sin levem\u00e5te med spr\u00e5ket, kulturen og levem\u00e5ten til majoritetsbefolkningen. Dermed blir de etter hvert en del av majoriteten (flertallet). Assimilering kan v\u00e6re frivillig eller et resultat av oppmuntring, politisk press og tvang. Fornorsking er et begrep som brukes n\u00e5r et individ eller en gruppe av minoritetsbakgrunn assimileres til majoritetsbefolkningen i Norge.<\/p>\n<p style=\"text-align: justify;\"><strong><span style=\"text-decoration: underline;\">Integrasjon<\/span><\/strong> er n\u00e5r individer eller grupper (som minoriteter) inkluderes<em> <\/em>i samfunnet, i en organisasjon eller ulike samfunnsomr\u00e5der (som utdanningssystemet, arbeidslivet, bostedsmarkedet).<em> <\/em>Integrasjon inneb\u00e6rer<em> <\/em>en gjensidig tilpassing mellom gruppene i samfunnet.<\/p>\n","protected":false},"excerpt":{"rendered":"<p style=\"text-align: justify;\"><strong><span style=\"text-decoration: underline;\">Assimilasjon<\/span><\/strong> er en prosess der individer eller grupper med ulik minoritetsbakgrunn skifter ut sin kultur, sitt spr\u00e5k og sin levem\u00e5te med spr\u00e5ket, kulturen og levem\u00e5ten til majoritetsbefolkningen. Dermed blir de etter hvert en del av majoriteten (flertallet). Assimilering kan v\u00e6re frivillig eller et resultat av oppmuntring, politisk press og tvang. Fornorsking er et begrep som brukes n\u00e5r et individ eller en gruppe av minoritetsbakgrunn assimileres til majoritetsbefolkningen i Norge.<\/p>\n<p style=\"text-align: justify;\"><strong><span style=\"text-decoration: underline;\">Integrasjon<\/span><\/strong> er n\u00e5r individer eller grupper (som minoriteter) inkluderes<em> <\/em>i samfunnet, i en organisasjon eller ulike samfunnsomr\u00e5der (som utdanningssystemet, arbeidslivet, bostedsmarkedet).<em> <\/em>Integrasjon inneb\u00e6rer<em> <\/em>en gjensidig tilpassing mellom gruppene i samfunnet.<\/p>\n","protected":false},"author":7,"featured_media":0,"parent":0,"menu_order":0,"comment_status":"closed","ping_status":"open","template":"","meta":[],"_links":{"self":[{"href":"http:\/\/batreisende.no\/index.php?rest_route=\/wp\/v2\/pages\/849"}],"collection":[{"href":"http:\/\/batreisende.no\/index.php?rest_route=\/wp\/v2\/pages"}],"about":[{"href":"http:\/\/batreisende.no\/index.php?rest_route=\/wp\/v2\/types\/page"}],"author":[{"embeddable":true,"href":"http:\/\/batreisende.no\/index.php?rest_route=\/wp\/v2\/users\/7"}],"replies":[{"embeddable":true,"href":"http:\/\/batreisende.no\/index.php?rest_route=%2Fwp%2Fv2%2Fcomments&post=849"}],"version-history":[{"count":6,"href":"http:\/\/batreisende.no\/index.php?rest_route=\/wp\/v2\/pages\/849\/revisions"}],"predecessor-version":[{"id":852,"href":"http:\/\/batreisende.no\/index.php?rest_route=\/wp\/v2\/pages\/849\/revisions\/852"}],"wp:attachment":[{"href":"http:\/\/batreisende.no\/index.php?rest_route=%2Fwp%2Fv2%2Fmedia&parent=849"}],"curies":[{"name":"wp","href":"https:\/\/api.w.org\/{rel}","templated":true}]}}