{"id":796,"date":"2010-03-19T09:54:57","date_gmt":"2010-03-19T09:54:57","guid":{"rendered":"http:\/\/haugalandmuseene.no\/dbr\/?page_id=796"},"modified":"2010-07-10T20:59:45","modified_gmt":"2010-07-10T20:59:45","slug":"arbeidsvandring","status":"publish","type":"page","link":"http:\/\/batreisende.no\/?page_id=796","title":{"rendered":"Arbeidsvandring"},"content":{"rendered":"<p><a rel=\"attachment wp-att-1447\" href=\"http:\/\/batreisende.no\/?attachment_id=1447\"><\/a><\/p>\n<p><a rel=\"attachment wp-att-1731\" href=\"http:\/\/batreisende.no\/?attachment_id=1731\"><img loading=\"lazy\" class=\"alignnone size-large wp-image-1731\" title=\"P\u00e5 Vaksdal M\u00f8lle har flere reisende arbeidet. Foto: Karmsund folkemuseum\" src=\"\/wp-content\/uploads\/Image00016-590x236.jpg\" alt=\"P\u00e5 Vaksdal M\u00f8lle har flere reisende arbeidet\" width=\"413\" height=\"165\" srcset=\"http:\/\/batreisende.no\/wp-content\/uploads\/Image00016-590x236.jpg 590w, http:\/\/batreisende.no\/wp-content\/uploads\/Image00016-250x100.jpg 250w, http:\/\/batreisende.no\/wp-content\/uploads\/Image00016.jpg 800w\" sizes=\"(max-width: 413px) 100vw, 413px\" \/><\/a>\u00a0<\/p>\n<p style=\"text-align: justify;\">I f\u00f8rste halvdel av 1900-tallet var behovet for arbeidskraft i industrien og fisken\u00e6ringen stor. Arbeidslivet var preget av sesongarbeid, og mange reisende kombinerte derfor dette med handel og h\u00e5ndverk. I Kristiansund loddet de klippfiskkasser, i H\u00f8yanger jobbet de p\u00e5 aluminiumsverket, i Haugesund og p\u00e5 Karm\u00f8y jobbet de i silda, og i Stavanger arbeidet de i hermetikkindustrien. Etter sesongarbeidet dro noen familier videre, mens andre slo seg ned p\u00e5 stedet.<\/p>\n<p style=\"text-align: justify;\">Andre reisende var arbeidsfolk med spesialkompetanse som reiste sammen med familien fra det ene store prosjektet til det andre. Det kunne v\u00e6re dykkere, murere og blikkenslagere. Reisende har blant annet deltatt i gjenoppbyggingen av Kristiansund etter 2. verdenskrig og \u00c5lesund etter bybrannen i 1904.<\/p>\n<p style=\"text-align: justify;\">De reisende s\u00f8kte sammen og slo seg gjerne ned i samme bydel eller bygd. Dette var ofte steder\u00a0med tilknytning til industri. Eksempler p\u00e5 slike steder er: Kalhammeren i Stavanger, Sandviken i Bergen, H\u00f8yanger i Sogn og Fjordane, Langev\u00e5g utenfor \u00c5lesund og Orvikan utenfor Kristiansund.<\/p>\n","protected":false},"excerpt":{"rendered":"<p><a rel=\"attachment wp-att-1447\" href=\"http:\/\/batreisende.no\/?attachment_id=1447\"><\/a><\/p>\n<p><a rel=\"attachment wp-att-1731\" href=\"http:\/\/batreisende.no\/?attachment_id=1731\"><img loading=\"lazy\" class=\"alignnone size-large wp-image-1731\" title=\"P\u00e5 Vaksdal M\u00f8lle har flere reisende arbeidet. Foto: Karmsund folkemuseum\" src=\"\/wp-content\/uploads\/Image00016-590x236.jpg\" alt=\"P\u00e5 Vaksdal M\u00f8lle har flere reisende arbeidet\" width=\"413\" height=\"165\" srcset=\"http:\/\/batreisende.no\/wp-content\/uploads\/Image00016-590x236.jpg 590w, http:\/\/batreisende.no\/wp-content\/uploads\/Image00016-250x100.jpg 250w, http:\/\/batreisende.no\/wp-content\/uploads\/Image00016.jpg 800w\" sizes=\"(max-width: 413px) 100vw, 413px\" \/><\/a>\u00a0<\/p>\n<p style=\"text-align: justify;\">I f\u00f8rste halvdel av 1900-tallet var behovet for arbeidskraft i industrien og fisken\u00e6ringen stor. Arbeidslivet var preget av sesongarbeid, og mange reisende kombinerte derfor dette med handel og h\u00e5ndverk. I Kristiansund loddet de klippfiskkasser, i H\u00f8yanger jobbet de p\u00e5 aluminiumsverket, i Haugesund og p\u00e5 Karm\u00f8y jobbet de i silda, og i Stavanger arbeidet de i hermetikkindustrien. Etter sesongarbeidet dro noen familier videre, mens andre slo seg ned p\u00e5 stedet.<\/p>\n<p style=\"text-align: justify;\">Andre reisende var arbeidsfolk med spesialkompetanse som reiste sammen med familien fra det ene store prosjektet til det andre. Det kunne v\u00e6re dykkere, murere og blikkenslagere. Reisende har blant annet deltatt i gjenoppbyggingen av Kristiansund etter 2. verdenskrig og \u00c5lesund etter bybrannen i 1904.<\/p>\n<p style=\"text-align: justify;\">De reisende s\u00f8kte sammen og slo seg gjerne ned i samme bydel eller bygd. Dette var ofte steder\u00a0med tilknytning til industri. Eksempler p\u00e5 slike steder er: Kalhammeren i Stavanger, Sandviken i Bergen, H\u00f8yanger i Sogn og Fjordane, Langev\u00e5g utenfor \u00c5lesund og Orvikan utenfor Kristiansund.<\/p>\n","protected":false},"author":7,"featured_media":0,"parent":34,"menu_order":2,"comment_status":"closed","ping_status":"open","template":"","meta":[],"_links":{"self":[{"href":"http:\/\/batreisende.no\/index.php?rest_route=\/wp\/v2\/pages\/796"}],"collection":[{"href":"http:\/\/batreisende.no\/index.php?rest_route=\/wp\/v2\/pages"}],"about":[{"href":"http:\/\/batreisende.no\/index.php?rest_route=\/wp\/v2\/types\/page"}],"author":[{"embeddable":true,"href":"http:\/\/batreisende.no\/index.php?rest_route=\/wp\/v2\/users\/7"}],"replies":[{"embeddable":true,"href":"http:\/\/batreisende.no\/index.php?rest_route=%2Fwp%2Fv2%2Fcomments&post=796"}],"version-history":[{"count":17,"href":"http:\/\/batreisende.no\/index.php?rest_route=\/wp\/v2\/pages\/796\/revisions"}],"predecessor-version":[{"id":1953,"href":"http:\/\/batreisende.no\/index.php?rest_route=\/wp\/v2\/pages\/796\/revisions\/1953"}],"up":[{"embeddable":true,"href":"http:\/\/batreisende.no\/index.php?rest_route=\/wp\/v2\/pages\/34"}],"wp:attachment":[{"href":"http:\/\/batreisende.no\/index.php?rest_route=%2Fwp%2Fv2%2Fmedia&parent=796"}],"curies":[{"name":"wp","href":"https:\/\/api.w.org\/{rel}","templated":true}]}}