{"id":794,"date":"2010-03-19T09:53:44","date_gmt":"2010-03-19T09:53:44","guid":{"rendered":"http:\/\/haugalandmuseene.no\/dbr\/?page_id=794"},"modified":"2010-07-10T20:59:04","modified_gmt":"2010-07-10T20:59:04","slug":"handverksyrker","status":"publish","type":"page","link":"http:\/\/batreisende.no\/?page_id=794","title":{"rendered":"H\u00e5ndverksyrker"},"content":{"rendered":"<p><a rel=\"attachment wp-att-1222\" href=\"http:\/\/batreisende.no\/?attachment_id=1222\"><\/a><\/p>\n<p>\u00a0<\/p>\n<p><a rel=\"attachment wp-att-1737\" href=\"http:\/\/batreisende.no\/?attachment_id=1737\"><img loading=\"lazy\" class=\"alignnone size-large wp-image-1737\" title=\"Reisende blikkenslager i arbeid. Foto: Privat\" src=\"\/wp-content\/uploads\/Image00001-590x477.jpg\" alt=\"Reisende blikkenslager i arbeid\" width=\"413\" height=\"334\" srcset=\"http:\/\/batreisende.no\/wp-content\/uploads\/Image00001-590x477.jpg 590w, http:\/\/batreisende.no\/wp-content\/uploads\/Image00001-250x202.jpg 250w, http:\/\/batreisende.no\/wp-content\/uploads\/Image00001.jpg 741w\" sizes=\"(max-width: 413px) 100vw, 413px\" \/><\/a><\/p>\n<p style=\"text-align: justify;\">Opp gjennom \u00e5rhundrene har de reisende hatt mange ulike yrker, men de reisende var mest kjent som dyktige metallh\u00e5ndverkere. De var <a href=\"\/?page_id=1388 \">gj\u00f8rtlere<\/a>, <a href=\"\/?page_id=1391 \">blikkenslagere<\/a>, <a href=\"\/?page_id=1401 \">smeder<\/a>, <a href=\"\/?page_id=1394\">knivmakere<\/a>,\u00a0<a href=\"\/?page_id=1411\">tr\u00e5darbeidere <\/a>og\u00a0<a href=\"\/?page_id=1406 \">urmakere<\/a>. Mange av de reisende kombinerte flere inntektskilder. Det var vanlig \u00e5 ta opp bestillinger p\u00e5 arbeid, eller gj\u00f8re <a href=\"\/?page_id=1420 \">vedlikeholds- og reparasjonsarbeid <\/a>p\u00e5 g\u00e5rdene.<\/p>\n<p style=\"text-align: justify;\">De reiste med b\u00e5ten fra sted til sted og handla. Noen solgte kniver, tr\u00e5darbeid eller blikkvarer som de hadde laget. Andre solgte steint\u00f8y, klokker, kofter, sysaker og duker.\u00a0I tillegg\u00a0til \u00e5 st\u00e5 for det meste av <a href=\"\/?page_id=1425 \">sm\u00e5handelen<\/a>\u00a0produserte\u00a0mange kvinner salgsvarer selv.\u00a0De\u00a0strikket sokker, vevde, sydde, broderte,\u00a0lagde n\u00e5leputer, kurver, tr\u00e5darbeider\u00a0og annet h\u00e5ndarbeid.<\/p>\n<p style=\"text-align: justify;\">Blikkenslageryrket ble vanlig fra midten av 1800-tallet. Etter 1945 hadde de fleste b\u00e5treisende spesialisert seg p\u00e5 \u00e5 lage takrenner. Noen gikk fra g\u00e5rd til g\u00e5rd og tok opp bestillinger. Andre laget takrenner p\u00e5 stedet. Blikkplater, valse og verkt\u00f8y fraktet de med seg i b\u00e5ten. Blant de b\u00e5treisende var det et vanlig yrke helt frem mot 1970.<\/p>\n","protected":false},"excerpt":{"rendered":"<p><a rel=\"attachment wp-att-1222\" href=\"http:\/\/batreisende.no\/?attachment_id=1222\"><\/a><\/p>\n<p>\u00a0<\/p>\n<p><a rel=\"attachment wp-att-1737\" href=\"http:\/\/batreisende.no\/?attachment_id=1737\"><img loading=\"lazy\" class=\"alignnone size-large wp-image-1737\" title=\"Reisende blikkenslager i arbeid. Foto: Privat\" src=\"\/wp-content\/uploads\/Image00001-590x477.jpg\" alt=\"Reisende blikkenslager i arbeid\" width=\"413\" height=\"334\" srcset=\"http:\/\/batreisende.no\/wp-content\/uploads\/Image00001-590x477.jpg 590w, http:\/\/batreisende.no\/wp-content\/uploads\/Image00001-250x202.jpg 250w, http:\/\/batreisende.no\/wp-content\/uploads\/Image00001.jpg 741w\" sizes=\"(max-width: 413px) 100vw, 413px\" \/><\/a><\/p>\n<p style=\"text-align: justify;\">Opp gjennom \u00e5rhundrene har de reisende hatt mange ulike yrker, men de reisende var mest kjent som dyktige metallh\u00e5ndverkere. De var <a href=\"\/?page_id=1388 \">gj\u00f8rtlere<\/a>, <a href=\"\/?page_id=1391 \">blikkenslagere<\/a>, <a href=\"\/?page_id=1401 \">smeder<\/a>, <a href=\"\/?page_id=1394\">knivmakere<\/a>,\u00a0<a href=\"\/?page_id=1411\">tr\u00e5darbeidere <\/a>og\u00a0<a href=\"\/?page_id=1406 \">urmakere<\/a>. Mange av de reisende kombinerte flere inntektskilder. Det var vanlig \u00e5 ta opp bestillinger p\u00e5 arbeid, eller gj\u00f8re <a href=\"\/?page_id=1420 \">vedlikeholds- og reparasjonsarbeid <\/a>p\u00e5 g\u00e5rdene.<\/p>\n<p style=\"text-align: justify;\">De reiste med b\u00e5ten fra sted til sted og handla. Noen solgte kniver, tr\u00e5darbeid eller blikkvarer som de hadde laget. Andre solgte steint\u00f8y, klokker, kofter, sysaker og duker.\u00a0I tillegg\u00a0til \u00e5 st\u00e5 for det meste av <a href=\"\/?page_id=1425 \">sm\u00e5handelen<\/a>\u00a0produserte\u00a0mange kvinner salgsvarer selv.\u00a0De\u00a0strikket sokker, vevde, sydde, broderte,\u00a0lagde n\u00e5leputer, kurver, tr\u00e5darbeider\u00a0og annet h\u00e5ndarbeid.<\/p>\n<p style=\"text-align: justify;\">Blikkenslageryrket ble vanlig fra midten av 1800-tallet. Etter 1945 hadde de fleste b\u00e5treisende spesialisert seg p\u00e5 \u00e5 lage takrenner. Noen gikk fra g\u00e5rd til g\u00e5rd og tok opp bestillinger. Andre laget takrenner p\u00e5 stedet. Blikkplater, valse og verkt\u00f8y fraktet de med seg i b\u00e5ten. Blant de b\u00e5treisende var det et vanlig yrke helt frem mot 1970.<\/p>\n","protected":false},"author":7,"featured_media":0,"parent":34,"menu_order":1,"comment_status":"closed","ping_status":"open","template":"","meta":[],"_links":{"self":[{"href":"http:\/\/batreisende.no\/index.php?rest_route=\/wp\/v2\/pages\/794"}],"collection":[{"href":"http:\/\/batreisende.no\/index.php?rest_route=\/wp\/v2\/pages"}],"about":[{"href":"http:\/\/batreisende.no\/index.php?rest_route=\/wp\/v2\/types\/page"}],"author":[{"embeddable":true,"href":"http:\/\/batreisende.no\/index.php?rest_route=\/wp\/v2\/users\/7"}],"replies":[{"embeddable":true,"href":"http:\/\/batreisende.no\/index.php?rest_route=%2Fwp%2Fv2%2Fcomments&post=794"}],"version-history":[{"count":33,"href":"http:\/\/batreisende.no\/index.php?rest_route=\/wp\/v2\/pages\/794\/revisions"}],"predecessor-version":[{"id":1951,"href":"http:\/\/batreisende.no\/index.php?rest_route=\/wp\/v2\/pages\/794\/revisions\/1951"}],"up":[{"embeddable":true,"href":"http:\/\/batreisende.no\/index.php?rest_route=\/wp\/v2\/pages\/34"}],"wp:attachment":[{"href":"http:\/\/batreisende.no\/index.php?rest_route=%2Fwp%2Fv2%2Fmedia&parent=794"}],"curies":[{"name":"wp","href":"https:\/\/api.w.org\/{rel}","templated":true}]}}