{"id":786,"date":"2010-03-19T09:38:40","date_gmt":"2010-03-19T09:38:40","guid":{"rendered":"http:\/\/haugalandmuseene.no\/dbr\/?page_id=786"},"modified":"2010-07-10T21:01:00","modified_gmt":"2010-07-10T21:01:00","slug":"kj%c3%b8nnsrollem%c3%b8nsteret","status":"publish","type":"page","link":"http:\/\/batreisende.no\/?page_id=786","title":{"rendered":"Kj\u00f8nnsroller"},"content":{"rendered":"<p><a rel=\"attachment wp-att-1231\" href=\"http:\/\/batreisende.no\/?attachment_id=1231\"><\/a><a href=\"\/wp-content\/uploads\/Takkeg\u00e5ver-fr\u00e5-han-som-fekk-bu-i-huset-p\u00e5-Hustoft.jpg\"><\/a><\/p>\n<p><em><a rel=\"attachment wp-att-1726\" href=\"http:\/\/batreisende.no\/?attachment_id=1726\"><img loading=\"lazy\" class=\"alignnone size-large wp-image-1726\" title=\"Tina og Petter Str\u00f8msing p\u00e5 landeveien, ca. 1940\" src=\"\/wp-content\/uploads\/Image00009-590x472.jpg\" alt=\"Tina og Petter Str\u00f8msing p\u00e5 landeveien\" width=\"413\" height=\"330\" srcset=\"http:\/\/batreisende.no\/wp-content\/uploads\/Image00009-590x472.jpg 590w, http:\/\/batreisende.no\/wp-content\/uploads\/Image00009-250x200.jpg 250w, http:\/\/batreisende.no\/wp-content\/uploads\/Image00009.jpg 750w\" sizes=\"(max-width: 413px) 100vw, 413px\" \/><\/a>\u00a0<\/em><\/p>\n<p><em>Mor mi gjekk p\u00e5 gardane og handla, hun lagde visper sj\u00f8l. Far min lagde takrenner \u2013 han gikk fra gard til gard og lagde de p\u00e5 stedet.<\/em><\/p>\n<p>B\u00e5de mennene og kvinnene jobbet for \u00e5 skaffe mat og\u00a0husly til familien. Mennene drev det tyngre h\u00e5ndverket, slikt som metallarbeider, vedlikehold og reparasjonsarbeid.\u00a0Kvinnene produserte ogs\u00e5 salgsvarer, blant annet tekstilarbeider, tr\u00e5darbeider og kurvfletting. Det var i hovedsak kvinnene som stod for sm\u00e5handelen, men det hendte ogs\u00e5 at mennene hadde denne oppgaven.<\/p>\n<p>Kvinnene spilte nok en viktig rolle i de sosiale relasjonene med lokalbefolkningen. Mange kurerte b\u00e5de mennesker og dyr for sykdommer, og flere kunne sp\u00e5 i hender, kaffegrut eller i kort. De som utf\u00f8rte disse kunstene var nok\u00a0gode menneskekjennere og\u00a0godt selskap for kvinnene p\u00e5 g\u00e5rdene.<\/p>\n","protected":false},"excerpt":{"rendered":"<p><a rel=\"attachment wp-att-1231\" href=\"http:\/\/batreisende.no\/?attachment_id=1231\"><\/a><a href=\"\/wp-content\/uploads\/Takkeg\u00e5ver-fr\u00e5-han-som-fekk-bu-i-huset-p\u00e5-Hustoft.jpg\"><\/a><\/p>\n<p><em><a rel=\"attachment wp-att-1726\" href=\"http:\/\/batreisende.no\/?attachment_id=1726\"><img loading=\"lazy\" class=\"alignnone size-large wp-image-1726\" title=\"Tina og Petter Str\u00f8msing p\u00e5 landeveien, ca. 1940\" src=\"\/wp-content\/uploads\/Image00009-590x472.jpg\" alt=\"Tina og Petter Str\u00f8msing p\u00e5 landeveien\" width=\"413\" height=\"330\" srcset=\"http:\/\/batreisende.no\/wp-content\/uploads\/Image00009-590x472.jpg 590w, http:\/\/batreisende.no\/wp-content\/uploads\/Image00009-250x200.jpg 250w, http:\/\/batreisende.no\/wp-content\/uploads\/Image00009.jpg 750w\" sizes=\"(max-width: 413px) 100vw, 413px\" \/><\/a>\u00a0<\/em><\/p>\n<p><em>Mor mi gjekk p\u00e5 gardane og handla, hun lagde visper sj\u00f8l. Far min lagde takrenner \u2013 han gikk fra gard til gard og lagde de p\u00e5 stedet.<\/em><\/p>\n<p>B\u00e5de mennene og kvinnene jobbet for \u00e5 skaffe mat og\u00a0husly til familien. Mennene drev det tyngre h\u00e5ndverket, slikt som metallarbeider, vedlikehold og reparasjonsarbeid.\u00a0Kvinnene produserte ogs\u00e5 salgsvarer, blant annet tekstilarbeider, tr\u00e5darbeider og kurvfletting. Det var i hovedsak kvinnene som stod for sm\u00e5handelen, men det hendte ogs\u00e5 at mennene hadde denne oppgaven.<\/p>\n<p>Kvinnene spilte nok en viktig rolle i de sosiale relasjonene med lokalbefolkningen. Mange kurerte b\u00e5de mennesker og dyr for sykdommer, og flere kunne sp\u00e5 i hender, kaffegrut eller i kort. De som utf\u00f8rte disse kunstene var nok\u00a0gode menneskekjennere og\u00a0godt selskap for kvinnene p\u00e5 g\u00e5rdene.<\/p>\n","protected":false},"author":7,"featured_media":0,"parent":34,"menu_order":3,"comment_status":"closed","ping_status":"open","template":"","meta":[],"_links":{"self":[{"href":"http:\/\/batreisende.no\/index.php?rest_route=\/wp\/v2\/pages\/786"}],"collection":[{"href":"http:\/\/batreisende.no\/index.php?rest_route=\/wp\/v2\/pages"}],"about":[{"href":"http:\/\/batreisende.no\/index.php?rest_route=\/wp\/v2\/types\/page"}],"author":[{"embeddable":true,"href":"http:\/\/batreisende.no\/index.php?rest_route=\/wp\/v2\/users\/7"}],"replies":[{"embeddable":true,"href":"http:\/\/batreisende.no\/index.php?rest_route=%2Fwp%2Fv2%2Fcomments&post=786"}],"version-history":[{"count":29,"href":"http:\/\/batreisende.no\/index.php?rest_route=\/wp\/v2\/pages\/786\/revisions"}],"predecessor-version":[{"id":1957,"href":"http:\/\/batreisende.no\/index.php?rest_route=\/wp\/v2\/pages\/786\/revisions\/1957"}],"up":[{"embeddable":true,"href":"http:\/\/batreisende.no\/index.php?rest_route=\/wp\/v2\/pages\/34"}],"wp:attachment":[{"href":"http:\/\/batreisende.no\/index.php?rest_route=%2Fwp%2Fv2%2Fmedia&parent=786"}],"curies":[{"name":"wp","href":"https:\/\/api.w.org\/{rel}","templated":true}]}}