{"id":5,"date":"2009-04-28T10:49:10","date_gmt":"2009-04-28T08:49:10","guid":{"rendered":"http:\/\/haugalandmuseene.no\/dbr\/?page_id=5"},"modified":"2010-07-09T07:45:05","modified_gmt":"2010-07-09T07:45:05","slug":"musikk","status":"publish","type":"page","link":"http:\/\/batreisende.no\/?page_id=5","title":{"rendered":"Musikk"},"content":{"rendered":"<p style=\"text-align: justify;\">Musikk har stor plass i de reisendes kultur og historie, og noen av de st\u00f8rste spillemennene i norsk folkemusikk har v\u00e6rt av reisende folk. De spilte en viktig rolle som formidlere og spredere av folkemusikken. Sl\u00e5tter og viser vandret med de reisende, og de satte sitt eget preg p\u00e5 musikken.<\/p>\n<p style=\"text-align: justify;\">Felespillerne var ut\u00f8vere av popul\u00e6rmusikk og stod for nesten\u00a0all dansemusikk p\u00e5 1700- og 1800-tallet. I dag er det ikke s\u00e5 mange reisende som spiller fele. Andre\u00a0musikkformer og instrumenter\u00a0har tatt over, men de gamle visene brukes fremdeles og har status som musikalsk arves\u00f8lv. Av kjente reisende felespillere kan spesielt nevnes <a href=\"\/?page_id=1011\">Petter \u201dStr\u00f8msing\u201d<\/a>, men ogs\u00e5 <a href=\"\/?page_id=1058\">Fant-Karl<\/a> var godt kjent i sin tid.<\/p>\n<p style=\"text-align: justify;\">P\u00e5 begynnelsen av 1900- tallet fikk trekkspillet sitt gjennombrudd, og mange reisende utviklet seg til meget dyktige ut\u00f8vere\u00a0av dette instrumentet. Et annet instrument som har hatt stor popularitet blant de reisende er gitaren. De reisende har latt seg p\u00e5virke av vekslende trender i musikken opp gjennom tidene. En vise som ofte blir sunget blant reisende er Romano Raklo.<\/p>\n","protected":false},"excerpt":{"rendered":"<p style=\"text-align: justify;\">Musikk har stor plass i de reisendes kultur og historie, og noen av de st\u00f8rste spillemennene i norsk folkemusikk har v\u00e6rt av reisende folk. De spilte en viktig rolle som formidlere og spredere av folkemusikken. Sl\u00e5tter og viser vandret med de reisende, og de satte sitt eget preg p\u00e5 musikken.<\/p>\n<p style=\"text-align: justify;\">Felespillerne var ut\u00f8vere av popul\u00e6rmusikk og stod for nesten\u00a0all dansemusikk p\u00e5 1700- og 1800-tallet. I dag er det ikke s\u00e5 mange reisende som spiller fele. Andre\u00a0musikkformer og instrumenter\u00a0har tatt over, men de gamle visene brukes fremdeles og har status som musikalsk arves\u00f8lv. Av kjente reisende felespillere kan spesielt nevnes <a href=\"\/?page_id=1011\">Petter \u201dStr\u00f8msing\u201d<\/a>, men ogs\u00e5 <a href=\"\/?page_id=1058\">Fant-Karl<\/a> var godt kjent i sin tid.<\/p>\n<p style=\"text-align: justify;\">P\u00e5 begynnelsen av 1900- tallet fikk trekkspillet sitt gjennombrudd, og mange reisende utviklet seg til meget dyktige ut\u00f8vere\u00a0av dette instrumentet. Et annet instrument som har hatt stor popularitet blant de reisende er gitaren. De reisende har latt seg p\u00e5virke av vekslende trender i musikken opp gjennom tidene. En vise som ofte blir sunget blant reisende er Romano Raklo.<\/p>\n","protected":false},"author":1,"featured_media":0,"parent":0,"menu_order":0,"comment_status":"open","ping_status":"open","template":"","meta":[],"_links":{"self":[{"href":"http:\/\/batreisende.no\/index.php?rest_route=\/wp\/v2\/pages\/5"}],"collection":[{"href":"http:\/\/batreisende.no\/index.php?rest_route=\/wp\/v2\/pages"}],"about":[{"href":"http:\/\/batreisende.no\/index.php?rest_route=\/wp\/v2\/types\/page"}],"author":[{"embeddable":true,"href":"http:\/\/batreisende.no\/index.php?rest_route=\/wp\/v2\/users\/1"}],"replies":[{"embeddable":true,"href":"http:\/\/batreisende.no\/index.php?rest_route=%2Fwp%2Fv2%2Fcomments&post=5"}],"version-history":[{"count":26,"href":"http:\/\/batreisende.no\/index.php?rest_route=\/wp\/v2\/pages\/5\/revisions"}],"predecessor-version":[{"id":1924,"href":"http:\/\/batreisende.no\/index.php?rest_route=\/wp\/v2\/pages\/5\/revisions\/1924"}],"wp:attachment":[{"href":"http:\/\/batreisende.no\/index.php?rest_route=%2Fwp%2Fv2%2Fmedia&parent=5"}],"curies":[{"name":"wp","href":"https:\/\/api.w.org\/{rel}","templated":true}]}}