{"id":1524,"date":"2010-06-15T12:30:49","date_gmt":"2010-06-15T12:30:49","guid":{"rendered":"http:\/\/haugalandmuseene.no\/dbr\/?page_id=1524"},"modified":"2010-06-15T12:30:49","modified_gmt":"2010-06-15T12:30:49","slug":"de-reisendes-sanger","status":"publish","type":"page","link":"http:\/\/batreisende.no\/?page_id=1524","title":{"rendered":"De reisendes sanger"},"content":{"rendered":"<p>Under fanen \u201dmusikk\u201d i nettsiden ligger det i h\u00f8yremenyen b\u00e5de innspilling av melodier, og tekster til sanger. Her er det bare \u00e5 sette i gang \u00e5 synge!<\/p>\n<p>Tekstene inneholder en del ord (romani) som nok m\u00e5 diskuteres for \u00e5 forst\u00e5 innholdet. Hva handler sangene om, og hvorfor har sanger som Romano Raklo v\u00e6rt s\u00e5 viktig for de reisende?<\/p>\n","protected":false},"excerpt":{"rendered":"<p>Under fanen \u201dmusikk\u201d i nettsiden ligger det i h\u00f8yremenyen b\u00e5de innspilling av melodier, og tekster til sanger. Her er det bare \u00e5 sette i gang \u00e5 synge!<\/p>\n<p>Tekstene inneholder en del ord (romani) som nok m\u00e5 diskuteres for \u00e5 forst\u00e5 innholdet. Hva handler sangene om, og hvorfor har sanger som Romano Raklo v\u00e6rt s\u00e5 viktig for de reisende?<\/p>\n","protected":false},"author":7,"featured_media":0,"parent":0,"menu_order":0,"comment_status":"closed","ping_status":"open","template":"","meta":[],"_links":{"self":[{"href":"http:\/\/batreisende.no\/index.php?rest_route=\/wp\/v2\/pages\/1524"}],"collection":[{"href":"http:\/\/batreisende.no\/index.php?rest_route=\/wp\/v2\/pages"}],"about":[{"href":"http:\/\/batreisende.no\/index.php?rest_route=\/wp\/v2\/types\/page"}],"author":[{"embeddable":true,"href":"http:\/\/batreisende.no\/index.php?rest_route=\/wp\/v2\/users\/7"}],"replies":[{"embeddable":true,"href":"http:\/\/batreisende.no\/index.php?rest_route=%2Fwp%2Fv2%2Fcomments&post=1524"}],"version-history":[{"count":1,"href":"http:\/\/batreisende.no\/index.php?rest_route=\/wp\/v2\/pages\/1524\/revisions"}],"predecessor-version":[{"id":1525,"href":"http:\/\/batreisende.no\/index.php?rest_route=\/wp\/v2\/pages\/1524\/revisions\/1525"}],"wp:attachment":[{"href":"http:\/\/batreisende.no\/index.php?rest_route=%2Fwp%2Fv2%2Fmedia&parent=1524"}],"curies":[{"name":"wp","href":"https:\/\/api.w.org\/{rel}","templated":true}]}}