{"id":1522,"date":"2010-06-15T12:28:21","date_gmt":"2010-06-15T12:28:21","guid":{"rendered":"http:\/\/haugalandmuseene.no\/dbr\/?page_id=1522"},"modified":"2010-06-15T12:28:21","modified_gmt":"2010-06-15T12:28:21","slug":"den-batteknologiske-utviklingen","status":"publish","type":"page","link":"http:\/\/batreisende.no\/?page_id=1522","title":{"rendered":"Den b\u00e5tteknologiske utviklingen"},"content":{"rendered":"<p>Et utgangspunkt for \u00e5 l\u00e6re om romanifolket er \u00e5 ta for seg den b\u00e5tteknologiske utviklingen. Ved \u00e5 l\u00e6re om hvordan romanifolket reiste f\u00f8r det ble vanlig med dekk p\u00e5 b\u00e5tene (overnattet i naust, sm\u00e5hus og telt, evt. med presenning over b\u00e5ten), og hvordan overgangen til motorb\u00e5ter artet seg, f\u00e5r man knagger \u00e5 henge kunnskapen om begge temaene p\u00e5.<\/p>\n","protected":false},"excerpt":{"rendered":"<p>Et utgangspunkt for \u00e5 l\u00e6re om romanifolket er \u00e5 ta for seg den b\u00e5tteknologiske utviklingen. Ved \u00e5 l\u00e6re om hvordan romanifolket reiste f\u00f8r det ble vanlig med dekk p\u00e5 b\u00e5tene (overnattet i naust, sm\u00e5hus og telt, evt. med presenning over b\u00e5ten), og hvordan overgangen til motorb\u00e5ter artet seg, f\u00e5r man knagger \u00e5 henge kunnskapen om begge temaene p\u00e5.<\/p>\n","protected":false},"author":7,"featured_media":0,"parent":0,"menu_order":0,"comment_status":"closed","ping_status":"open","template":"","meta":[],"_links":{"self":[{"href":"http:\/\/batreisende.no\/index.php?rest_route=\/wp\/v2\/pages\/1522"}],"collection":[{"href":"http:\/\/batreisende.no\/index.php?rest_route=\/wp\/v2\/pages"}],"about":[{"href":"http:\/\/batreisende.no\/index.php?rest_route=\/wp\/v2\/types\/page"}],"author":[{"embeddable":true,"href":"http:\/\/batreisende.no\/index.php?rest_route=\/wp\/v2\/users\/7"}],"replies":[{"embeddable":true,"href":"http:\/\/batreisende.no\/index.php?rest_route=%2Fwp%2Fv2%2Fcomments&post=1522"}],"version-history":[{"count":1,"href":"http:\/\/batreisende.no\/index.php?rest_route=\/wp\/v2\/pages\/1522\/revisions"}],"predecessor-version":[{"id":1523,"href":"http:\/\/batreisende.no\/index.php?rest_route=\/wp\/v2\/pages\/1522\/revisions\/1523"}],"wp:attachment":[{"href":"http:\/\/batreisende.no\/index.php?rest_route=%2Fwp%2Fv2%2Fmedia&parent=1522"}],"curies":[{"name":"wp","href":"https:\/\/api.w.org\/{rel}","templated":true}]}}