{"id":1517,"date":"2010-06-15T12:22:49","date_gmt":"2010-06-15T12:22:49","guid":{"rendered":"http:\/\/haugalandmuseene.no\/dbr\/?page_id=1517"},"modified":"2010-06-28T13:50:35","modified_gmt":"2010-06-28T13:50:35","slug":"sirkelmetoden","status":"publish","type":"page","link":"http:\/\/batreisende.no\/?page_id=1517","title":{"rendered":"Sirkelmetoden"},"content":{"rendered":"<p>Tegn opp to sirkler som g\u00e5r delvis inn i hverandre. I den ene skriver elevene opp det som er typisk for minoriteten romanifolket, i den andre skriver de opp det som er typisk for majoritetssamfunnet. I de overlappende feltene kan det som er felles for kulturene skrives opp. Denne metoden gir en god refleksjon over l\u00e6restoffet, og den kan brukes ved at man setter forskjellige \u00e5rstall for sirklene. For eksempel kan en oppgave v\u00e6re \u00e5 lage sirkler for \u00e5ret 1800, for 1960 og for i dag. Elevene kan gj\u00f8re \u00f8vingsoppgaven individuelt eller i grupper.<\/p>\n","protected":false},"excerpt":{"rendered":"<p>Tegn opp to sirkler som g\u00e5r delvis inn i hverandre. I den ene skriver elevene opp det som er typisk for minoriteten romanifolket, i den andre skriver de opp det som er typisk for majoritetssamfunnet. I de overlappende feltene kan det som er felles for kulturene skrives opp. Denne metoden gir en god refleksjon over l\u00e6restoffet, og den kan brukes ved at man setter forskjellige \u00e5rstall for sirklene. For eksempel kan en oppgave v\u00e6re \u00e5 lage sirkler for \u00e5ret 1800, for 1960 og for i dag. Elevene kan gj\u00f8re \u00f8vingsoppgaven individuelt eller i grupper.<\/p>\n","protected":false},"author":7,"featured_media":0,"parent":0,"menu_order":0,"comment_status":"closed","ping_status":"open","template":"","meta":[],"_links":{"self":[{"href":"http:\/\/batreisende.no\/index.php?rest_route=\/wp\/v2\/pages\/1517"}],"collection":[{"href":"http:\/\/batreisende.no\/index.php?rest_route=\/wp\/v2\/pages"}],"about":[{"href":"http:\/\/batreisende.no\/index.php?rest_route=\/wp\/v2\/types\/page"}],"author":[{"embeddable":true,"href":"http:\/\/batreisende.no\/index.php?rest_route=\/wp\/v2\/users\/7"}],"replies":[{"embeddable":true,"href":"http:\/\/batreisende.no\/index.php?rest_route=%2Fwp%2Fv2%2Fcomments&post=1517"}],"version-history":[{"count":3,"href":"http:\/\/batreisende.no\/index.php?rest_route=\/wp\/v2\/pages\/1517\/revisions"}],"predecessor-version":[{"id":1795,"href":"http:\/\/batreisende.no\/index.php?rest_route=\/wp\/v2\/pages\/1517\/revisions\/1795"}],"wp:attachment":[{"href":"http:\/\/batreisende.no\/index.php?rest_route=%2Fwp%2Fv2%2Fmedia&parent=1517"}],"curies":[{"name":"wp","href":"https:\/\/api.w.org\/{rel}","templated":true}]}}