{"id":1508,"date":"2010-06-15T12:02:16","date_gmt":"2010-06-15T12:02:16","guid":{"rendered":"http:\/\/haugalandmuseene.no\/dbr\/?page_id=1508"},"modified":"2010-06-29T11:10:24","modified_gmt":"2010-06-29T11:10:24","slug":"l%c3%a6replanene-og-forslag-til-aktiviteter","status":"publish","type":"page","link":"http:\/\/batreisende.no\/?page_id=1508","title":{"rendered":"L\u00e6replanene og forslag til aktiviteter"},"content":{"rendered":"<p style=\"text-align: justify;\">Nettstedet er et viktig og unikt supplement til undervisningen i skolene. Spesielt gjelder dette samfunnsfagene, men ogs\u00e5 i andre fag, slik som musikk og<strong> <\/strong>kunst og h\u00e5ndverk, kan nettsiden benyttes.<em> <\/em><\/p>\n<p style=\"text-align: justify;\">Fra 4. klasse til 7. klasse er et av hovedomr\u00e5dene i samfunnsfag \u00e5 redegj\u00f8re for hvilke nasjonale minoriteter som finnes i Norge, samt \u00e5 beskrive hovedtrekkene ved historien og levek\u00e5rene til minoritetene.<\/p>\n<p style=\"text-align: justify;\"><em>Forslag til aktiviteter i samfunnsfag:<\/em><\/p>\n<ul style=\"text-align: justify;\">\n<li><em><a href=\"\/?page_id=1515\">Kartlegge b\u00e5treisendes aktiviteter i n\u00e6romr\u00e5det<\/a><\/em><\/li>\n<li><em><a href=\"\/?page_id=1517 \">Sirkelmetoden<\/a><\/em><\/li>\n<li><em><a href=\"\/?page_id=1520 \">Rollespill<\/a><\/em><\/li>\n<li><em><a href=\"\/?page_id=1522\">Den b\u00e5tteknologiske utviklingen<\/a><\/em><\/li>\n<\/ul>\n<p style=\"text-align: justify;\"><em>Forslag til aktiviteter i musikk<\/em><em>:<\/em><\/p>\n<ul style=\"text-align: justify;\">\n<li><em><a href=\"\/?page_id=1524 \">Bruk sangene<\/a><\/em><\/li>\n<\/ul>\n<p style=\"text-align: justify;\"><em>Forslag til aktiviteter i kunst og h\u00e5ndverk:<\/em><\/p>\n<ul style=\"text-align: justify;\">\n<li><em><a href=\"\/?page_id=1212\">Lag en n\u00e5lepute<\/a><\/em><\/li>\n<li><em><a href=\"\/?page_id=1592 \">Lag en flaskekost<\/a><\/em><\/li>\n<li><em><a href=\"\/?page_id=1599 \">Lag en visp<\/a><\/em><\/li>\n<\/ul>\n<p style=\"text-align: justify;\">I den videreg\u00e5ende skolen inng\u00e5r temaet b\u00e5de i fagene politikk og demokrati og kultur. Her er m\u00e5lene blant annet at man skal kunne dr\u00f8fte flertallsdemokratiet i forhold til urfolk og minoriteter, samt \u00e5 beskrive hovedtrekkene ved kulturen til noen minoriteter i Norge og dr\u00f8fte utfordringer i flerkulturelle samfunn.<\/p>\n","protected":false},"excerpt":{"rendered":"<p style=\"text-align: justify;\">Nettstedet er et viktig og unikt supplement til undervisningen i skolene. Spesielt gjelder dette samfunnsfagene, men ogs\u00e5 i andre fag, slik som musikk og<strong> <\/strong>kunst og h\u00e5ndverk, kan nettsiden benyttes.<em> <\/em><\/p>\n<p style=\"text-align: justify;\">Fra 4. klasse til 7. klasse er et av hovedomr\u00e5dene i samfunnsfag \u00e5 redegj\u00f8re for hvilke nasjonale minoriteter som finnes i Norge, samt \u00e5 beskrive hovedtrekkene ved historien og levek\u00e5rene til minoritetene.<\/p>\n<p style=\"text-align: justify;\"><em>Forslag til aktiviteter i samfunnsfag:<\/em><\/p>\n<ul style=\"text-align: justify;\">\n<li><em><a href=\"\/?page_id=1515\">Kartlegge b\u00e5treisendes aktiviteter i n\u00e6romr\u00e5det<\/a><\/em><\/li>\n<li><em><a href=\"\/?page_id=1517 \">Sirkelmetoden<\/a><\/em><\/li>\n<li><em><a href=\"\/?page_id=1520 \">Rollespill<\/a><\/em><\/li>\n<li><em><a href=\"\/?page_id=1522\">Den b\u00e5tteknologiske utviklingen<\/a><\/em><\/li>\n<\/ul>\n<p style=\"text-align: justify;\"><em>Forslag til aktiviteter i musikk<\/em><em>:<\/em><\/p>\n<ul style=\"text-align: justify;\">\n<li><em><a href=\"\/?page_id=1524 \">Bruk sangene<\/a><\/em><\/li>\n<\/ul>\n<p style=\"text-align: justify;\"><em>Forslag til aktiviteter i kunst og h\u00e5ndverk:<\/em><\/p>\n<ul style=\"text-align: justify;\">\n<li><em><a href=\"\/?page_id=1212\">Lag en n\u00e5lepute<\/a><\/em><\/li>\n<li><em><a href=\"\/?page_id=1592 \">Lag en flaskekost<\/a><\/em><\/li>\n<li><em><a href=\"\/?page_id=1599 \">Lag en visp<\/a><\/em><\/li>\n<\/ul>\n<p style=\"text-align: justify;\">I den videreg\u00e5ende skolen inng\u00e5r temaet b\u00e5de i fagene politikk og demokrati og kultur. Her er m\u00e5lene blant annet at man skal kunne dr\u00f8fte flertallsdemokratiet i forhold til urfolk og minoriteter, samt \u00e5 beskrive hovedtrekkene ved kulturen til noen minoriteter i Norge og dr\u00f8fte utfordringer i flerkulturelle samfunn.<\/p>\n","protected":false},"author":7,"featured_media":0,"parent":39,"menu_order":2,"comment_status":"closed","ping_status":"open","template":"","meta":[],"_links":{"self":[{"href":"http:\/\/batreisende.no\/index.php?rest_route=\/wp\/v2\/pages\/1508"}],"collection":[{"href":"http:\/\/batreisende.no\/index.php?rest_route=\/wp\/v2\/pages"}],"about":[{"href":"http:\/\/batreisende.no\/index.php?rest_route=\/wp\/v2\/types\/page"}],"author":[{"embeddable":true,"href":"http:\/\/batreisende.no\/index.php?rest_route=\/wp\/v2\/users\/7"}],"replies":[{"embeddable":true,"href":"http:\/\/batreisende.no\/index.php?rest_route=%2Fwp%2Fv2%2Fcomments&post=1508"}],"version-history":[{"count":11,"href":"http:\/\/batreisende.no\/index.php?rest_route=\/wp\/v2\/pages\/1508\/revisions"}],"predecessor-version":[{"id":1803,"href":"http:\/\/batreisende.no\/index.php?rest_route=\/wp\/v2\/pages\/1508\/revisions\/1803"}],"up":[{"embeddable":true,"href":"http:\/\/batreisende.no\/index.php?rest_route=\/wp\/v2\/pages\/39"}],"wp:attachment":[{"href":"http:\/\/batreisende.no\/index.php?rest_route=%2Fwp%2Fv2%2Fmedia&parent=1508"}],"curies":[{"name":"wp","href":"https:\/\/api.w.org\/{rel}","templated":true}]}}