{"id":1477,"date":"2010-06-14T12:55:28","date_gmt":"2010-06-14T12:55:28","guid":{"rendered":"http:\/\/haugalandmuseene.no\/dbr\/?page_id=1477"},"modified":"2010-07-10T21:02:45","modified_gmt":"2010-07-10T21:02:45","slug":"m%c3%b8t-menneskene","status":"publish","type":"page","link":"http:\/\/batreisende.no\/?page_id=1477","title":{"rendered":"M\u00f8t menneskene"},"content":{"rendered":"<p>Blant de b\u00e5treisende har det v\u00e6rt mange synlige skikkelser som har markert seg langs kysten p\u00e5 sin reiserute. Det kan ha v\u00e6rt folk med spesielle evner. De har ogs\u00e5 gjerne hatt god omgang med lokalsamfunnet, og vil bli\u00a0husket for sine\u00a0s\u00e6regenheter\u00a0i lang tid. Under\u00a0kan du f\u00e5 lese mer om\u00a0to b\u00e5treisende som har blitt kjent for\u00a0h\u00e5ndverket eller handelsvarene sine:<\/p>\n<p><a href=\"\/?page_id=474\">Nanna Larsen og nannastakene<\/a><\/p>\n<p><a href=\"\/?page_id=1162 \">Blikkenslageren Aksel Larsen<\/a><\/p>\n","protected":false},"excerpt":{"rendered":"<p>Blant de b\u00e5treisende har det v\u00e6rt mange synlige skikkelser som har markert seg langs kysten p\u00e5 sin reiserute. Det kan ha v\u00e6rt folk med spesielle evner. De har ogs\u00e5 gjerne hatt god omgang med lokalsamfunnet, og vil bli\u00a0husket for sine\u00a0s\u00e6regenheter\u00a0i lang tid. Under\u00a0kan du f\u00e5 lese mer om\u00a0to b\u00e5treisende som har blitt kjent for\u00a0h\u00e5ndverket eller handelsvarene sine:<\/p>\n<p><a href=\"\/?page_id=474\">Nanna Larsen og nannastakene<\/a><\/p>\n<p><a href=\"\/?page_id=1162 \">Blikkenslageren Aksel Larsen<\/a><\/p>\n","protected":false},"author":7,"featured_media":0,"parent":34,"menu_order":5,"comment_status":"closed","ping_status":"open","template":"","meta":[],"_links":{"self":[{"href":"http:\/\/batreisende.no\/index.php?rest_route=\/wp\/v2\/pages\/1477"}],"collection":[{"href":"http:\/\/batreisende.no\/index.php?rest_route=\/wp\/v2\/pages"}],"about":[{"href":"http:\/\/batreisende.no\/index.php?rest_route=\/wp\/v2\/types\/page"}],"author":[{"embeddable":true,"href":"http:\/\/batreisende.no\/index.php?rest_route=\/wp\/v2\/users\/7"}],"replies":[{"embeddable":true,"href":"http:\/\/batreisende.no\/index.php?rest_route=%2Fwp%2Fv2%2Fcomments&post=1477"}],"version-history":[{"count":8,"href":"http:\/\/batreisende.no\/index.php?rest_route=\/wp\/v2\/pages\/1477\/revisions"}],"predecessor-version":[{"id":1481,"href":"http:\/\/batreisende.no\/index.php?rest_route=\/wp\/v2\/pages\/1477\/revisions\/1481"}],"up":[{"embeddable":true,"href":"http:\/\/batreisende.no\/index.php?rest_route=\/wp\/v2\/pages\/34"}],"wp:attachment":[{"href":"http:\/\/batreisende.no\/index.php?rest_route=%2Fwp%2Fv2%2Fmedia&parent=1477"}],"curies":[{"name":"wp","href":"https:\/\/api.w.org\/{rel}","templated":true}]}}