{"id":1425,"date":"2010-06-14T09:33:33","date_gmt":"2010-06-14T09:33:33","guid":{"rendered":"http:\/\/haugalandmuseene.no\/dbr\/?page_id=1425"},"modified":"2010-06-14T09:33:33","modified_gmt":"2010-06-14T09:33:33","slug":"smahandel","status":"publish","type":"page","link":"http:\/\/batreisende.no\/?page_id=1425","title":{"rendered":"Sm\u00e5handel"},"content":{"rendered":"<p>Sm\u00e5handel var kanskje en av kvinnenes viktigste oppgaver. Her kunne de selge arbeidene de selv eller mannen hadde laget. Mot slutten av 1900-tallet ble det mer vanlig \u00e5 selge gjenstander kj\u00f8pt inn av grossister i byen. Enten solgte de varene for penger, ellers byttet de til seg mat og annet utstyr de trengte til husholdningen eller til produksjon av nye varer.<\/p>\n<p>Kvinnene gikk fra d\u00f8r til d\u00f8r, eller de hadde boder p\u00e5 markedene.<\/p>\n<p>Eksempler p\u00e5 varer de kunne kj\u00f8pe hos grossister i byene var duker, veggtepper og andre tekstiler, eller n\u00e5ler, knapper, strikkepinner, tr\u00e5dsneller, seler, s\u00e5pe barberblader, kammer, blyanter, penner, brevpapir kj\u00f8kkent\u00f8y, papirblomster og bilder.<\/p>\n<p>Eksempler p\u00e5 varer kvinnene lagde selv var korger og dekorasjonsgjenstander, tekstiler som var vevd, heklet, sydd, brodert eller strikket.<\/p>\n","protected":false},"excerpt":{"rendered":"<p>Sm\u00e5handel var kanskje en av kvinnenes viktigste oppgaver. Her kunne de selge arbeidene de selv eller mannen hadde laget. Mot slutten av 1900-tallet ble det mer vanlig \u00e5 selge gjenstander kj\u00f8pt inn av grossister i byen. Enten solgte de varene for penger, ellers byttet de til seg mat og annet utstyr de trengte til husholdningen eller til produksjon av nye varer.<\/p>\n<p>Kvinnene gikk fra d\u00f8r til d\u00f8r, eller de hadde boder p\u00e5 markedene.<\/p>\n<p>Eksempler p\u00e5 varer de kunne kj\u00f8pe hos grossister i byene var duker, veggtepper og andre tekstiler, eller n\u00e5ler, knapper, strikkepinner, tr\u00e5dsneller, seler, s\u00e5pe barberblader, kammer, blyanter, penner, brevpapir kj\u00f8kkent\u00f8y, papirblomster og bilder.<\/p>\n<p>Eksempler p\u00e5 varer kvinnene lagde selv var korger og dekorasjonsgjenstander, tekstiler som var vevd, heklet, sydd, brodert eller strikket.<\/p>\n","protected":false},"author":7,"featured_media":0,"parent":0,"menu_order":0,"comment_status":"closed","ping_status":"open","template":"","meta":[],"_links":{"self":[{"href":"http:\/\/batreisende.no\/index.php?rest_route=\/wp\/v2\/pages\/1425"}],"collection":[{"href":"http:\/\/batreisende.no\/index.php?rest_route=\/wp\/v2\/pages"}],"about":[{"href":"http:\/\/batreisende.no\/index.php?rest_route=\/wp\/v2\/types\/page"}],"author":[{"embeddable":true,"href":"http:\/\/batreisende.no\/index.php?rest_route=\/wp\/v2\/users\/7"}],"replies":[{"embeddable":true,"href":"http:\/\/batreisende.no\/index.php?rest_route=%2Fwp%2Fv2%2Fcomments&post=1425"}],"version-history":[{"count":2,"href":"http:\/\/batreisende.no\/index.php?rest_route=\/wp\/v2\/pages\/1425\/revisions"}],"predecessor-version":[{"id":1429,"href":"http:\/\/batreisende.no\/index.php?rest_route=\/wp\/v2\/pages\/1425\/revisions\/1429"}],"wp:attachment":[{"href":"http:\/\/batreisende.no\/index.php?rest_route=%2Fwp%2Fv2%2Fmedia&parent=1425"}],"curies":[{"name":"wp","href":"https:\/\/api.w.org\/{rel}","templated":true}]}}