{"id":1420,"date":"2010-06-14T09:26:54","date_gmt":"2010-06-14T09:26:54","guid":{"rendered":"http:\/\/haugalandmuseene.no\/dbr\/?page_id=1420"},"modified":"2010-06-14T09:26:54","modified_gmt":"2010-06-14T09:26:54","slug":"reparasjoner-og-vedlikeholdsarbeid","status":"publish","type":"page","link":"http:\/\/batreisende.no\/?page_id=1420","title":{"rendered":"Reparasjoner og vedlikeholdsarbeid"},"content":{"rendered":"<p>De reisende utf\u00f8rte mange slags reparasjons- og vedlikeholdsarbeid p\u00e5 g\u00e5rdene. Spesielt viktig var fortinning og kjeleflikking.<\/p>\n<p>F\u00f8r b\u00f8tter og kar ble laget av rustfritt st\u00e5l hadde de reisende en sikker inntekstkilde i \u00e5 fortinne gjenstander av kobber. Direkte kontakt mellom matvarer og kobber kunne v\u00e6re direkte helseskadelig. Kobberet m\u00e5tte derfor dekkes av et tynt lag med tinn p\u00e5 innsiden. Tinnlaget ble gradvis slitt ned. Fortinningen m\u00e5tte derfor utf\u00f8res jevnlig.<\/p>\n<p>De reisende kunne ogs\u00e5 lodde utette kjeler, b\u00f8tter og spann, eller klinke p\u00e5 hanker og galvanisere kjeler.<\/p>\n","protected":false},"excerpt":{"rendered":"<p>De reisende utf\u00f8rte mange slags reparasjons- og vedlikeholdsarbeid p\u00e5 g\u00e5rdene. Spesielt viktig var fortinning og kjeleflikking.<\/p>\n<p>F\u00f8r b\u00f8tter og kar ble laget av rustfritt st\u00e5l hadde de reisende en sikker inntekstkilde i \u00e5 fortinne gjenstander av kobber. Direkte kontakt mellom matvarer og kobber kunne v\u00e6re direkte helseskadelig. Kobberet m\u00e5tte derfor dekkes av et tynt lag med tinn p\u00e5 innsiden. Tinnlaget ble gradvis slitt ned. Fortinningen m\u00e5tte derfor utf\u00f8res jevnlig.<\/p>\n<p>De reisende kunne ogs\u00e5 lodde utette kjeler, b\u00f8tter og spann, eller klinke p\u00e5 hanker og galvanisere kjeler.<\/p>\n","protected":false},"author":7,"featured_media":0,"parent":0,"menu_order":0,"comment_status":"closed","ping_status":"open","template":"","meta":[],"_links":{"self":[{"href":"http:\/\/batreisende.no\/index.php?rest_route=\/wp\/v2\/pages\/1420"}],"collection":[{"href":"http:\/\/batreisende.no\/index.php?rest_route=\/wp\/v2\/pages"}],"about":[{"href":"http:\/\/batreisende.no\/index.php?rest_route=\/wp\/v2\/types\/page"}],"author":[{"embeddable":true,"href":"http:\/\/batreisende.no\/index.php?rest_route=\/wp\/v2\/users\/7"}],"replies":[{"embeddable":true,"href":"http:\/\/batreisende.no\/index.php?rest_route=%2Fwp%2Fv2%2Fcomments&post=1420"}],"version-history":[{"count":2,"href":"http:\/\/batreisende.no\/index.php?rest_route=\/wp\/v2\/pages\/1420\/revisions"}],"predecessor-version":[{"id":1422,"href":"http:\/\/batreisende.no\/index.php?rest_route=\/wp\/v2\/pages\/1420\/revisions\/1422"}],"wp:attachment":[{"href":"http:\/\/batreisende.no\/index.php?rest_route=%2Fwp%2Fv2%2Fmedia&parent=1420"}],"curies":[{"name":"wp","href":"https:\/\/api.w.org\/{rel}","templated":true}]}}