{"id":1406,"date":"2010-06-14T08:40:44","date_gmt":"2010-06-14T08:40:44","guid":{"rendered":"http:\/\/haugalandmuseene.no\/dbr\/?page_id=1406"},"modified":"2010-06-14T08:40:44","modified_gmt":"2010-06-14T08:40:44","slug":"urmakere","status":"publish","type":"page","link":"http:\/\/batreisende.no\/?page_id=1406","title":{"rendered":"Urmakere"},"content":{"rendered":"<p>De reisende har mange hundre \u00e5rs erfaring med metallarbeider. Det falt derfor naturlig \u00e5 ogs\u00e5 jobbe med klokker. Handel og bytte av klokker har v\u00e6rt utbredt blant de reisende, men de var ogs\u00e5 flinke til \u00e5 reparere og gravere klokkene. Det var enkelt \u00e5 ta med seg en kiste med reparasjonsutstyr for klokker p\u00e5 reisene. Noen lagde deler til klokkene selv, mens andre gikk i l\u00e6re i byene og etablerte egne forretninger.<\/p>\n","protected":false},"excerpt":{"rendered":"<p>De reisende har mange hundre \u00e5rs erfaring med metallarbeider. Det falt derfor naturlig \u00e5 ogs\u00e5 jobbe med klokker. Handel og bytte av klokker har v\u00e6rt utbredt blant de reisende, men de var ogs\u00e5 flinke til \u00e5 reparere og gravere klokkene. Det var enkelt \u00e5 ta med seg en kiste med reparasjonsutstyr for klokker p\u00e5 reisene. Noen lagde deler til klokkene selv, mens andre gikk i l\u00e6re i byene og etablerte egne forretninger.<\/p>\n","protected":false},"author":7,"featured_media":0,"parent":0,"menu_order":0,"comment_status":"closed","ping_status":"open","template":"","meta":[],"_links":{"self":[{"href":"http:\/\/batreisende.no\/index.php?rest_route=\/wp\/v2\/pages\/1406"}],"collection":[{"href":"http:\/\/batreisende.no\/index.php?rest_route=\/wp\/v2\/pages"}],"about":[{"href":"http:\/\/batreisende.no\/index.php?rest_route=\/wp\/v2\/types\/page"}],"author":[{"embeddable":true,"href":"http:\/\/batreisende.no\/index.php?rest_route=\/wp\/v2\/users\/7"}],"replies":[{"embeddable":true,"href":"http:\/\/batreisende.no\/index.php?rest_route=%2Fwp%2Fv2%2Fcomments&post=1406"}],"version-history":[{"count":2,"href":"http:\/\/batreisende.no\/index.php?rest_route=\/wp\/v2\/pages\/1406\/revisions"}],"predecessor-version":[{"id":1410,"href":"http:\/\/batreisende.no\/index.php?rest_route=\/wp\/v2\/pages\/1406\/revisions\/1410"}],"wp:attachment":[{"href":"http:\/\/batreisende.no\/index.php?rest_route=%2Fwp%2Fv2%2Fmedia&parent=1406"}],"curies":[{"name":"wp","href":"https:\/\/api.w.org\/{rel}","templated":true}]}}