{"id":1391,"date":"2010-06-11T14:16:47","date_gmt":"2010-06-11T14:16:47","guid":{"rendered":"http:\/\/haugalandmuseene.no\/dbr\/?page_id=1391"},"modified":"2010-06-28T10:23:23","modified_gmt":"2010-06-28T10:23:23","slug":"blikkenslagere","status":"publish","type":"page","link":"http:\/\/batreisende.no\/?page_id=1391","title":{"rendered":"Blikkenslagere"},"content":{"rendered":"<p>Blikkenslageryrket er en videref\u00f8ring av annet metallarbeid. Blikkplater var billig i innkj\u00f8p og lette \u00e5 h\u00e5ndtere. Redskapene, blikksaks, treklubbe og loddebolt, var enkle \u00e5 frakte med seg. Blikkvarene tok over for en rekke gamle, tunge og hjemmelagede redskaper i tre. Etter hvert rettet yrket seg mer mot bygningsindustrien. De som reiste i b\u00e5t spesialiserte seg p\u00e5 \u00e5 lage takrenner. Valsen og annet verkt\u00f8y fraktet de med seg i b\u00e5ten.<\/p>\n<p>Eksempler p\u00e5 produkter de kunne lage var:<\/p>\n<p>Br\u00f8d- og kakeformer, br\u00f8dbokser, \u00f8ser, trakter, baljer og b\u00f8tter, trau, melkebunker,\u00a0melkesiler og melkespann, samt feiebrett og parafinkanner, takrenner, ventilasjonsanlegg og ulike beslag.<\/p>\n","protected":false},"excerpt":{"rendered":"<p>Blikkenslageryrket er en videref\u00f8ring av annet metallarbeid. Blikkplater var billig i innkj\u00f8p og lette \u00e5 h\u00e5ndtere. Redskapene, blikksaks, treklubbe og loddebolt, var enkle \u00e5 frakte med seg. Blikkvarene tok over for en rekke gamle, tunge og hjemmelagede redskaper i tre. Etter hvert rettet yrket seg mer mot bygningsindustrien. De som reiste i b\u00e5t spesialiserte seg p\u00e5 \u00e5 lage takrenner. Valsen og annet verkt\u00f8y fraktet de med seg i b\u00e5ten.<\/p>\n<p>Eksempler p\u00e5 produkter de kunne lage var:<\/p>\n<p>Br\u00f8d- og kakeformer, br\u00f8dbokser, \u00f8ser, trakter, baljer og b\u00f8tter, trau, melkebunker,\u00a0melkesiler og melkespann, samt feiebrett og parafinkanner, takrenner, ventilasjonsanlegg og ulike beslag.<\/p>\n","protected":false},"author":7,"featured_media":0,"parent":0,"menu_order":0,"comment_status":"closed","ping_status":"open","template":"","meta":[],"_links":{"self":[{"href":"http:\/\/batreisende.no\/index.php?rest_route=\/wp\/v2\/pages\/1391"}],"collection":[{"href":"http:\/\/batreisende.no\/index.php?rest_route=\/wp\/v2\/pages"}],"about":[{"href":"http:\/\/batreisende.no\/index.php?rest_route=\/wp\/v2\/types\/page"}],"author":[{"embeddable":true,"href":"http:\/\/batreisende.no\/index.php?rest_route=\/wp\/v2\/users\/7"}],"replies":[{"embeddable":true,"href":"http:\/\/batreisende.no\/index.php?rest_route=%2Fwp%2Fv2%2Fcomments&post=1391"}],"version-history":[{"count":3,"href":"http:\/\/batreisende.no\/index.php?rest_route=\/wp\/v2\/pages\/1391\/revisions"}],"predecessor-version":[{"id":1393,"href":"http:\/\/batreisende.no\/index.php?rest_route=\/wp\/v2\/pages\/1391\/revisions\/1393"}],"wp:attachment":[{"href":"http:\/\/batreisende.no\/index.php?rest_route=%2Fwp%2Fv2%2Fmedia&parent=1391"}],"curies":[{"name":"wp","href":"https:\/\/api.w.org\/{rel}","templated":true}]}}