{"id":1388,"date":"2010-06-11T14:04:14","date_gmt":"2010-06-11T14:04:14","guid":{"rendered":"http:\/\/haugalandmuseene.no\/dbr\/?page_id=1388"},"modified":"2010-06-11T14:12:45","modified_gmt":"2010-06-11T14:12:45","slug":"gj%c3%b8rtlere","status":"publish","type":"page","link":"http:\/\/batreisende.no\/?page_id=1388","title":{"rendered":"Gj\u00f8rtlere"},"content":{"rendered":"<p>Gj\u00f8rtlerne st\u00f8pte nytte- og prydgjenstander i metall. Eksempler p\u00e5 ting de st\u00f8pte er knapper, beltespenner, kammer, hekter, kraner og deler av selet\u00f8y og bjeller. Til st\u00f8pingen trenges en smelteskje, former, metall og et ildsted. Det var enkelt \u00e5 frakte med seg utstyret.<\/p>\n","protected":false},"excerpt":{"rendered":"<p>Gj\u00f8rtlerne st\u00f8pte nytte- og prydgjenstander i metall. Eksempler p\u00e5 ting de st\u00f8pte er knapper, beltespenner, kammer, hekter, kraner og deler av selet\u00f8y og bjeller. Til st\u00f8pingen trenges en smelteskje, former, metall og et ildsted. Det var enkelt \u00e5 frakte med seg utstyret.<\/p>\n","protected":false},"author":7,"featured_media":0,"parent":0,"menu_order":0,"comment_status":"closed","ping_status":"open","template":"","meta":[],"_links":{"self":[{"href":"http:\/\/batreisende.no\/index.php?rest_route=\/wp\/v2\/pages\/1388"}],"collection":[{"href":"http:\/\/batreisende.no\/index.php?rest_route=\/wp\/v2\/pages"}],"about":[{"href":"http:\/\/batreisende.no\/index.php?rest_route=\/wp\/v2\/types\/page"}],"author":[{"embeddable":true,"href":"http:\/\/batreisende.no\/index.php?rest_route=\/wp\/v2\/users\/7"}],"replies":[{"embeddable":true,"href":"http:\/\/batreisende.no\/index.php?rest_route=%2Fwp%2Fv2%2Fcomments&post=1388"}],"version-history":[{"count":2,"href":"http:\/\/batreisende.no\/index.php?rest_route=\/wp\/v2\/pages\/1388\/revisions"}],"predecessor-version":[{"id":1390,"href":"http:\/\/batreisende.no\/index.php?rest_route=\/wp\/v2\/pages\/1388\/revisions\/1390"}],"wp:attachment":[{"href":"http:\/\/batreisende.no\/index.php?rest_route=%2Fwp%2Fv2%2Fmedia&parent=1388"}],"curies":[{"name":"wp","href":"https:\/\/api.w.org\/{rel}","templated":true}]}}