{"id":1294,"date":"2010-06-09T11:39:09","date_gmt":"2010-06-09T11:39:09","guid":{"rendered":"http:\/\/haugalandmuseene.no\/dbr\/?page_id=1294"},"modified":"2010-07-10T20:52:17","modified_gmt":"2010-07-10T20:52:17","slug":"informasjonsspredere","status":"publish","type":"page","link":"http:\/\/batreisende.no\/?page_id=1294","title":{"rendered":"Nyhetskanalene"},"content":{"rendered":"<p><a rel=\"attachment wp-att-1296\" href=\"http:\/\/batreisende.no\/?attachment_id=1296\"><\/a><a rel=\"attachment wp-att-1295\" href=\"http:\/\/batreisende.no\/?attachment_id=1295\"><\/a><\/p>\n<p><a rel=\"attachment wp-att-1765\" href=\"http:\/\/batreisende.no\/?attachment_id=1765\"><img loading=\"lazy\" class=\"alignnone size-full wp-image-1765\" title=\"Reisende om bord i b\u00e5t, ca. 1960 Foto: Karmsund folkemuseum\" src=\"\/wp-content\/uploads\/Image00021.jpg\" alt=\"Reisende om bord i b\u00e5t, ca. 1960 Foto: Karmsund folkemuseum\" width=\"233\" height=\"336\" srcset=\"http:\/\/batreisende.no\/wp-content\/uploads\/Image00021.jpg 415w, http:\/\/batreisende.no\/wp-content\/uploads\/Image00021-207x300.jpg 207w\" sizes=\"(max-width: 233px) 100vw, 233px\" \/><\/a>\u00a0<\/p>\n<p style=\"text-align: justify;\">F\u00f8r landsdekkende aviser, tv og radio ble vanlig, fungerte de b\u00e5treisende som viktige nyhetsformidlere. Romanifolket tok med seg nyheter, nye kunnskaper og erfaringer p\u00e5 reisene sine. For folk som bodde langt fra andre, var dette kj\u00e6rkommen informasjon.<\/p>\n<p style=\"text-align: justify;\">Ikke bare fikk de vite om hendelser rundt om i landet, de kunne ogs\u00e5 f\u00e5 tips om l\u00f8sninger andre hadde funnet p\u00e5 vanlige problemer. Det kunne v\u00e6re alt fra tips om hvordan man \u00f8kte kornavlingen til tips om behandling av sykdommer p\u00e5 b\u00e5de mennesker og dyr. Mange reisende var kjente for sine kunnskaper om behandling av syke og skadde dyr. Ogs\u00e5 de musikalske trendene ble b\u00e5de p\u00e5virket og spredd av reisende. De var tidas popul\u00e6rmusikere.<\/p>\n","protected":false},"excerpt":{"rendered":"<p><a rel=\"attachment wp-att-1296\" href=\"http:\/\/batreisende.no\/?attachment_id=1296\"><\/a><a rel=\"attachment wp-att-1295\" href=\"http:\/\/batreisende.no\/?attachment_id=1295\"><\/a><\/p>\n<p><a rel=\"attachment wp-att-1765\" href=\"http:\/\/batreisende.no\/?attachment_id=1765\"><img loading=\"lazy\" class=\"alignnone size-full wp-image-1765\" title=\"Reisende om bord i b\u00e5t, ca. 1960 Foto: Karmsund folkemuseum\" src=\"\/wp-content\/uploads\/Image00021.jpg\" alt=\"Reisende om bord i b\u00e5t, ca. 1960 Foto: Karmsund folkemuseum\" width=\"233\" height=\"336\" srcset=\"http:\/\/batreisende.no\/wp-content\/uploads\/Image00021.jpg 415w, http:\/\/batreisende.no\/wp-content\/uploads\/Image00021-207x300.jpg 207w\" sizes=\"(max-width: 233px) 100vw, 233px\" \/><\/a>\u00a0<\/p>\n<p style=\"text-align: justify;\">F\u00f8r landsdekkende aviser, tv og radio ble vanlig, fungerte de b\u00e5treisende som viktige nyhetsformidlere. Romanifolket tok med seg nyheter, nye kunnskaper og erfaringer p\u00e5 reisene sine. For folk som bodde langt fra andre, var dette kj\u00e6rkommen informasjon.<\/p>\n<p style=\"text-align: justify;\">Ikke bare fikk de vite om hendelser rundt om i landet, de kunne ogs\u00e5 f\u00e5 tips om l\u00f8sninger andre hadde funnet p\u00e5 vanlige problemer. Det kunne v\u00e6re alt fra tips om hvordan man \u00f8kte kornavlingen til tips om behandling av sykdommer p\u00e5 b\u00e5de mennesker og dyr. Mange reisende var kjente for sine kunnskaper om behandling av syke og skadde dyr. Ogs\u00e5 de musikalske trendene ble b\u00e5de p\u00e5virket og spredd av reisende. De var tidas popul\u00e6rmusikere.<\/p>\n","protected":false},"author":7,"featured_media":0,"parent":9,"menu_order":4,"comment_status":"closed","ping_status":"open","template":"","meta":[],"_links":{"self":[{"href":"http:\/\/batreisende.no\/index.php?rest_route=\/wp\/v2\/pages\/1294"}],"collection":[{"href":"http:\/\/batreisende.no\/index.php?rest_route=\/wp\/v2\/pages"}],"about":[{"href":"http:\/\/batreisende.no\/index.php?rest_route=\/wp\/v2\/types\/page"}],"author":[{"embeddable":true,"href":"http:\/\/batreisende.no\/index.php?rest_route=\/wp\/v2\/users\/7"}],"replies":[{"embeddable":true,"href":"http:\/\/batreisende.no\/index.php?rest_route=%2Fwp%2Fv2%2Fcomments&post=1294"}],"version-history":[{"count":27,"href":"http:\/\/batreisende.no\/index.php?rest_route=\/wp\/v2\/pages\/1294\/revisions"}],"predecessor-version":[{"id":1939,"href":"http:\/\/batreisende.no\/index.php?rest_route=\/wp\/v2\/pages\/1294\/revisions\/1939"}],"up":[{"embeddable":true,"href":"http:\/\/batreisende.no\/index.php?rest_route=\/wp\/v2\/pages\/9"}],"wp:attachment":[{"href":"http:\/\/batreisende.no\/index.php?rest_route=%2Fwp%2Fv2%2Fmedia&parent=1294"}],"curies":[{"name":"wp","href":"https:\/\/api.w.org\/{rel}","templated":true}]}}