{"id":1234,"date":"2010-06-09T08:39:58","date_gmt":"2010-06-09T08:39:58","guid":{"rendered":"http:\/\/haugalandmuseene.no\/dbr\/?page_id=1234"},"modified":"2010-07-10T21:01:42","modified_gmt":"2010-07-10T21:01:42","slug":"handverk-i-dag","status":"publish","type":"page","link":"http:\/\/batreisende.no\/?page_id=1234","title":{"rendered":"H\u00e5ndverk i dag"},"content":{"rendered":"<div class=\"mceTemp\">\n<div class=\"mceTemp\">\n<div class=\"mceTemp mceIEcenter\">\n<div class=\"mceTemp\"><a rel=\"attachment wp-att-1246\" href=\"http:\/\/batreisende.no\/?attachment_id=1246\"><\/a><\/div>\n<\/div>\n<\/div>\n<\/div>\n<p style=\"text-align: left;\"><a rel=\"attachment wp-att-1236\" href=\"http:\/\/batreisende.no\/?attachment_id=1236\"><\/a><\/p>\n<p style=\"text-align: left;\"><a rel=\"attachment wp-att-1723\" href=\"http:\/\/batreisende.no\/?attachment_id=1723\"><img loading=\"lazy\" class=\"alignnone size-large wp-image-1723\" title=\"Laging av mini-visp til \u00f8repynt\" src=\"\/wp-content\/uploads\/Image00012-590x236.jpg\" alt=\"Laging av mini-visp til \u00f8repynt\" width=\"413\" height=\"165\" srcset=\"http:\/\/batreisende.no\/wp-content\/uploads\/Image00012-590x236.jpg 590w, http:\/\/batreisende.no\/wp-content\/uploads\/Image00012-250x100.jpg 250w, http:\/\/batreisende.no\/wp-content\/uploads\/Image00012.jpg 800w\" sizes=\"(max-width: 413px) 100vw, 413px\" \/><\/a>\u00a0<\/p>\n<p style=\"text-align: justify;\">H\u00e5ndverket er ogs\u00e5 i dag en viktig del av de reisendes kultur.\u00a0 Mange av h\u00e5ndverkstradisjonene er videref\u00f8rt til yngre generasjoner, men bruksomr\u00e5dene har endret seg med tiden. Tidligere var takrenner etterspurt p\u00e5 g\u00e5rdene.\u00a0I dag har industrifremstilte\u00a0takrenner i plast tatt over markedet. Visper ble f\u00f8r solgt som et kj\u00e6rkomment redskap for kona. I dag lager mange mini-visper som \u00f8repynt eller halskjeder.\u00a0<\/p>\n<p style=\"text-align: justify;\">Det har blitt lettere \u00e5 omsette\u00a0pyntegjenstander, mens bruksgjenstander n\u00e5\u00a0produseres i plast og andre billige\u00a0materialer\u00a0p\u00e5 store fabrikker. Det er alts\u00e5 fremdeles et marked for\u00a0h\u00e5ndverket til de reisende, men\u00a0det som\u00a0blir etterspurt, har gradvis endret seg.<\/p>\n<p style=\"text-align: justify;\">De reisendes stolthet og interesse for sine h\u00e5ndverkstradisjoner har ikke endret seg.<\/p>\n","protected":false},"excerpt":{"rendered":"<div class=\"mceTemp\">\n<div class=\"mceTemp\">\n<div class=\"mceTemp mceIEcenter\">\n<div class=\"mceTemp\"><a rel=\"attachment wp-att-1246\" href=\"http:\/\/batreisende.no\/?attachment_id=1246\"><\/a><\/div>\n<\/div>\n<\/div>\n<\/div>\n<p style=\"text-align: left;\"><a rel=\"attachment wp-att-1236\" href=\"http:\/\/batreisende.no\/?attachment_id=1236\"><\/a><\/p>\n<p style=\"text-align: left;\"><a rel=\"attachment wp-att-1723\" href=\"http:\/\/batreisende.no\/?attachment_id=1723\"><img loading=\"lazy\" class=\"alignnone size-large wp-image-1723\" title=\"Laging av mini-visp til \u00f8repynt\" src=\"\/wp-content\/uploads\/Image00012-590x236.jpg\" alt=\"Laging av mini-visp til \u00f8repynt\" width=\"413\" height=\"165\" srcset=\"http:\/\/batreisende.no\/wp-content\/uploads\/Image00012-590x236.jpg 590w, http:\/\/batreisende.no\/wp-content\/uploads\/Image00012-250x100.jpg 250w, http:\/\/batreisende.no\/wp-content\/uploads\/Image00012.jpg 800w\" sizes=\"(max-width: 413px) 100vw, 413px\" \/><\/a>\u00a0<\/p>\n<p style=\"text-align: justify;\">H\u00e5ndverket er ogs\u00e5 i dag en viktig del av de reisendes kultur.\u00a0 Mange av h\u00e5ndverkstradisjonene er videref\u00f8rt til yngre generasjoner, men bruksomr\u00e5dene har endret seg med tiden. Tidligere var takrenner etterspurt p\u00e5 g\u00e5rdene.\u00a0I dag har industrifremstilte\u00a0takrenner i plast tatt over markedet. Visper ble f\u00f8r solgt som et kj\u00e6rkomment redskap for kona. I dag lager mange mini-visper som \u00f8repynt eller halskjeder.\u00a0<\/p>\n<p style=\"text-align: justify;\">Det har blitt lettere \u00e5 omsette\u00a0pyntegjenstander, mens bruksgjenstander n\u00e5\u00a0produseres i plast og andre billige\u00a0materialer\u00a0p\u00e5 store fabrikker. Det er alts\u00e5 fremdeles et marked for\u00a0h\u00e5ndverket til de reisende, men\u00a0det som\u00a0blir etterspurt, har gradvis endret seg.<\/p>\n<p style=\"text-align: justify;\">De reisendes stolthet og interesse for sine h\u00e5ndverkstradisjoner har ikke endret seg.<\/p>\n","protected":false},"author":7,"featured_media":0,"parent":34,"menu_order":4,"comment_status":"closed","ping_status":"open","template":"","meta":[],"_links":{"self":[{"href":"http:\/\/batreisende.no\/index.php?rest_route=\/wp\/v2\/pages\/1234"}],"collection":[{"href":"http:\/\/batreisende.no\/index.php?rest_route=\/wp\/v2\/pages"}],"about":[{"href":"http:\/\/batreisende.no\/index.php?rest_route=\/wp\/v2\/types\/page"}],"author":[{"embeddable":true,"href":"http:\/\/batreisende.no\/index.php?rest_route=\/wp\/v2\/users\/7"}],"replies":[{"embeddable":true,"href":"http:\/\/batreisende.no\/index.php?rest_route=%2Fwp%2Fv2%2Fcomments&post=1234"}],"version-history":[{"count":45,"href":"http:\/\/batreisende.no\/index.php?rest_route=\/wp\/v2\/pages\/1234\/revisions"}],"predecessor-version":[{"id":1959,"href":"http:\/\/batreisende.no\/index.php?rest_route=\/wp\/v2\/pages\/1234\/revisions\/1959"}],"up":[{"embeddable":true,"href":"http:\/\/batreisende.no\/index.php?rest_route=\/wp\/v2\/pages\/34"}],"wp:attachment":[{"href":"http:\/\/batreisende.no\/index.php?rest_route=%2Fwp%2Fv2%2Fmedia&parent=1234"}],"curies":[{"name":"wp","href":"https:\/\/api.w.org\/{rel}","templated":true}]}}