{"id":1199,"date":"2010-06-08T08:10:08","date_gmt":"2010-06-08T08:10:08","guid":{"rendered":"http:\/\/haugalandmuseene.no\/dbr\/?page_id=1199"},"modified":"2010-07-10T20:57:41","modified_gmt":"2010-07-10T20:57:41","slug":"skole","status":"publish","type":"page","link":"http:\/\/batreisende.no\/?page_id=1199","title":{"rendered":"Skole"},"content":{"rendered":"<p><a href=\"\/wp-content\/uploads\/pa793_9403_372.jpg\"><\/a><\/p>\n<p><a rel=\"attachment wp-att-1717\" href=\"http:\/\/batreisende.no\/?attachment_id=1717\"><img loading=\"lazy\" class=\"alignnone size-large wp-image-1717\" title=\"Skolen p\u00e5 Svanviken i 1920. Foto: Riksarkivet\" src=\"\/wp-content\/uploads\/Image00003-590x472.jpg\" alt=\"Skolen p\u00e5 Svanviken i 1920. Foto: Riksarkivet\" width=\"413\" height=\"330\" srcset=\"http:\/\/batreisende.no\/wp-content\/uploads\/Image00003-590x472.jpg 590w, http:\/\/batreisende.no\/wp-content\/uploads\/Image00003-250x200.jpg 250w, http:\/\/batreisende.no\/wp-content\/uploads\/Image00003.jpg 750w\" sizes=\"(max-width: 413px) 100vw, 413px\" \/><\/a>\u00a0<\/p>\n<p style=\"text-align: justify;\">Mange av de reisende fikk\u00a0 mangelfull og lite sammenhengende skolegang. Familien dro ofte fra vinterboligen sin en m\u00e5ned f\u00f8r skolen sluttet, og kom igjen en m\u00e5ned etter at skolen hadde begynt igjen. For mange\u00a0var stedet der de bodde gjennom vinteren nytt fra \u00e5r til \u00e5r. F\u00f8r 1900 gikk f\u00e5 reisende p\u00e5 skole i det hele tatt.<\/p>\n<p style=\"text-align: justify;\">Myndighetene hevdet tidligere at reisingen gjorde skolegang umulig for romanifolket, og at\u00a0en oppvekst p\u00e5 barnehjem\u00a0dermed ville sikre dem skolegang. De fleste reisende, ogs\u00e5 barnehjemsbarna, har opplevd \u00e5 bli oversett og mobbet av b\u00e5de l\u00e6rere og elever.<\/p>\n<p style=\"text-align: justify;\">I dagens samfunn jobbes det med at skolene skal f\u00e5 bedre innsikt i romanifolkets situasjon. Det arbeides med undervisningsopplegg for\u00a0barn som reiser med foreldrene sine.\u00a0De fleste barn av reisende slekt er i dag bofaste og g\u00e5r p\u00e5 skolen hele \u00e5ret.<\/p>\n","protected":false},"excerpt":{"rendered":"<p><a href=\"\/wp-content\/uploads\/pa793_9403_372.jpg\"><\/a><\/p>\n<p><a rel=\"attachment wp-att-1717\" href=\"http:\/\/batreisende.no\/?attachment_id=1717\"><img loading=\"lazy\" class=\"alignnone size-large wp-image-1717\" title=\"Skolen p\u00e5 Svanviken i 1920. Foto: Riksarkivet\" src=\"\/wp-content\/uploads\/Image00003-590x472.jpg\" alt=\"Skolen p\u00e5 Svanviken i 1920. Foto: Riksarkivet\" width=\"413\" height=\"330\" srcset=\"http:\/\/batreisende.no\/wp-content\/uploads\/Image00003-590x472.jpg 590w, http:\/\/batreisende.no\/wp-content\/uploads\/Image00003-250x200.jpg 250w, http:\/\/batreisende.no\/wp-content\/uploads\/Image00003.jpg 750w\" sizes=\"(max-width: 413px) 100vw, 413px\" \/><\/a>\u00a0<\/p>\n<p style=\"text-align: justify;\">Mange av de reisende fikk\u00a0 mangelfull og lite sammenhengende skolegang. Familien dro ofte fra vinterboligen sin en m\u00e5ned f\u00f8r skolen sluttet, og kom igjen en m\u00e5ned etter at skolen hadde begynt igjen. For mange\u00a0var stedet der de bodde gjennom vinteren nytt fra \u00e5r til \u00e5r. F\u00f8r 1900 gikk f\u00e5 reisende p\u00e5 skole i det hele tatt.<\/p>\n<p style=\"text-align: justify;\">Myndighetene hevdet tidligere at reisingen gjorde skolegang umulig for romanifolket, og at\u00a0en oppvekst p\u00e5 barnehjem\u00a0dermed ville sikre dem skolegang. De fleste reisende, ogs\u00e5 barnehjemsbarna, har opplevd \u00e5 bli oversett og mobbet av b\u00e5de l\u00e6rere og elever.<\/p>\n<p style=\"text-align: justify;\">I dagens samfunn jobbes det med at skolene skal f\u00e5 bedre innsikt i romanifolkets situasjon. Det arbeides med undervisningsopplegg for\u00a0barn som reiser med foreldrene sine.\u00a0De fleste barn av reisende slekt er i dag bofaste og g\u00e5r p\u00e5 skolen hele \u00e5ret.<\/p>\n","protected":false},"author":7,"featured_media":0,"parent":7,"menu_order":0,"comment_status":"closed","ping_status":"open","template":"","meta":[],"_links":{"self":[{"href":"http:\/\/batreisende.no\/index.php?rest_route=\/wp\/v2\/pages\/1199"}],"collection":[{"href":"http:\/\/batreisende.no\/index.php?rest_route=\/wp\/v2\/pages"}],"about":[{"href":"http:\/\/batreisende.no\/index.php?rest_route=\/wp\/v2\/types\/page"}],"author":[{"embeddable":true,"href":"http:\/\/batreisende.no\/index.php?rest_route=\/wp\/v2\/users\/7"}],"replies":[{"embeddable":true,"href":"http:\/\/batreisende.no\/index.php?rest_route=%2Fwp%2Fv2%2Fcomments&post=1199"}],"version-history":[{"count":14,"href":"http:\/\/batreisende.no\/index.php?rest_route=\/wp\/v2\/pages\/1199\/revisions"}],"predecessor-version":[{"id":1949,"href":"http:\/\/batreisende.no\/index.php?rest_route=\/wp\/v2\/pages\/1199\/revisions\/1949"}],"up":[{"embeddable":true,"href":"http:\/\/batreisende.no\/index.php?rest_route=\/wp\/v2\/pages\/7"}],"wp:attachment":[{"href":"http:\/\/batreisende.no\/index.php?rest_route=%2Fwp%2Fv2%2Fmedia&parent=1199"}],"curies":[{"name":"wp","href":"https:\/\/api.w.org\/{rel}","templated":true}]}}