{"id":1092,"date":"2010-04-30T08:03:33","date_gmt":"2010-04-30T08:03:33","guid":{"rendered":"http:\/\/haugalandmuseene.no\/dbr\/?page_id=1092"},"modified":"2010-07-10T20:56:51","modified_gmt":"2010-07-10T20:56:51","slug":"oppvekst-pa-barnehjem","status":"publish","type":"page","link":"http:\/\/batreisende.no\/?page_id=1092","title":{"rendered":"Barnehjem"},"content":{"rendered":"<p style=\"text-align: justify;\"><a rel=\"attachment wp-att-1712\" href=\"http:\/\/batreisende.no\/?attachment_id=1712\"><img loading=\"lazy\" class=\"alignnone size-large wp-image-1712\" title=\"Jacob Walnums barnehjem, ca. 1920. Foto: Riksarkivet\" src=\"\/wp-content\/uploads\/Image00007-590x472.jpg\" alt=\"Jacob Walnums barnehjem, ca. 1920. Foto: Riksarkivet\" width=\"413\" height=\"330\" srcset=\"http:\/\/batreisende.no\/wp-content\/uploads\/Image00007-590x472.jpg 590w, http:\/\/batreisende.no\/wp-content\/uploads\/Image00007-250x200.jpg 250w, http:\/\/batreisende.no\/wp-content\/uploads\/Image00007.jpg 750w\" sizes=\"(max-width: 413px) 100vw, 413px\" \/><\/a><\/p>\n<p style=\"text-align: justify;\">Mange barn ble tatt fra foreldrene sine og plassert i barnehjem eller andre institusjoner. Utrygghet, usikkerhet og savn ble en del av disse barnas oppvekst. Mange barn var s\u00e5 store da de ble tatt, at de sterke minnene fra den vonde dagen sitter igjen for resten av livet. Livet p\u00e5 institusjon var ofte preget av\u00a0strenge regler og sterile omgivelser.<\/p>\n<p style=\"text-align: justify;\">I perioden 1914 til 1950 var gjennomsnittsalderen for barna som ble plassert i barnehjem mellom 2,5 og 3 \u00e5r. Den lave alderen skyldtes \u00f8nsket om \u00e5 ta barna f\u00f8r de fikk smaken p\u00e5 det reisende livet.<\/p>\n<p style=\"text-align: justify;\">Misjonen hadde 6 barnehjem. Disse var Askviknes barnehjem i Os ved Bergen, Lilleg\u00e5rden barnehjem i Eidanger, Rostad barnehjem p\u00e5 Inder\u00f8ya, Eilert Sundts barnehjem i Eidsvold, Jacob Walnums barnehjem i Kopervik og\u00a0S\u00f8rlandets barnehjem p\u00e5 Grepstad.<\/p>\n","protected":false},"excerpt":{"rendered":"<p style=\"text-align: justify;\"><a rel=\"attachment wp-att-1712\" href=\"http:\/\/batreisende.no\/?attachment_id=1712\"><img loading=\"lazy\" class=\"alignnone size-large wp-image-1712\" title=\"Jacob Walnums barnehjem, ca. 1920. Foto: Riksarkivet\" src=\"\/wp-content\/uploads\/Image00007-590x472.jpg\" alt=\"Jacob Walnums barnehjem, ca. 1920. Foto: Riksarkivet\" width=\"413\" height=\"330\" srcset=\"http:\/\/batreisende.no\/wp-content\/uploads\/Image00007-590x472.jpg 590w, http:\/\/batreisende.no\/wp-content\/uploads\/Image00007-250x200.jpg 250w, http:\/\/batreisende.no\/wp-content\/uploads\/Image00007.jpg 750w\" sizes=\"(max-width: 413px) 100vw, 413px\" \/><\/a><\/p>\n<p style=\"text-align: justify;\">Mange barn ble tatt fra foreldrene sine og plassert i barnehjem eller andre institusjoner. Utrygghet, usikkerhet og savn ble en del av disse barnas oppvekst. Mange barn var s\u00e5 store da de ble tatt, at de sterke minnene fra den vonde dagen sitter igjen for resten av livet. Livet p\u00e5 institusjon var ofte preget av\u00a0strenge regler og sterile omgivelser.<\/p>\n<p style=\"text-align: justify;\">I perioden 1914 til 1950 var gjennomsnittsalderen for barna som ble plassert i barnehjem mellom 2,5 og 3 \u00e5r. Den lave alderen skyldtes \u00f8nsket om \u00e5 ta barna f\u00f8r de fikk smaken p\u00e5 det reisende livet.<\/p>\n<p style=\"text-align: justify;\">Misjonen hadde 6 barnehjem. Disse var Askviknes barnehjem i Os ved Bergen, Lilleg\u00e5rden barnehjem i Eidanger, Rostad barnehjem p\u00e5 Inder\u00f8ya, Eilert Sundts barnehjem i Eidsvold, Jacob Walnums barnehjem i Kopervik og\u00a0S\u00f8rlandets barnehjem p\u00e5 Grepstad.<\/p>\n","protected":false},"author":7,"featured_media":0,"parent":7,"menu_order":0,"comment_status":"closed","ping_status":"open","template":"","meta":[],"_links":{"self":[{"href":"http:\/\/batreisende.no\/index.php?rest_route=\/wp\/v2\/pages\/1092"}],"collection":[{"href":"http:\/\/batreisende.no\/index.php?rest_route=\/wp\/v2\/pages"}],"about":[{"href":"http:\/\/batreisende.no\/index.php?rest_route=\/wp\/v2\/types\/page"}],"author":[{"embeddable":true,"href":"http:\/\/batreisende.no\/index.php?rest_route=\/wp\/v2\/users\/7"}],"replies":[{"embeddable":true,"href":"http:\/\/batreisende.no\/index.php?rest_route=%2Fwp%2Fv2%2Fcomments&post=1092"}],"version-history":[{"count":20,"href":"http:\/\/batreisende.no\/index.php?rest_route=\/wp\/v2\/pages\/1092\/revisions"}],"predecessor-version":[{"id":1945,"href":"http:\/\/batreisende.no\/index.php?rest_route=\/wp\/v2\/pages\/1092\/revisions\/1945"}],"up":[{"embeddable":true,"href":"http:\/\/batreisende.no\/index.php?rest_route=\/wp\/v2\/pages\/7"}],"wp:attachment":[{"href":"http:\/\/batreisende.no\/index.php?rest_route=%2Fwp%2Fv2%2Fmedia&parent=1092"}],"curies":[{"name":"wp","href":"https:\/\/api.w.org\/{rel}","templated":true}]}}