{"id":1058,"date":"2010-04-22T11:00:28","date_gmt":"2010-04-22T11:00:28","guid":{"rendered":"http:\/\/haugalandmuseene.no\/dbr\/?page_id=1058"},"modified":"2010-06-25T12:48:19","modified_gmt":"2010-06-25T12:48:19","slug":"fant-karl","status":"publish","type":"page","link":"http:\/\/batreisende.no\/?page_id=1058","title":{"rendered":"Fant-Karl"},"content":{"rendered":"<p><a rel=\"attachment wp-att-1651\" href=\"\/?attachment_id=1651\"><\/a><\/p>\n<p><a rel=\"attachment wp-att-1702\" href=\"\/?attachment_id=1702\"><img loading=\"lazy\" class=\"alignnone size-large wp-image-1702\" title=\"Kristiansund ca. 1875, en av byene fant-Karl var innom. Foto: Universitetsbiblioteket i Bergen\" src=\"\/wp-content\/uploads\/Image00014-590x238.jpg\" alt=\"Kristiansund ca. 1875, en av byene fant-Karl var innom. Foto: Universitetsbiblioteket i Bergen\" width=\"413\" height=\"167\" srcset=\"http:\/\/batreisende.no\/wp-content\/uploads\/Image00014-590x238.jpg 590w, http:\/\/batreisende.no\/wp-content\/uploads\/Image00014-250x100.jpg 250w, http:\/\/batreisende.no\/wp-content\/uploads\/Image00014.jpg 800w\" sizes=\"(max-width: 413px) 100vw, 413px\" \/><\/a><\/p>\n<p style=\"text-align: justify;\">Fant-Karl var av Rosenbergfamilien. Han var en stor spillemann p\u00e5 1850\u2013tallet, med en legendarisk status i sin samtid. Kilder tyder p\u00e5 at han spilte mye vals, halling\u00a0og ny, spennende musikk. Fant-Karl var kanskje mest kjent p\u00e5 indre \u00d8stland, men han har ogs\u00e5 satt dype spor etter seg i Indre Sogn og p\u00e5 Nordvestlandet. Det kan se ut til at han var mye p\u00e5 \u00d8stlandet vinterstid og p\u00e5 Vestlandet om sommeren og h\u00f8sten. Reisef\u00f8lget bestod av mange medlemmer av storfamilien, som tanter, onkler og barn.<\/p>\n<p style=\"text-align: justify;\">Fant-Karl var av romanislekt, men han var ikke b\u00e5treisende. Han kan allikevel\u00a0ha brukt\u00a0b\u00e5t\u00a0n\u00e5r han reiste rundt p\u00e5 Vestlandet med f\u00f8lget sitt. Fant-Karl sin felemusikk skal ha v\u00e6rt klangfull og fengende, og det skal ha v\u00e6rt vanskelig \u00e5 st\u00e5 i ro n\u00e5r han satte i gang.<\/p>\n","protected":false},"excerpt":{"rendered":"<p><a rel=\"attachment wp-att-1651\" href=\"\/?attachment_id=1651\"><\/a><\/p>\n<p><a rel=\"attachment wp-att-1702\" href=\"\/?attachment_id=1702\"><img loading=\"lazy\" class=\"alignnone size-large wp-image-1702\" title=\"Kristiansund ca. 1875, en av byene fant-Karl var innom. Foto: Universitetsbiblioteket i Bergen\" src=\"\/wp-content\/uploads\/Image00014-590x238.jpg\" alt=\"Kristiansund ca. 1875, en av byene fant-Karl var innom. Foto: Universitetsbiblioteket i Bergen\" width=\"413\" height=\"167\" srcset=\"http:\/\/batreisende.no\/wp-content\/uploads\/Image00014-590x238.jpg 590w, http:\/\/batreisende.no\/wp-content\/uploads\/Image00014-250x100.jpg 250w, http:\/\/batreisende.no\/wp-content\/uploads\/Image00014.jpg 800w\" sizes=\"(max-width: 413px) 100vw, 413px\" \/><\/a><\/p>\n<p style=\"text-align: justify;\">Fant-Karl var av Rosenbergfamilien. Han var en stor spillemann p\u00e5 1850\u2013tallet, med en legendarisk status i sin samtid. Kilder tyder p\u00e5 at han spilte mye vals, halling\u00a0og ny, spennende musikk. Fant-Karl var kanskje mest kjent p\u00e5 indre \u00d8stland, men han har ogs\u00e5 satt dype spor etter seg i Indre Sogn og p\u00e5 Nordvestlandet. Det kan se ut til at han var mye p\u00e5 \u00d8stlandet vinterstid og p\u00e5 Vestlandet om sommeren og h\u00f8sten. Reisef\u00f8lget bestod av mange medlemmer av storfamilien, som tanter, onkler og barn.<\/p>\n<p style=\"text-align: justify;\">Fant-Karl var av romanislekt, men han var ikke b\u00e5treisende. Han kan allikevel\u00a0ha brukt\u00a0b\u00e5t\u00a0n\u00e5r han reiste rundt p\u00e5 Vestlandet med f\u00f8lget sitt. Fant-Karl sin felemusikk skal ha v\u00e6rt klangfull og fengende, og det skal ha v\u00e6rt vanskelig \u00e5 st\u00e5 i ro n\u00e5r han satte i gang.<\/p>\n","protected":false},"author":7,"featured_media":0,"parent":0,"menu_order":0,"comment_status":"closed","ping_status":"open","template":"","meta":[],"_links":{"self":[{"href":"http:\/\/batreisende.no\/index.php?rest_route=\/wp\/v2\/pages\/1058"}],"collection":[{"href":"http:\/\/batreisende.no\/index.php?rest_route=\/wp\/v2\/pages"}],"about":[{"href":"http:\/\/batreisende.no\/index.php?rest_route=\/wp\/v2\/types\/page"}],"author":[{"embeddable":true,"href":"http:\/\/batreisende.no\/index.php?rest_route=\/wp\/v2\/users\/7"}],"replies":[{"embeddable":true,"href":"http:\/\/batreisende.no\/index.php?rest_route=%2Fwp%2Fv2%2Fcomments&post=1058"}],"version-history":[{"count":14,"href":"http:\/\/batreisende.no\/index.php?rest_route=\/wp\/v2\/pages\/1058\/revisions"}],"predecessor-version":[{"id":1704,"href":"http:\/\/batreisende.no\/index.php?rest_route=\/wp\/v2\/pages\/1058\/revisions\/1704"}],"wp:attachment":[{"href":"http:\/\/batreisende.no\/index.php?rest_route=%2Fwp%2Fv2%2Fmedia&parent=1058"}],"curies":[{"name":"wp","href":"https:\/\/api.w.org\/{rel}","templated":true}]}}