{"id":1011,"date":"2010-04-19T10:34:04","date_gmt":"2010-04-19T10:34:04","guid":{"rendered":"http:\/\/haugalandmuseene.no\/dbr\/?page_id=1011"},"modified":"2010-07-09T07:49:46","modified_gmt":"2010-07-09T07:49:46","slug":"str%c3%b8msingen-petter-christian-rasmussen","status":"publish","type":"page","link":"http:\/\/batreisende.no\/?page_id=1011","title":{"rendered":"Str\u00f8msingen &#8211; Petter Christian Rasmussen"},"content":{"rendered":"<p><a rel=\"attachment wp-att-1699\" href=\"http:\/\/batreisende.no\/?attachment_id=1699\"><img loading=\"lazy\" class=\"alignnone size-large wp-image-1699\" title=\"Str\u00f8msingfela\" src=\"\/wp-content\/uploads\/Image00011-590x472.jpg\" alt=\"Str\u00f8msingfela\" width=\"413\" height=\"330\" srcset=\"http:\/\/batreisende.no\/wp-content\/uploads\/Image00011-590x472.jpg 590w, http:\/\/batreisende.no\/wp-content\/uploads\/Image00011-250x200.jpg 250w, http:\/\/batreisende.no\/wp-content\/uploads\/Image00011.jpg 750w\" sizes=\"(max-width: 413px) 100vw, 413px\" \/><\/a>\u00a0<\/p>\n<p><a rel=\"attachment wp-att-1648\" href=\"http:\/\/batreisende.no\/?attachment_id=1648\"><\/a><\/p>\n<p style=\"text-align: justify;\">En kjent spillemann av reisende slekt var Petter Christian Rasmussen. Han ble f\u00f8dt i Skjold, p\u00e5 g\u00e5rden Gaup\u00e5s i 1759. G\u00e5rden l\u00e5 n\u00e6r Skjoldastraumen, noe som ga ham kallenavnet <em>Str\u00f8msingen<\/em>. Da Petter var i\u00a0fem-seks \u00e5rs alderen flyttet familien til Sirdal.<\/p>\n<p style=\"text-align: justify;\">Petter l\u00e6rte seg gj\u00f8rtler- eller kobberfaget av faren, og fulgte han p\u00e5 hans reiser. Da Petter var vel 15 \u00e5r reiste de forbi J\u00e6ren. Der kj\u00f8pte Petter en fiolin som senere har blitt kjent som den vidgjetne Str\u00f8msingfela<strong>,<\/strong> og er i dag et klenodium i norsk folkemusikk. Petter regnes som den st\u00f8rste musikeren romanifolket har fostret gjennom tidene.<\/p>\n<p style=\"text-align: justify;\">Hvor Petter l\u00e6rte \u00e5 spille er usikkert, men han m\u00e5 ha v\u00e6rt en sv\u00e6rt god spillemann etter den tids m\u00e5lestokk. Han skal v\u00e6re opphavsmann til flere kjente sl\u00e5tter.<\/p>\n<p style=\"text-align: justify;\">Et sagn sier at fela spilte av seg selv. Et annet sagn sier at han stadig m\u00e5tte pantsette fela, og at han leverte inn ei eller to kyr for \u00e5 f\u00e5 den igjen. <em>Str\u00f8msingen<\/em>, eller s\u00f8nnen hans, som ogs\u00e5 het Petter, regnes av mange som identisk med den kjente folkevisefiguren Per Spelmann.<\/p>\n<p style=\"text-align: justify;\">I slutten av ten\u00e5rene giftet Petter seg med Gunhild Torsdatter. De bosatte seg i Sirdal, men fortsatte med en reisende livsstil. For \u00e5 f\u00e5 lov til \u00e5 reise m\u00e5tte Petter og Gunhild ha attest fra kirken. Attestene viser en reiserute som strekker seg fra Moland ved Arendal i \u00f8st, via Vest-Agder og Rogaland, og opp til Samnanger i n\u00e6rheten av Bergen i vest. De var s\u00e5 langt nord\u00a0som til\u00a0Leikanger i Sogn og Fjordane.\u00a0Et av barna deres er d\u00f8pt der.<\/p>\n<p style=\"text-align: justify;\">I en alder av 77 \u00e5r d\u00f8de Petter Str\u00f8msing i Sirdal. Petter og Gunhild etterlot seg mange barn.<\/p>\n","protected":false},"excerpt":{"rendered":"<p><a rel=\"attachment wp-att-1699\" href=\"http:\/\/batreisende.no\/?attachment_id=1699\"><img loading=\"lazy\" class=\"alignnone size-large wp-image-1699\" title=\"Str\u00f8msingfela\" src=\"\/wp-content\/uploads\/Image00011-590x472.jpg\" alt=\"Str\u00f8msingfela\" width=\"413\" height=\"330\" srcset=\"http:\/\/batreisende.no\/wp-content\/uploads\/Image00011-590x472.jpg 590w, http:\/\/batreisende.no\/wp-content\/uploads\/Image00011-250x200.jpg 250w, http:\/\/batreisende.no\/wp-content\/uploads\/Image00011.jpg 750w\" sizes=\"(max-width: 413px) 100vw, 413px\" \/><\/a>\u00a0<\/p>\n<p><a rel=\"attachment wp-att-1648\" href=\"http:\/\/batreisende.no\/?attachment_id=1648\"><\/a><\/p>\n<p style=\"text-align: justify;\">En kjent spillemann av reisende slekt var Petter Christian Rasmussen. Han ble f\u00f8dt i Skjold, p\u00e5 g\u00e5rden Gaup\u00e5s i 1759. G\u00e5rden l\u00e5 n\u00e6r Skjoldastraumen, noe som ga ham kallenavnet <em>Str\u00f8msingen<\/em>. Da Petter var i\u00a0fem-seks \u00e5rs alderen flyttet familien til Sirdal.<\/p>\n<p style=\"text-align: justify;\">Petter l\u00e6rte seg gj\u00f8rtler- eller kobberfaget av faren, og fulgte han p\u00e5 hans reiser. Da Petter var vel 15 \u00e5r reiste de forbi J\u00e6ren. Der kj\u00f8pte Petter en fiolin som senere har blitt kjent som den vidgjetne Str\u00f8msingfela<strong>,<\/strong> og er i dag et klenodium i norsk folkemusikk. Petter regnes som den st\u00f8rste musikeren romanifolket har fostret gjennom tidene.<\/p>\n<p style=\"text-align: justify;\">Hvor Petter l\u00e6rte \u00e5 spille er usikkert, men han m\u00e5 ha v\u00e6rt en sv\u00e6rt god spillemann etter den tids m\u00e5lestokk. Han skal v\u00e6re opphavsmann til flere kjente sl\u00e5tter.<\/p>\n<p style=\"text-align: justify;\">Et sagn sier at fela spilte av seg selv. Et annet sagn sier at han stadig m\u00e5tte pantsette fela, og at han leverte inn ei eller to kyr for \u00e5 f\u00e5 den igjen. <em>Str\u00f8msingen<\/em>, eller s\u00f8nnen hans, som ogs\u00e5 het Petter, regnes av mange som identisk med den kjente folkevisefiguren Per Spelmann.<\/p>\n<p style=\"text-align: justify;\">I slutten av ten\u00e5rene giftet Petter seg med Gunhild Torsdatter. De bosatte seg i Sirdal, men fortsatte med en reisende livsstil. For \u00e5 f\u00e5 lov til \u00e5 reise m\u00e5tte Petter og Gunhild ha attest fra kirken. Attestene viser en reiserute som strekker seg fra Moland ved Arendal i \u00f8st, via Vest-Agder og Rogaland, og opp til Samnanger i n\u00e6rheten av Bergen i vest. De var s\u00e5 langt nord\u00a0som til\u00a0Leikanger i Sogn og Fjordane.\u00a0Et av barna deres er d\u00f8pt der.<\/p>\n<p style=\"text-align: justify;\">I en alder av 77 \u00e5r d\u00f8de Petter Str\u00f8msing i Sirdal. Petter og Gunhild etterlot seg mange barn.<\/p>\n","protected":false},"author":7,"featured_media":0,"parent":0,"menu_order":0,"comment_status":"closed","ping_status":"open","template":"","meta":[],"_links":{"self":[{"href":"http:\/\/batreisende.no\/index.php?rest_route=\/wp\/v2\/pages\/1011"}],"collection":[{"href":"http:\/\/batreisende.no\/index.php?rest_route=\/wp\/v2\/pages"}],"about":[{"href":"http:\/\/batreisende.no\/index.php?rest_route=\/wp\/v2\/types\/page"}],"author":[{"embeddable":true,"href":"http:\/\/batreisende.no\/index.php?rest_route=\/wp\/v2\/users\/7"}],"replies":[{"embeddable":true,"href":"http:\/\/batreisende.no\/index.php?rest_route=%2Fwp%2Fv2%2Fcomments&post=1011"}],"version-history":[{"count":19,"href":"http:\/\/batreisende.no\/index.php?rest_route=\/wp\/v2\/pages\/1011\/revisions"}],"predecessor-version":[{"id":1930,"href":"http:\/\/batreisende.no\/index.php?rest_route=\/wp\/v2\/pages\/1011\/revisions\/1930"}],"wp:attachment":[{"href":"http:\/\/batreisende.no\/index.php?rest_route=%2Fwp%2Fv2%2Fmedia&parent=1011"}],"curies":[{"name":"wp","href":"https:\/\/api.w.org\/{rel}","templated":true}]}}